{"id":20027,"date":"2026-01-02T16:58:08","date_gmt":"2026-01-02T15:58:08","guid":{"rendered":"https:\/\/www.livresentre2actions.fr\/?post_type=product&#038;p=20027"},"modified":"2026-04-02T17:12:41","modified_gmt":"2026-04-02T15:12:41","slug":"sur-la-vie-essais-trois-volumes-andre-suares","status":"publish","type":"product","link":"https:\/\/www.livresentre2actions.fr\/fr_fr\/produit\/sur-la-vie-essais-trois-volumes-andre-suares\/","title":{"rendered":"Sur la vie, Essais. Trois volumes &#8211; Andr\u00e9 Suar\u00e8s"},"content":{"rendered":"<p>\u00c9ditions \u00c9mile Paul fr\u00e8res &#8211; Simili-demi-chagrin vert \u00e0 coins, dos long orn\u00e9 des titres et auteur, 180 x 116, Nouvelle \u00e9dition. T1, 416p. Avec table. 1925. T2, 350p. Avec table. 1925. T3, 369p. Hors table, 1928. Int\u00e9rieur insol\u00e9 mais propre et int\u00e8gre. Reliures en tr\u00e8s bel \u00e9tat.<\/p>\n","protected":false},"excerpt":{"rendered":"<p>\u00c9ditions \u00c9mile Paul fr\u00e8res &#8211; Simili-demi-chagrin vert \u00e0 coins, dos long orn\u00e9 des titres et auteur, 180 x 116, Nouvelle \u00e9dition. T1, 416p. Avec table. 1925. T2, 350p. Avec table. 1925. T3, 369p. Hors table, 1928. Int\u00e9rieur insol\u00e9 mais propre et int\u00e8gre. Reliures en tr\u00e8s bel \u00e9tat.<\/p>\n","protected":false},"featured_media":20028,"template":"","meta":{"_eb_attr":""},"product_brand":[],"product_cat":[37,76],"product_tag":[],"class_list":{"0":"post-20027","1":"product","2":"type-product","3":"status-publish","4":"has-post-thumbnail","6":"product_cat-a-partir-du-xxeme-siecle","7":"product_cat-poesie-theatre-prose","8":"sales-flash-overlay","9":"woocommerce-text-align-center","10":"woocommerce-image-align-center","11":"wc-has-gallery","13":"first","14":"instock","15":"taxable","16":"shipping-taxable","17":"purchasable","18":"product-type-simple"},"aioseo_notices":[],"_links":{"self":[{"href":"https:\/\/www.livresentre2actions.fr\/fr_fr\/wp-json\/wp\/v2\/product\/20027","targetHints":{"allow":["GET"]}}],"collection":[{"href":"https:\/\/www.livresentre2actions.fr\/fr_fr\/wp-json\/wp\/v2\/product"}],"about":[{"href":"https:\/\/www.livresentre2actions.fr\/fr_fr\/wp-json\/wp\/v2\/types\/product"}],"wp:featuredmedia":[{"embeddable":true,"href":"https:\/\/www.livresentre2actions.fr\/fr_fr\/wp-json\/wp\/v2\/media\/20028"}],"wp:attachment":[{"href":"https:\/\/www.livresentre2actions.fr\/fr_fr\/wp-json\/wp\/v2\/media?parent=20027"}],"wp:term":[{"taxonomy":"product_brand","embeddable":true,"href":"https:\/\/www.livresentre2actions.fr\/fr_fr\/wp-json\/wp\/v2\/product_brand?post=20027"},{"taxonomy":"product_cat","embeddable":true,"href":"https:\/\/www.livresentre2actions.fr\/fr_fr\/wp-json\/wp\/v2\/product_cat?post=20027"},{"taxonomy":"product_tag","embeddable":true,"href":"https:\/\/www.livresentre2actions.fr\/fr_fr\/wp-json\/wp\/v2\/product_tag?post=20027"}],"curies":[{"name":"wp","href":"https:\/\/api.w.org\/{rel}","templated":true}]}}