{"id":20020,"date":"2026-01-02T16:55:31","date_gmt":"2026-01-02T15:55:31","guid":{"rendered":"https:\/\/www.livresentre2actions.fr\/?post_type=product&#038;p=20020"},"modified":"2026-04-02T17:12:51","modified_gmt":"2026-04-02T15:12:51","slug":"la-serbie-glorieuse-revue-lart-et-les-artistes","status":"publish","type":"product","link":"https:\/\/www.livresentre2actions.fr\/fr_fr\/produit\/la-serbie-glorieuse-revue-lart-et-les-artistes\/","title":{"rendered":"La Serbie Glorieuse, Revue L&rsquo;art et les artistes"},"content":{"rendered":"<p>Broch\u00e9, 306 x 212, 68p. Avec table. 1917. Int\u00e9rieur propre avec rousseurs marginales, plus abondantes en d\u00e9but et fin de volume. Nombreuses illustrations (reproductions photogr. et dessins). Couvertures et dos l\u00e9g\u00e8rement insol\u00e9s, avec une petite d\u00e9chirure sans manque en pied de dos. Bon exemplaire bien ferme.<\/p>\n","protected":false},"excerpt":{"rendered":"<p>Broch\u00e9, 306 x 212, 68p. Avec table. 1917. Int\u00e9rieur propre avec rousseurs marginales, plus abondantes en d\u00e9but et fin de volume. Nombreuses illustrations (reproductions photogr. et dessins). Couvertures et dos l\u00e9g\u00e8rement insol\u00e9s, avec une petite d\u00e9chirure sans manque en pied de dos. Bon exemplaire bien ferme.<\/p>\n","protected":false},"featured_media":20021,"template":"","meta":{"_eb_attr":""},"product_brand":[],"product_cat":[37,75,74,71,73,99],"product_tag":[],"class_list":{"0":"post-20020","1":"product","2":"type-product","3":"status-publish","4":"has-post-thumbnail","6":"product_cat-a-partir-du-xxeme-siecle","7":"product_cat-art","8":"product_cat-collections","9":"product_cat-illustres-modernes-editions-originales-signees-numerotees","10":"product_cat-histoires-et-recits-de-voyage","11":"product_cat-revues","12":"sales-flash-overlay","13":"woocommerce-text-align-center","14":"woocommerce-image-align-center","15":"wc-has-gallery","17":"first","18":"instock","19":"taxable","20":"shipping-taxable","21":"purchasable","22":"product-type-simple"},"aioseo_notices":[],"_links":{"self":[{"href":"https:\/\/www.livresentre2actions.fr\/fr_fr\/wp-json\/wp\/v2\/product\/20020","targetHints":{"allow":["GET"]}}],"collection":[{"href":"https:\/\/www.livresentre2actions.fr\/fr_fr\/wp-json\/wp\/v2\/product"}],"about":[{"href":"https:\/\/www.livresentre2actions.fr\/fr_fr\/wp-json\/wp\/v2\/types\/product"}],"wp:featuredmedia":[{"embeddable":true,"href":"https:\/\/www.livresentre2actions.fr\/fr_fr\/wp-json\/wp\/v2\/media\/20021"}],"wp:attachment":[{"href":"https:\/\/www.livresentre2actions.fr\/fr_fr\/wp-json\/wp\/v2\/media?parent=20020"}],"wp:term":[{"taxonomy":"product_brand","embeddable":true,"href":"https:\/\/www.livresentre2actions.fr\/fr_fr\/wp-json\/wp\/v2\/product_brand?post=20020"},{"taxonomy":"product_cat","embeddable":true,"href":"https:\/\/www.livresentre2actions.fr\/fr_fr\/wp-json\/wp\/v2\/product_cat?post=20020"},{"taxonomy":"product_tag","embeddable":true,"href":"https:\/\/www.livresentre2actions.fr\/fr_fr\/wp-json\/wp\/v2\/product_tag?post=20020"}],"curies":[{"name":"wp","href":"https:\/\/api.w.org\/{rel}","templated":true}]}}