{"id":19913,"date":"2026-01-30T17:01:44","date_gmt":"2026-01-30T16:01:44","guid":{"rendered":"https:\/\/www.livresentre2actions.fr\/?post_type=product&#038;p=19913"},"modified":"2026-03-31T17:02:14","modified_gmt":"2026-03-31T15:02:14","slug":"les-nuits-de-sainte-marie-magdelaine-penitente","status":"publish","type":"product","link":"https:\/\/www.livresentre2actions.fr\/fr_fr\/produit\/les-nuits-de-sainte-marie-magdelaine-penitente\/","title":{"rendered":"Les nuits de Sainte Marie-Magdelaine, p\u00e9nitente"},"content":{"rendered":"<p>Monsieur l\u2019auteur des Veilles de Saint-Augustin [Abb\u00e9 Henri Gazzera] &#8211; Chez Samson<\/p>\n<p>Plein veau marbr\u00e9, \u00e0 dos long orn\u00e9 de frises et motifs, d\u2019une pi\u00e8ce de titre noire, plats \u00e0 encadrements de frises, tranches marbr\u00e9es, 172 x 105, 183p. Hors table. 1807. Ouvrage traduit de l&rsquo;italien. \u00c9dition originale en fran\u00e7ais, sans doute traduite par l\u2019auteur comme Les Veilles de Saint-Augustin, autre ouvrage de l\u2019auteur. Grande raret\u00e9 de cet ouvrage, non r\u00e9pertori\u00e9 par le Ccfr. Int\u00e9rieur propre rousseurs en marge.. Coins et champs frott\u00e9s coins \u00e9mouss\u00e9s. Plats frott\u00e9s avec \u00e9pidermures et griffes, un manque en t\u00eate de plat inf\u00e9rieur. Dos frott\u00e9, coiffe et queue manquante, t\u00eate de dos avec manque ; mors fendus en t\u00eate et pied. <span style=\"font-size: inherit;\">Ouvrage traduit de l&rsquo;italien.<\/span><\/p>\n<p><span style=\"font-size: inherit;\"> Pi\u00e9montais, Enrico Gazzera (1772-1838) fut professeur de Th\u00e9ologie dogmatique et de Morale au S\u00e9minaire de Velletri, et inventeur du \u00ab\u00a0Cosmorama\u00a0\u00bb (panorama mobile).<\/span><\/p>\n","protected":false},"excerpt":{"rendered":"<p>Monsieur l\u2019auteur des Veilles de Saint-Augustin [Abb\u00e9 Henri Gazzera] &#8211; Chez Samson Plein veau marbr\u00e9, \u00e0 dos long orn\u00e9 de frises et motifs, d\u2019une pi\u00e8ce de titre noire, plats \u00e0 encadrements de frises, tranches marbr\u00e9es, 172 x 105, 183p. Hors table. 1807. Ouvrage traduit de l&rsquo;italien. \u00c9dition originale en fran\u00e7ais, sans doute traduite par l\u2019auteur &#8230; <a title=\"Les nuits de Sainte Marie-Magdelaine, p\u00e9nitente\" class=\"read-more\" href=\"https:\/\/www.livresentre2actions.fr\/fr_fr\/produit\/les-nuits-de-sainte-marie-magdelaine-penitente\/\" aria-label=\"En savoir plus sur Les nuits de Sainte Marie-Magdelaine, p\u00e9nitente\">Lire plus<\/a><\/p>\n","protected":false},"featured_media":19914,"template":"","meta":{"_eb_attr":""},"product_brand":[],"product_cat":[36,68],"product_tag":[],"class_list":{"0":"post-19913","1":"product","2":"type-product","3":"status-publish","4":"has-post-thumbnail","6":"product_cat-entre-le-xviiieme-et-le-xixeme-siecle","7":"product_cat-religion-spiritualite","8":"sales-flash-overlay","9":"woocommerce-text-align-center","10":"woocommerce-image-align-center","11":"wc-has-gallery","13":"first","14":"instock","15":"taxable","16":"shipping-taxable","17":"purchasable","18":"product-type-simple"},"aioseo_notices":[],"_links":{"self":[{"href":"https:\/\/www.livresentre2actions.fr\/fr_fr\/wp-json\/wp\/v2\/product\/19913","targetHints":{"allow":["GET"]}}],"collection":[{"href":"https:\/\/www.livresentre2actions.fr\/fr_fr\/wp-json\/wp\/v2\/product"}],"about":[{"href":"https:\/\/www.livresentre2actions.fr\/fr_fr\/wp-json\/wp\/v2\/types\/product"}],"wp:featuredmedia":[{"embeddable":true,"href":"https:\/\/www.livresentre2actions.fr\/fr_fr\/wp-json\/wp\/v2\/media\/19914"}],"wp:attachment":[{"href":"https:\/\/www.livresentre2actions.fr\/fr_fr\/wp-json\/wp\/v2\/media?parent=19913"}],"wp:term":[{"taxonomy":"product_brand","embeddable":true,"href":"https:\/\/www.livresentre2actions.fr\/fr_fr\/wp-json\/wp\/v2\/product_brand?post=19913"},{"taxonomy":"product_cat","embeddable":true,"href":"https:\/\/www.livresentre2actions.fr\/fr_fr\/wp-json\/wp\/v2\/product_cat?post=19913"},{"taxonomy":"product_tag","embeddable":true,"href":"https:\/\/www.livresentre2actions.fr\/fr_fr\/wp-json\/wp\/v2\/product_tag?post=19913"}],"curies":[{"name":"wp","href":"https:\/\/api.w.org\/{rel}","templated":true}]}}