{"id":19840,"date":"2026-01-30T16:31:36","date_gmt":"2026-01-30T15:31:36","guid":{"rendered":"https:\/\/www.livresentre2actions.fr\/?post_type=product&#038;p=19840"},"modified":"2026-03-31T16:32:50","modified_gmt":"2026-03-31T14:32:50","slug":"jean-baptiste-andre-godin-2","status":"publish","type":"product","link":"https:\/\/www.livresentre2actions.fr\/fr_fr\/produit\/jean-baptiste-andre-godin-2\/","title":{"rendered":"Jean-Baptiste Andr\u00e9 Godin"},"content":{"rendered":"<p>Editions A.A.M.\u00a0 &#8211; Broch\u00e9 couverture rempli\u00e9e 210 x 190, 311 p.1980. En langues fran\u00e7aise et anglaise. Deuxi\u00e8me \u00e9dition revue et augment\u00e9e. Illustrations N&amp;B, photos, reproductions de publicit\u00e9s d&rsquo;\u00e9poque en couleurs. Exemplaire, propre et int\u00e8gre, recouvert avec soin, sans adh\u00e9sif.<\/p>\n","protected":false},"excerpt":{"rendered":"<p>Editions A.A.M.\u00a0 &#8211; Broch\u00e9 couverture rempli\u00e9e 210 x 190, 311 p.1980. En langues fran\u00e7aise et anglaise. Deuxi\u00e8me \u00e9dition revue et augment\u00e9e. Illustrations N&amp;B, photos, reproductions de publicit\u00e9s d&rsquo;\u00e9poque en couleurs. Exemplaire, propre et int\u00e8gre, recouvert avec soin, sans adh\u00e9sif.<\/p>\n","protected":false},"featured_media":19841,"template":"","meta":{"_eb_attr":""},"product_brand":[],"product_cat":[37,71,81,82],"product_tag":[86],"class_list":{"0":"post-19840","1":"product","2":"type-product","3":"status-publish","4":"has-post-thumbnail","6":"product_cat-a-partir-du-xxeme-siecle","7":"product_cat-illustres-modernes-editions-originales-signees-numerotees","8":"product_cat-hauts-de-france","9":"product_cat-philosophie","10":"product_tag-illustre","11":"sales-flash-overlay","12":"woocommerce-text-align-center","13":"woocommerce-image-align-center","14":"wc-has-gallery","16":"first","17":"instock","18":"taxable","19":"shipping-taxable","20":"purchasable","21":"product-type-simple"},"aioseo_notices":[],"_links":{"self":[{"href":"https:\/\/www.livresentre2actions.fr\/fr_fr\/wp-json\/wp\/v2\/product\/19840","targetHints":{"allow":["GET"]}}],"collection":[{"href":"https:\/\/www.livresentre2actions.fr\/fr_fr\/wp-json\/wp\/v2\/product"}],"about":[{"href":"https:\/\/www.livresentre2actions.fr\/fr_fr\/wp-json\/wp\/v2\/types\/product"}],"wp:featuredmedia":[{"embeddable":true,"href":"https:\/\/www.livresentre2actions.fr\/fr_fr\/wp-json\/wp\/v2\/media\/19841"}],"wp:attachment":[{"href":"https:\/\/www.livresentre2actions.fr\/fr_fr\/wp-json\/wp\/v2\/media?parent=19840"}],"wp:term":[{"taxonomy":"product_brand","embeddable":true,"href":"https:\/\/www.livresentre2actions.fr\/fr_fr\/wp-json\/wp\/v2\/product_brand?post=19840"},{"taxonomy":"product_cat","embeddable":true,"href":"https:\/\/www.livresentre2actions.fr\/fr_fr\/wp-json\/wp\/v2\/product_cat?post=19840"},{"taxonomy":"product_tag","embeddable":true,"href":"https:\/\/www.livresentre2actions.fr\/fr_fr\/wp-json\/wp\/v2\/product_tag?post=19840"}],"curies":[{"name":"wp","href":"https:\/\/api.w.org\/{rel}","templated":true}]}}