{"id":19834,"date":"2026-01-30T16:26:21","date_gmt":"2026-01-30T15:26:21","guid":{"rendered":"https:\/\/www.livresentre2actions.fr\/?post_type=product&#038;p=19834"},"modified":"2026-03-31T16:33:11","modified_gmt":"2026-03-31T14:33:11","slug":"une-visite-a-la-ferme-de-la-bretonne-septembre-1879","status":"publish","type":"product","link":"https:\/\/www.livresentre2actions.fr\/fr_fr\/produit\/une-visite-a-la-ferme-de-la-bretonne-septembre-1879\/","title":{"rendered":"Une visite \u00e0 la ferme de La Bretonne (septembre 1879)"},"content":{"rendered":"<p>L. de Bordes de Fortage &#8211; Imprimerie G. Gounouilhou<\/p>\n<p>Broch\u00e9, 234 x 185, 16p. 1905. \u00c9dition originale tir\u00e9e \u00e0 51 exemplaires, un des 50 sur papier \u00e0 bras, le n\u00f4tre 51\u00a0; apr\u00e8s l\u2019unique exemplaire sur papier Whatman. Int\u00e9rieur propre. Des rousseurs en couverture. Exemplaire bien ferme, recouvert sans adh\u00e9sif.<\/p>\n","protected":false},"excerpt":{"rendered":"<p>L. de Bordes de Fortage &#8211; Imprimerie G. Gounouilhou Broch\u00e9, 234 x 185, 16p. 1905. \u00c9dition originale tir\u00e9e \u00e0 51 exemplaires, un des 50 sur papier \u00e0 bras, le n\u00f4tre 51\u00a0; apr\u00e8s l\u2019unique exemplaire sur papier Whatman. Int\u00e9rieur propre. Des rousseurs en couverture. Exemplaire bien ferme, recouvert sans adh\u00e9sif.<\/p>\n","protected":false},"featured_media":19835,"template":"","meta":{"_eb_attr":""},"product_brand":[],"product_cat":[37,71,76],"product_tag":[],"class_list":{"0":"post-19834","1":"product","2":"type-product","3":"status-publish","4":"has-post-thumbnail","6":"product_cat-a-partir-du-xxeme-siecle","7":"product_cat-illustres-modernes-editions-originales-signees-numerotees","8":"product_cat-poesie-theatre-prose","9":"sales-flash-overlay","10":"woocommerce-text-align-center","11":"woocommerce-image-align-center","12":"wc-has-gallery","14":"first","15":"instock","16":"taxable","17":"shipping-taxable","18":"product-type-simple"},"aioseo_notices":[],"_links":{"self":[{"href":"https:\/\/www.livresentre2actions.fr\/fr_fr\/wp-json\/wp\/v2\/product\/19834","targetHints":{"allow":["GET"]}}],"collection":[{"href":"https:\/\/www.livresentre2actions.fr\/fr_fr\/wp-json\/wp\/v2\/product"}],"about":[{"href":"https:\/\/www.livresentre2actions.fr\/fr_fr\/wp-json\/wp\/v2\/types\/product"}],"wp:featuredmedia":[{"embeddable":true,"href":"https:\/\/www.livresentre2actions.fr\/fr_fr\/wp-json\/wp\/v2\/media\/19835"}],"wp:attachment":[{"href":"https:\/\/www.livresentre2actions.fr\/fr_fr\/wp-json\/wp\/v2\/media?parent=19834"}],"wp:term":[{"taxonomy":"product_brand","embeddable":true,"href":"https:\/\/www.livresentre2actions.fr\/fr_fr\/wp-json\/wp\/v2\/product_brand?post=19834"},{"taxonomy":"product_cat","embeddable":true,"href":"https:\/\/www.livresentre2actions.fr\/fr_fr\/wp-json\/wp\/v2\/product_cat?post=19834"},{"taxonomy":"product_tag","embeddable":true,"href":"https:\/\/www.livresentre2actions.fr\/fr_fr\/wp-json\/wp\/v2\/product_tag?post=19834"}],"curies":[{"name":"wp","href":"https:\/\/api.w.org\/{rel}","templated":true}]}}