{"id":19821,"date":"2026-03-31T16:22:07","date_gmt":"2026-03-31T14:22:07","guid":{"rendered":"https:\/\/www.livresentre2actions.fr\/?post_type=product&#038;p=19821"},"modified":"2026-03-31T16:22:07","modified_gmt":"2026-03-31T14:22:07","slug":"le-fetichisme-restif-de-la-bretonne-fut-il-fetichiste","status":"publish","type":"product","link":"https:\/\/www.livresentre2actions.fr\/fr_fr\/produit\/le-fetichisme-restif-de-la-bretonne-fut-il-fetichiste\/","title":{"rendered":"Le f\u00e9tichisme. Restif de la Bretonne fut-il f\u00e9tichiste ?"},"content":{"rendered":"<p>Louis Barras &#8211; Imprimerie Firmin et Montane<\/p>\n<p>Broch\u00e9, 250 x 161, 174p. Avec tble. Montpellier, 1913. \u00c9dition originale, enrichi d\u2019un envoi dat\u00e9 de l\u2019auteur. [Un feuillet indiquant le personnel de la facult\u00e9 et les divers adresses pr\u00e9c\u00e9dant le texte indique qu\u2019il s\u2019agit de la th\u00e8se de l\u2019auteur, pr\u00e9sent\u00e9e et soutenue devant la Facult\u00e9 de m\u00e9decine de Montpellier le 22\/02\/1913] Int\u00e9rieur propre. Un manque en coin de couverture. Exemplaire propre et bien ferme, malgr\u00e9 une certaine fragilit\u00e9 de la brochure en d\u00e9but de volume, recouvert avec soins, sans adh\u00e9sif.<\/p>\n","protected":false},"excerpt":{"rendered":"<p>Louis Barras &#8211; Imprimerie Firmin et Montane Broch\u00e9, 250 x 161, 174p. Avec tble. Montpellier, 1913. \u00c9dition originale, enrichi d\u2019un envoi dat\u00e9 de l\u2019auteur. [Un feuillet indiquant le personnel de la facult\u00e9 et les divers adresses pr\u00e9c\u00e9dant le texte indique qu\u2019il s\u2019agit de la th\u00e8se de l\u2019auteur, pr\u00e9sent\u00e9e et soutenue devant la Facult\u00e9 de m\u00e9decine &#8230; <a title=\"Le f\u00e9tichisme. Restif de la Bretonne fut-il f\u00e9tichiste ?\" class=\"read-more\" href=\"https:\/\/www.livresentre2actions.fr\/fr_fr\/produit\/le-fetichisme-restif-de-la-bretonne-fut-il-fetichiste\/\" aria-label=\"En savoir plus sur Le f\u00e9tichisme. Restif de la Bretonne fut-il f\u00e9tichiste ?\">Lire plus<\/a><\/p>\n","protected":false},"featured_media":19822,"template":"","meta":{"_eb_attr":""},"product_brand":[],"product_cat":[37,71,82,76],"product_tag":[],"class_list":{"0":"post-19821","1":"product","2":"type-product","3":"status-publish","4":"has-post-thumbnail","6":"product_cat-a-partir-du-xxeme-siecle","7":"product_cat-illustres-modernes-editions-originales-signees-numerotees","8":"product_cat-philosophie","9":"product_cat-poesie-theatre-prose","10":"sales-flash-overlay","11":"woocommerce-text-align-center","12":"woocommerce-image-align-center","13":"wc-has-gallery","15":"first","16":"instock","17":"taxable","18":"shipping-taxable","19":"purchasable","20":"product-type-simple"},"aioseo_notices":[],"_links":{"self":[{"href":"https:\/\/www.livresentre2actions.fr\/fr_fr\/wp-json\/wp\/v2\/product\/19821","targetHints":{"allow":["GET"]}}],"collection":[{"href":"https:\/\/www.livresentre2actions.fr\/fr_fr\/wp-json\/wp\/v2\/product"}],"about":[{"href":"https:\/\/www.livresentre2actions.fr\/fr_fr\/wp-json\/wp\/v2\/types\/product"}],"wp:featuredmedia":[{"embeddable":true,"href":"https:\/\/www.livresentre2actions.fr\/fr_fr\/wp-json\/wp\/v2\/media\/19822"}],"wp:attachment":[{"href":"https:\/\/www.livresentre2actions.fr\/fr_fr\/wp-json\/wp\/v2\/media?parent=19821"}],"wp:term":[{"taxonomy":"product_brand","embeddable":true,"href":"https:\/\/www.livresentre2actions.fr\/fr_fr\/wp-json\/wp\/v2\/product_brand?post=19821"},{"taxonomy":"product_cat","embeddable":true,"href":"https:\/\/www.livresentre2actions.fr\/fr_fr\/wp-json\/wp\/v2\/product_cat?post=19821"},{"taxonomy":"product_tag","embeddable":true,"href":"https:\/\/www.livresentre2actions.fr\/fr_fr\/wp-json\/wp\/v2\/product_tag?post=19821"}],"curies":[{"name":"wp","href":"https:\/\/api.w.org\/{rel}","templated":true}]}}