{"id":19814,"date":"2026-01-30T16:17:47","date_gmt":"2026-01-30T15:17:47","guid":{"rendered":"https:\/\/www.livresentre2actions.fr\/?post_type=product&#038;p=19814"},"modified":"2026-03-31T16:33:23","modified_gmt":"2026-03-31T14:33:23","slug":"restif-de-la-bretonne-sa-perversion-fetichiste","status":"publish","type":"product","link":"https:\/\/www.livresentre2actions.fr\/fr_fr\/produit\/restif-de-la-bretonne-sa-perversion-fetichiste\/","title":{"rendered":"Restif de la Bretonne, sa perversion f\u00e9tichiste"},"content":{"rendered":"<p>Paulin-Joseph-Louis Charpentier &#8211; Facult\u00e9 de M\u00e9decine, Universit\u00e9 de Bordeaux<\/p>\n<p>Broch\u00e9,, 252 x 165, 190p. 1912. Edition originale. Th\u00e8se pour le doctorat en m\u00e9decine. Int\u00e9rieur propre. Couvertures propres avec d\u00e9chirure en pied et t\u00eate de premi\u00e8re de couverture le long du dos. (2cm) ; petit manque en pied de quatri\u00e8me de couverture, le long du dos ; dos avec nombreux manques. Exemplaire n\u00e9anmoins encore ferme, recouvert sans adh\u00e9sif.<\/p>\n","protected":false},"excerpt":{"rendered":"<p>Paulin-Joseph-Louis Charpentier &#8211; Facult\u00e9 de M\u00e9decine, Universit\u00e9 de Bordeaux Broch\u00e9,, 252 x 165, 190p. 1912. Edition originale. Th\u00e8se pour le doctorat en m\u00e9decine. Int\u00e9rieur propre. Couvertures propres avec d\u00e9chirure en pied et t\u00eate de premi\u00e8re de couverture le long du dos. (2cm) ; petit manque en pied de quatri\u00e8me de couverture, le long du dos &#8230; <a title=\"Restif de la Bretonne, sa perversion f\u00e9tichiste\" class=\"read-more\" href=\"https:\/\/www.livresentre2actions.fr\/fr_fr\/produit\/restif-de-la-bretonne-sa-perversion-fetichiste\/\" aria-label=\"En savoir plus sur Restif de la Bretonne, sa perversion f\u00e9tichiste\">Lire plus<\/a><\/p>\n","protected":false},"featured_media":19815,"template":"","meta":{"_eb_attr":""},"product_brand":[],"product_cat":[37,71,82,76],"product_tag":[],"class_list":{"0":"post-19814","1":"product","2":"type-product","3":"status-publish","4":"has-post-thumbnail","6":"product_cat-a-partir-du-xxeme-siecle","7":"product_cat-illustres-modernes-editions-originales-signees-numerotees","8":"product_cat-philosophie","9":"product_cat-poesie-theatre-prose","10":"sales-flash-overlay","11":"woocommerce-text-align-center","12":"woocommerce-image-align-center","13":"wc-has-gallery","15":"first","16":"instock","17":"taxable","18":"shipping-taxable","19":"purchasable","20":"product-type-simple"},"aioseo_notices":[],"_links":{"self":[{"href":"https:\/\/www.livresentre2actions.fr\/fr_fr\/wp-json\/wp\/v2\/product\/19814","targetHints":{"allow":["GET"]}}],"collection":[{"href":"https:\/\/www.livresentre2actions.fr\/fr_fr\/wp-json\/wp\/v2\/product"}],"about":[{"href":"https:\/\/www.livresentre2actions.fr\/fr_fr\/wp-json\/wp\/v2\/types\/product"}],"wp:featuredmedia":[{"embeddable":true,"href":"https:\/\/www.livresentre2actions.fr\/fr_fr\/wp-json\/wp\/v2\/media\/19815"}],"wp:attachment":[{"href":"https:\/\/www.livresentre2actions.fr\/fr_fr\/wp-json\/wp\/v2\/media?parent=19814"}],"wp:term":[{"taxonomy":"product_brand","embeddable":true,"href":"https:\/\/www.livresentre2actions.fr\/fr_fr\/wp-json\/wp\/v2\/product_brand?post=19814"},{"taxonomy":"product_cat","embeddable":true,"href":"https:\/\/www.livresentre2actions.fr\/fr_fr\/wp-json\/wp\/v2\/product_cat?post=19814"},{"taxonomy":"product_tag","embeddable":true,"href":"https:\/\/www.livresentre2actions.fr\/fr_fr\/wp-json\/wp\/v2\/product_tag?post=19814"}],"curies":[{"name":"wp","href":"https:\/\/api.w.org\/{rel}","templated":true}]}}