{"id":19687,"date":"2026-03-24T13:26:53","date_gmt":"2026-03-24T12:26:53","guid":{"rendered":"https:\/\/www.livresentre2actions.fr\/?post_type=product&#038;p=19687"},"modified":"2026-03-24T13:26:59","modified_gmt":"2026-03-24T12:26:59","slug":"les-heures-a-lusage-du-diocese-de-rome-de-1788","status":"publish","type":"product","link":"https:\/\/www.livresentre2actions.fr\/fr_fr\/produit\/les-heures-a-lusage-du-diocese-de-rome-de-1788\/","title":{"rendered":"Les heures \u00e0 l&rsquo;usage du Dioc\u00e8se de Rome de 1788"},"content":{"rendered":"<p>Jean-Loup Lema\u00eetre &#8211; Mus\u00e9e du Pays d&rsquo;Ussel &#8211;<\/p>\n<p>Broch\u00e9 carr\u00e9, 188 x 120, 112 p. 1992. Catalogue r\u00e9dig\u00e9 par Jean-Loup Lema\u00eetre. Int\u00e9rieur rt\u00e8s bon, propre et int\u00e8gre. Except\u00e9 la t\u00eate de dos l\u00e9g\u00e8rement cogn\u00e9e, et queqlues petites taches marginales, couvertures et dos propres et int\u00e8gres. Bon exemplaire bien ferme.<\/p>\n","protected":false},"excerpt":{"rendered":"<p>Jean-Loup Lema\u00eetre &#8211; Mus\u00e9e du Pays d&rsquo;Ussel &#8211; Broch\u00e9 carr\u00e9, 188 x 120, 112 p. 1992. Catalogue r\u00e9dig\u00e9 par Jean-Loup Lema\u00eetre. Int\u00e9rieur rt\u00e8s bon, propre et int\u00e8gre. Except\u00e9 la t\u00eate de dos l\u00e9g\u00e8rement cogn\u00e9e, et queqlues petites taches marginales, couvertures et dos propres et int\u00e8gres. Bon exemplaire bien ferme.<\/p>\n","protected":false},"featured_media":19688,"template":"","meta":{"_eb_attr":""},"product_brand":[],"product_cat":[37,71,97,68],"product_tag":[],"class_list":{"0":"post-19687","1":"product","2":"type-product","3":"status-publish","4":"has-post-thumbnail","6":"product_cat-a-partir-du-xxeme-siecle","7":"product_cat-illustres-modernes-editions-originales-signees-numerotees","8":"product_cat-regionalia-divers","9":"product_cat-religion-spiritualite","10":"sales-flash-overlay","11":"woocommerce-text-align-center","12":"woocommerce-image-align-center","13":"wc-has-gallery","15":"first","16":"instock","17":"taxable","18":"shipping-taxable","19":"purchasable","20":"product-type-simple"},"aioseo_notices":[],"_links":{"self":[{"href":"https:\/\/www.livresentre2actions.fr\/fr_fr\/wp-json\/wp\/v2\/product\/19687","targetHints":{"allow":["GET"]}}],"collection":[{"href":"https:\/\/www.livresentre2actions.fr\/fr_fr\/wp-json\/wp\/v2\/product"}],"about":[{"href":"https:\/\/www.livresentre2actions.fr\/fr_fr\/wp-json\/wp\/v2\/types\/product"}],"wp:featuredmedia":[{"embeddable":true,"href":"https:\/\/www.livresentre2actions.fr\/fr_fr\/wp-json\/wp\/v2\/media\/19688"}],"wp:attachment":[{"href":"https:\/\/www.livresentre2actions.fr\/fr_fr\/wp-json\/wp\/v2\/media?parent=19687"}],"wp:term":[{"taxonomy":"product_brand","embeddable":true,"href":"https:\/\/www.livresentre2actions.fr\/fr_fr\/wp-json\/wp\/v2\/product_brand?post=19687"},{"taxonomy":"product_cat","embeddable":true,"href":"https:\/\/www.livresentre2actions.fr\/fr_fr\/wp-json\/wp\/v2\/product_cat?post=19687"},{"taxonomy":"product_tag","embeddable":true,"href":"https:\/\/www.livresentre2actions.fr\/fr_fr\/wp-json\/wp\/v2\/product_tag?post=19687"}],"curies":[{"name":"wp","href":"https:\/\/api.w.org\/{rel}","templated":true}]}}