{"id":19614,"date":"2026-03-23T15:24:04","date_gmt":"2026-03-23T14:24:04","guid":{"rendered":"https:\/\/www.livresentre2actions.fr\/?post_type=product&#038;p=19614"},"modified":"2026-03-23T15:24:33","modified_gmt":"2026-03-23T14:24:33","slug":"guides-diamant-belgique-et-hollande","status":"publish","type":"product","link":"https:\/\/www.livresentre2actions.fr\/fr_fr\/produit\/guides-diamant-belgique-et-hollande\/","title":{"rendered":"Guides Diamant. Belgique et Hollande"},"content":{"rendered":"<p>A.-J. Du Pays [Auguste-Joseph] &#8211; Librairie Hachette<\/p>\n<p>Pleine percaline verte, dos long orn\u00e9 du titre, plats frapp\u00e9 du titre et de l\u2019\u00e9diteur, et estamp\u00e9 de moitifs g\u00e9om\u00e9triques, tranches rouges, 142 x 95, 435p. Avec index.\u00a0 1875. 3\u00e8me \u00e9d. Suivi de 110p. Bleues : Publicit\u00e9s des Guide Joanne \/ Appendice. Et pr\u00e9c\u00e9d\u00e9 de 12 p. bleures d\u2019\u00e9tablissements avec tble.\/ et de la Table m\u00e9tthodique du guide et de l\u2019 Introduction, pagin\u00e9es vi \u2013 lxxiii. 17 cartes (7 pour la Hollande) dont : 15 d\u00e9pliantes, 3 couleur. Complet de ses cartes et plans annonc\u00e9s dans la table (pochette vide au verso du plat inf\u00e9rieur, une carte manquante non annonc\u00e9e?). Rousseurs marginales, bel exemplaire.<\/p>\n","protected":false},"excerpt":{"rendered":"<p>A.-J. Du Pays [Auguste-Joseph] &#8211; Librairie Hachette Pleine percaline verte, dos long orn\u00e9 du titre, plats frapp\u00e9 du titre et de l\u2019\u00e9diteur, et estamp\u00e9 de moitifs g\u00e9om\u00e9triques, tranches rouges, 142 x 95, 435p. Avec index.\u00a0 1875. 3\u00e8me \u00e9d. Suivi de 110p. Bleues : Publicit\u00e9s des Guide Joanne \/ Appendice. Et pr\u00e9c\u00e9d\u00e9 de 12 p. bleures &#8230; <a title=\"Guides Diamant. Belgique et Hollande\" class=\"read-more\" href=\"https:\/\/www.livresentre2actions.fr\/fr_fr\/produit\/guides-diamant-belgique-et-hollande\/\" aria-label=\"En savoir plus sur Guides Diamant. Belgique et Hollande\">Lire plus<\/a><\/p>\n","protected":false},"featured_media":19615,"template":"","meta":{"_eb_attr":""},"product_brand":[],"product_cat":[36,102,74,71,81],"product_tag":[86],"class_list":{"0":"post-19614","1":"product","2":"type-product","3":"status-publish","4":"has-post-thumbnail","6":"product_cat-entre-le-xviiieme-et-le-xixeme-siecle","7":"product_cat-cartes-plans-guides-atlas","8":"product_cat-collections","9":"product_cat-illustres-modernes-editions-originales-signees-numerotees","10":"product_cat-hauts-de-france","11":"product_tag-illustre","12":"sales-flash-overlay","13":"woocommerce-text-align-center","14":"woocommerce-image-align-center","15":"wc-has-gallery","17":"first","18":"instock","19":"taxable","20":"shipping-taxable","21":"purchasable","22":"product-type-simple"},"aioseo_notices":[],"_links":{"self":[{"href":"https:\/\/www.livresentre2actions.fr\/fr_fr\/wp-json\/wp\/v2\/product\/19614","targetHints":{"allow":["GET"]}}],"collection":[{"href":"https:\/\/www.livresentre2actions.fr\/fr_fr\/wp-json\/wp\/v2\/product"}],"about":[{"href":"https:\/\/www.livresentre2actions.fr\/fr_fr\/wp-json\/wp\/v2\/types\/product"}],"wp:featuredmedia":[{"embeddable":true,"href":"https:\/\/www.livresentre2actions.fr\/fr_fr\/wp-json\/wp\/v2\/media\/19615"}],"wp:attachment":[{"href":"https:\/\/www.livresentre2actions.fr\/fr_fr\/wp-json\/wp\/v2\/media?parent=19614"}],"wp:term":[{"taxonomy":"product_brand","embeddable":true,"href":"https:\/\/www.livresentre2actions.fr\/fr_fr\/wp-json\/wp\/v2\/product_brand?post=19614"},{"taxonomy":"product_cat","embeddable":true,"href":"https:\/\/www.livresentre2actions.fr\/fr_fr\/wp-json\/wp\/v2\/product_cat?post=19614"},{"taxonomy":"product_tag","embeddable":true,"href":"https:\/\/www.livresentre2actions.fr\/fr_fr\/wp-json\/wp\/v2\/product_tag?post=19614"}],"curies":[{"name":"wp","href":"https:\/\/api.w.org\/{rel}","templated":true}]}}