{"id":19561,"date":"2026-03-22T18:22:02","date_gmt":"2026-03-22T17:22:02","guid":{"rendered":"https:\/\/www.livresentre2actions.fr\/?post_type=product&#038;p=19561"},"modified":"2026-03-22T18:22:33","modified_gmt":"2026-03-22T17:22:33","slug":"le-mongy-tramway-du-nord-lille-roubaix-tourcoing","status":"publish","type":"product","link":"https:\/\/www.livresentre2actions.fr\/fr_fr\/produit\/le-mongy-tramway-du-nord-lille-roubaix-tourcoing\/","title":{"rendered":"Le Mongy, Tramway Du Nord, Lille-Roubaix-Tourcoing"},"content":{"rendered":"<p>G\u00e9rard Blondeau &#8211; \u00c9ditions La R\u00e9gordane<\/p>\n<p>Cartonnage \u00e9diteur sous jaquette, 303 x 207,\u00a0 124p. avec tble. 1995. Int\u00e9rieur et cartonnage tr\u00e8s bons, propres et int\u00e8gres, une coupure de presse coll\u00e9e en garde. Jaquette l\u00e9g\u00e8rement insol\u00e9e, mais tr\u00e8s bonne, propre et int\u00e8gre. Vendu avec 5 cartes postales modernes vierges. Bel exemplaire bien ferme.<\/p>\n<p>Nous joignons : En tramway. Sc\u00e8nes de tous les jours, illustrations de Simons. Francis Redan. Int\u00e9rieur propre. Dos cass\u00e9, brochure un peu l\u00e2che. Couvertures d\u00e9fra\u00eechies.<\/p>\n","protected":false},"excerpt":{"rendered":"<p>G\u00e9rard Blondeau &#8211; \u00c9ditions La R\u00e9gordane Cartonnage \u00e9diteur sous jaquette, 303 x 207,\u00a0 124p. avec tble. 1995. Int\u00e9rieur et cartonnage tr\u00e8s bons, propres et int\u00e8gres, une coupure de presse coll\u00e9e en garde. Jaquette l\u00e9g\u00e8rement insol\u00e9e, mais tr\u00e8s bonne, propre et int\u00e8gre. Vendu avec 5 cartes postales modernes vierges. Bel exemplaire bien ferme. Nous joignons : &#8230; <a title=\"Le Mongy, Tramway Du Nord, Lille-Roubaix-Tourcoing\" class=\"read-more\" href=\"https:\/\/www.livresentre2actions.fr\/fr_fr\/produit\/le-mongy-tramway-du-nord-lille-roubaix-tourcoing\/\" aria-label=\"En savoir plus sur Le Mongy, Tramway Du Nord, Lille-Roubaix-Tourcoing\">Lire plus<\/a><\/p>\n","protected":false},"featured_media":19562,"template":"","meta":{"_eb_attr":""},"product_brand":[],"product_cat":[37,71,81,69],"product_tag":[86],"class_list":{"0":"post-19561","1":"product","2":"type-product","3":"status-publish","4":"has-post-thumbnail","6":"product_cat-a-partir-du-xxeme-siecle","7":"product_cat-illustres-modernes-editions-originales-signees-numerotees","8":"product_cat-hauts-de-france","9":"product_cat-sciences-et-techniques","10":"product_tag-illustre","11":"sales-flash-overlay","12":"woocommerce-text-align-center","13":"woocommerce-image-align-center","14":"wc-has-gallery","16":"first","17":"instock","18":"taxable","19":"shipping-taxable","20":"purchasable","21":"product-type-simple"},"aioseo_notices":[],"_links":{"self":[{"href":"https:\/\/www.livresentre2actions.fr\/fr_fr\/wp-json\/wp\/v2\/product\/19561","targetHints":{"allow":["GET"]}}],"collection":[{"href":"https:\/\/www.livresentre2actions.fr\/fr_fr\/wp-json\/wp\/v2\/product"}],"about":[{"href":"https:\/\/www.livresentre2actions.fr\/fr_fr\/wp-json\/wp\/v2\/types\/product"}],"wp:featuredmedia":[{"embeddable":true,"href":"https:\/\/www.livresentre2actions.fr\/fr_fr\/wp-json\/wp\/v2\/media\/19562"}],"wp:attachment":[{"href":"https:\/\/www.livresentre2actions.fr\/fr_fr\/wp-json\/wp\/v2\/media?parent=19561"}],"wp:term":[{"taxonomy":"product_brand","embeddable":true,"href":"https:\/\/www.livresentre2actions.fr\/fr_fr\/wp-json\/wp\/v2\/product_brand?post=19561"},{"taxonomy":"product_cat","embeddable":true,"href":"https:\/\/www.livresentre2actions.fr\/fr_fr\/wp-json\/wp\/v2\/product_cat?post=19561"},{"taxonomy":"product_tag","embeddable":true,"href":"https:\/\/www.livresentre2actions.fr\/fr_fr\/wp-json\/wp\/v2\/product_tag?post=19561"}],"curies":[{"name":"wp","href":"https:\/\/api.w.org\/{rel}","templated":true}]}}