{"id":19538,"date":"2026-03-21T18:08:12","date_gmt":"2026-03-21T17:08:12","guid":{"rendered":"https:\/\/www.livresentre2actions.fr\/?post_type=product&#038;p=19538"},"modified":"2026-03-21T18:08:40","modified_gmt":"2026-03-21T17:08:40","slug":"manuel-de-louvrier-mecanicien-guide-de-lajusteur-jules-merlot","status":"publish","type":"product","link":"https:\/\/www.livresentre2actions.fr\/fr_fr\/produit\/manuel-de-louvrier-mecanicien-guide-de-lajusteur-jules-merlot\/","title":{"rendered":"Manuel de l&rsquo;ouvrier m\u00e9canicien, guide de l&rsquo;ajusteur&#8230; &#8211; Jules Merlot"},"content":{"rendered":"<p>Manuel de l&rsquo;ouvrier m\u00e9canicien, guide de l&rsquo;ajusteur&#8230; \u00e0 l&rsquo;usage des m\u00e9caniciens, des \u00e9l\u00e8ves des \u00e9coles d&rsquo;apprentissage, des \u00e9coles industrielle, des cours techniques, des ouvriers, des contrema\u00eetres et des chefs d&rsquo;atelier<\/p>\n<p>Librairie Polytechnique Ch. B\u00e9ranger<br \/>\nPleine percaline lie de vin, dos long orn\u00e9 des titre, auteur et \u00e9diteur, plat sup\u00e9rieur titr\u00e9, 248 x 165, 360p\u00a0; avec tble. 1911. 2\u00e8me \u00e9d. Except\u00e9 quelques rousseur sur les tranches, tr\u00e8s bon exemplaire, propre, int\u00e8gre, bien ferme.<\/p>\n","protected":false},"excerpt":{"rendered":"<p>Manuel de l&rsquo;ouvrier m\u00e9canicien, guide de l&rsquo;ajusteur&#8230; \u00e0 l&rsquo;usage des m\u00e9caniciens, des \u00e9l\u00e8ves des \u00e9coles d&rsquo;apprentissage, des \u00e9coles industrielle, des cours techniques, des ouvriers, des contrema\u00eetres et des chefs d&rsquo;atelier Librairie Polytechnique Ch. B\u00e9ranger Pleine percaline lie de vin, dos long orn\u00e9 des titre, auteur et \u00e9diteur, plat sup\u00e9rieur titr\u00e9, 248 x 165, 360p\u00a0; avec &#8230; <a title=\"Manuel de l&rsquo;ouvrier m\u00e9canicien, guide de l&rsquo;ajusteur&#8230; &#8211; Jules Merlot\" class=\"read-more\" href=\"https:\/\/www.livresentre2actions.fr\/fr_fr\/produit\/manuel-de-louvrier-mecanicien-guide-de-lajusteur-jules-merlot\/\" aria-label=\"En savoir plus sur Manuel de l&rsquo;ouvrier m\u00e9canicien, guide de l&rsquo;ajusteur&#8230; &#8211; Jules Merlot\">Lire plus<\/a><\/p>\n","protected":false},"featured_media":19539,"template":"","meta":{"_eb_attr":""},"product_brand":[],"product_cat":[37,71,69],"product_tag":[86],"class_list":{"0":"post-19538","1":"product","2":"type-product","3":"status-publish","4":"has-post-thumbnail","6":"product_cat-a-partir-du-xxeme-siecle","7":"product_cat-illustres-modernes-editions-originales-signees-numerotees","8":"product_cat-sciences-et-techniques","9":"product_tag-illustre","10":"sales-flash-overlay","11":"woocommerce-text-align-center","12":"woocommerce-image-align-center","13":"wc-has-gallery","15":"first","16":"instock","17":"taxable","18":"shipping-taxable","19":"purchasable","20":"product-type-simple"},"aioseo_notices":[],"_links":{"self":[{"href":"https:\/\/www.livresentre2actions.fr\/fr_fr\/wp-json\/wp\/v2\/product\/19538","targetHints":{"allow":["GET"]}}],"collection":[{"href":"https:\/\/www.livresentre2actions.fr\/fr_fr\/wp-json\/wp\/v2\/product"}],"about":[{"href":"https:\/\/www.livresentre2actions.fr\/fr_fr\/wp-json\/wp\/v2\/types\/product"}],"wp:featuredmedia":[{"embeddable":true,"href":"https:\/\/www.livresentre2actions.fr\/fr_fr\/wp-json\/wp\/v2\/media\/19539"}],"wp:attachment":[{"href":"https:\/\/www.livresentre2actions.fr\/fr_fr\/wp-json\/wp\/v2\/media?parent=19538"}],"wp:term":[{"taxonomy":"product_brand","embeddable":true,"href":"https:\/\/www.livresentre2actions.fr\/fr_fr\/wp-json\/wp\/v2\/product_brand?post=19538"},{"taxonomy":"product_cat","embeddable":true,"href":"https:\/\/www.livresentre2actions.fr\/fr_fr\/wp-json\/wp\/v2\/product_cat?post=19538"},{"taxonomy":"product_tag","embeddable":true,"href":"https:\/\/www.livresentre2actions.fr\/fr_fr\/wp-json\/wp\/v2\/product_tag?post=19538"}],"curies":[{"name":"wp","href":"https:\/\/api.w.org\/{rel}","templated":true}]}}