{"id":19509,"date":"2026-03-21T16:33:09","date_gmt":"2026-03-21T15:33:09","guid":{"rendered":"https:\/\/www.livresentre2actions.fr\/?post_type=product&#038;p=19509"},"modified":"2026-04-20T13:26:45","modified_gmt":"2026-04-20T11:26:45","slug":"le-costume-en-bourgogne-de-philippe-le-hardi-a-charles-le-temeraire","status":"publish","type":"product","link":"https:\/\/www.livresentre2actions.fr\/fr_fr\/produit\/le-costume-en-bourgogne-de-philippe-le-hardi-a-charles-le-temeraire\/","title":{"rendered":"Le costume en Bourgogne de Philippe le Hardi \u00e0 Charles le T\u00e9m\u00e9raire"},"content":{"rendered":"<p>Mich\u00e8le Beaulieu et Jeanne Bayle &#8211; Presses Universitaires de France<\/p>\n<p>Broch\u00e9, 239 x 190, 218p. Avec tble des illustrations et hors tble des mati\u00e8res. Suivi de 24 planches. 1956. Edition originale. Int\u00e9rieur propre, rousseurs int\u00e8gres aux tables, planches propres\u00a0; rousseurs sur les tranches. Couvertures et dos insol\u00e9s avec rousseurs, plus abondantes en quatri\u00e8me de couverture. Bon exemplaire bien ferme.<\/p>\n","protected":false},"excerpt":{"rendered":"<p>Mich\u00e8le Beaulieu et Jeanne Bayle &#8211; Presses Universitaires de France Broch\u00e9, 239 x 190, 218p. Avec tble des illustrations et hors tble des mati\u00e8res. Suivi de 24 planches. 1956. Edition originale. Int\u00e9rieur propre, rousseurs int\u00e8gres aux tables, planches propres\u00a0; rousseurs sur les tranches. Couvertures et dos insol\u00e9s avec rousseurs, plus abondantes en quatri\u00e8me de couverture. &#8230; <a title=\"Le costume en Bourgogne de Philippe le Hardi \u00e0 Charles le T\u00e9m\u00e9raire\" class=\"read-more\" href=\"https:\/\/www.livresentre2actions.fr\/fr_fr\/produit\/le-costume-en-bourgogne-de-philippe-le-hardi-a-charles-le-temeraire\/\" aria-label=\"En savoir plus sur Le costume en Bourgogne de Philippe le Hardi \u00e0 Charles le T\u00e9m\u00e9raire\">Lire plus<\/a><\/p>\n","protected":false},"featured_media":19510,"template":"","meta":{"_eb_attr":""},"product_brand":[],"product_cat":[37,73,97],"product_tag":[86],"class_list":{"0":"post-19509","1":"product","2":"type-product","3":"status-publish","4":"has-post-thumbnail","6":"product_cat-a-partir-du-xxeme-siecle","7":"product_cat-histoires-et-recits-de-voyage","8":"product_cat-regionalia-divers","9":"product_tag-illustre","10":"sales-flash-overlay","11":"woocommerce-text-align-center","12":"woocommerce-image-align-center","13":"wc-has-gallery","15":"first","16":"outofstock","17":"taxable","18":"shipping-taxable","19":"purchasable","20":"product-type-simple"},"aioseo_notices":[],"_links":{"self":[{"href":"https:\/\/www.livresentre2actions.fr\/fr_fr\/wp-json\/wp\/v2\/product\/19509","targetHints":{"allow":["GET"]}}],"collection":[{"href":"https:\/\/www.livresentre2actions.fr\/fr_fr\/wp-json\/wp\/v2\/product"}],"about":[{"href":"https:\/\/www.livresentre2actions.fr\/fr_fr\/wp-json\/wp\/v2\/types\/product"}],"wp:featuredmedia":[{"embeddable":true,"href":"https:\/\/www.livresentre2actions.fr\/fr_fr\/wp-json\/wp\/v2\/media\/19510"}],"wp:attachment":[{"href":"https:\/\/www.livresentre2actions.fr\/fr_fr\/wp-json\/wp\/v2\/media?parent=19509"}],"wp:term":[{"taxonomy":"product_brand","embeddable":true,"href":"https:\/\/www.livresentre2actions.fr\/fr_fr\/wp-json\/wp\/v2\/product_brand?post=19509"},{"taxonomy":"product_cat","embeddable":true,"href":"https:\/\/www.livresentre2actions.fr\/fr_fr\/wp-json\/wp\/v2\/product_cat?post=19509"},{"taxonomy":"product_tag","embeddable":true,"href":"https:\/\/www.livresentre2actions.fr\/fr_fr\/wp-json\/wp\/v2\/product_tag?post=19509"}],"curies":[{"name":"wp","href":"https:\/\/api.w.org\/{rel}","templated":true}]}}