{"id":19503,"date":"2026-03-21T16:28:24","date_gmt":"2026-03-21T15:28:24","guid":{"rendered":"https:\/\/www.livresentre2actions.fr\/?post_type=product&#038;p=19503"},"modified":"2026-03-21T16:28:55","modified_gmt":"2026-03-21T15:28:55","slug":"essai-historique-sur-les-premiers-manuels-dinvention-oratoire-jusqua-aristote","status":"publish","type":"product","link":"https:\/\/www.livresentre2actions.fr\/fr_fr\/produit\/essai-historique-sur-les-premiers-manuels-dinvention-oratoire-jusqua-aristote\/","title":{"rendered":"Essai historique sur les premiers manuels d&rsquo;invention oratoire jusqu&rsquo;\u00e0 Aristote\u00a0"},"content":{"rendered":"<p>Charles Beno\u00eet &#8211; Joubert Libraire-\u00e9diteur<\/p>\n<p>Broch\u00e9, 256 x 140, 160p. Avec tble. 1846. Edition originale, enrichi d\u2019une envoi sign\u00e9 de l\u2019auteur \u00e0 Mr. Simonin, Cur\u00e9 des Trois Maisons [cur\u00e9 fondateur de l\u2019\u00e9glise Saint-Fiacre \u00e0 Nancy]. Int\u00e9rieur propre, avec rousseurs mod\u00e9r\u00e9es et plut\u00f4t marginales. Exemplaire r\u00e9form\u00e9 de biblioth\u00e8que (Soci\u00e9t\u00e9 d\u2019arch\u00e9ologie Lorraine \u00bb : Un code barr\u00e9 en faux-titre, un tampon au titre, une \u00e9tiquette en pied de dos, une inscription en t\u00eate de couverture. Couvertures un peu gris\u00e9es, mais int\u00e8gres. Bon exemplaire d\u2019un ouvrage tr\u00e8s peu courant.<\/p>\n","protected":false},"excerpt":{"rendered":"<p>Charles Beno\u00eet &#8211; Joubert Libraire-\u00e9diteur Broch\u00e9, 256 x 140, 160p. Avec tble. 1846. Edition originale, enrichi d\u2019une envoi sign\u00e9 de l\u2019auteur \u00e0 Mr. Simonin, Cur\u00e9 des Trois Maisons [cur\u00e9 fondateur de l\u2019\u00e9glise Saint-Fiacre \u00e0 Nancy]. Int\u00e9rieur propre, avec rousseurs mod\u00e9r\u00e9es et plut\u00f4t marginales. Exemplaire r\u00e9form\u00e9 de biblioth\u00e8que (Soci\u00e9t\u00e9 d\u2019arch\u00e9ologie Lorraine \u00bb : Un code barr\u00e9 &#8230; <a title=\"Essai historique sur les premiers manuels d&rsquo;invention oratoire jusqu&rsquo;\u00e0 Aristote\u00a0\" class=\"read-more\" href=\"https:\/\/www.livresentre2actions.fr\/fr_fr\/produit\/essai-historique-sur-les-premiers-manuels-dinvention-oratoire-jusqua-aristote\/\" aria-label=\"En savoir plus sur Essai historique sur les premiers manuels d&rsquo;invention oratoire jusqu&rsquo;\u00e0 Aristote\u00a0\">Lire plus<\/a><\/p>\n","protected":false},"featured_media":19504,"template":"","meta":{"_eb_attr":""},"product_brand":[],"product_cat":[36,82,76],"product_tag":[87],"class_list":{"0":"post-19503","1":"product","2":"type-product","3":"status-publish","4":"has-post-thumbnail","6":"product_cat-entre-le-xviiieme-et-le-xixeme-siecle","7":"product_cat-philosophie","8":"product_cat-poesie-theatre-prose","9":"product_tag-signe","10":"sales-flash-overlay","11":"woocommerce-text-align-center","12":"woocommerce-image-align-center","13":"wc-has-gallery","15":"first","16":"instock","17":"taxable","18":"shipping-taxable","19":"purchasable","20":"product-type-simple"},"aioseo_notices":[],"_links":{"self":[{"href":"https:\/\/www.livresentre2actions.fr\/fr_fr\/wp-json\/wp\/v2\/product\/19503","targetHints":{"allow":["GET"]}}],"collection":[{"href":"https:\/\/www.livresentre2actions.fr\/fr_fr\/wp-json\/wp\/v2\/product"}],"about":[{"href":"https:\/\/www.livresentre2actions.fr\/fr_fr\/wp-json\/wp\/v2\/types\/product"}],"wp:featuredmedia":[{"embeddable":true,"href":"https:\/\/www.livresentre2actions.fr\/fr_fr\/wp-json\/wp\/v2\/media\/19504"}],"wp:attachment":[{"href":"https:\/\/www.livresentre2actions.fr\/fr_fr\/wp-json\/wp\/v2\/media?parent=19503"}],"wp:term":[{"taxonomy":"product_brand","embeddable":true,"href":"https:\/\/www.livresentre2actions.fr\/fr_fr\/wp-json\/wp\/v2\/product_brand?post=19503"},{"taxonomy":"product_cat","embeddable":true,"href":"https:\/\/www.livresentre2actions.fr\/fr_fr\/wp-json\/wp\/v2\/product_cat?post=19503"},{"taxonomy":"product_tag","embeddable":true,"href":"https:\/\/www.livresentre2actions.fr\/fr_fr\/wp-json\/wp\/v2\/product_tag?post=19503"}],"curies":[{"name":"wp","href":"https:\/\/api.w.org\/{rel}","templated":true}]}}