{"id":19491,"date":"2026-03-21T16:23:16","date_gmt":"2026-03-21T15:23:16","guid":{"rendered":"https:\/\/www.livresentre2actions.fr\/?post_type=product&#038;p=19491"},"modified":"2026-03-21T16:23:44","modified_gmt":"2026-03-21T15:23:44","slug":"les-ecartements-des-voies-de-chemin-de-fer-lionel-wiener","status":"publish","type":"product","link":"https:\/\/www.livresentre2actions.fr\/fr_fr\/produit\/les-ecartements-des-voies-de-chemin-de-fer-lionel-wiener\/","title":{"rendered":"Les \u00e9cartements des voies de chemin de fer &#8211; Lionel Wiener"},"content":{"rendered":"<p>Bulletin de l&rsquo;Association Internationale du Congr\u00e8s des Chemins de Fer N\u00b010<\/p>\n<p>Soci\u00e9t\u00e9 Anonyme M. Weissenbruch &#8211; Plein chagrin deux tons : vert (plats), noir \u2018dos long), dos orn\u00e9 du titre et de l\u2019auteur, plats orn\u00e9s de liser\u00e9s doubles, couvertures conserv\u00e9es, 240 x 180, 258p. 1\u00c8re ed. 1923. Comprend : Les \u00e9cartements des voies de chemin de fer, pagin\u00e9 890-1092. en deux exemplaires reli\u00e9s \u00e0 la suite, et en trois parties, complet (deux fois donc). Figures dans le texte. Int\u00e9rieur tr\u00e8s bon, propre et int\u00e8gre. Coins l\u00e9g\u00e8rement frott\u00e9s, dos l\u00e9g\u00e8rement frott\u00e9 avec l\u00e9g\u00e8res \u00e9pidermures, mais globalement propre et int\u00e8gre. Bien ferme.<\/p>\n","protected":false},"excerpt":{"rendered":"<p>Bulletin de l&rsquo;Association Internationale du Congr\u00e8s des Chemins de Fer N\u00b010 Soci\u00e9t\u00e9 Anonyme M. Weissenbruch &#8211; Plein chagrin deux tons : vert (plats), noir \u2018dos long), dos orn\u00e9 du titre et de l\u2019auteur, plats orn\u00e9s de liser\u00e9s doubles, couvertures conserv\u00e9es, 240 x 180, 258p. 1\u00c8re ed. 1923. Comprend : Les \u00e9cartements des voies de chemin &#8230; <a title=\"Les \u00e9cartements des voies de chemin de fer &#8211; Lionel Wiener\" class=\"read-more\" href=\"https:\/\/www.livresentre2actions.fr\/fr_fr\/produit\/les-ecartements-des-voies-de-chemin-de-fer-lionel-wiener\/\" aria-label=\"En savoir plus sur Les \u00e9cartements des voies de chemin de fer &#8211; Lionel Wiener\">Lire plus<\/a><\/p>\n","protected":false},"featured_media":19492,"template":"","meta":{"_eb_attr":""},"product_brand":[],"product_cat":[37,71,99,69],"product_tag":[86],"class_list":{"0":"post-19491","1":"product","2":"type-product","3":"status-publish","4":"has-post-thumbnail","6":"product_cat-a-partir-du-xxeme-siecle","7":"product_cat-illustres-modernes-editions-originales-signees-numerotees","8":"product_cat-revues","9":"product_cat-sciences-et-techniques","10":"product_tag-illustre","11":"sales-flash-overlay","12":"woocommerce-text-align-center","13":"woocommerce-image-align-center","14":"wc-has-gallery","16":"first","17":"instock","18":"taxable","19":"shipping-taxable","20":"purchasable","21":"product-type-simple"},"aioseo_notices":[],"_links":{"self":[{"href":"https:\/\/www.livresentre2actions.fr\/fr_fr\/wp-json\/wp\/v2\/product\/19491","targetHints":{"allow":["GET"]}}],"collection":[{"href":"https:\/\/www.livresentre2actions.fr\/fr_fr\/wp-json\/wp\/v2\/product"}],"about":[{"href":"https:\/\/www.livresentre2actions.fr\/fr_fr\/wp-json\/wp\/v2\/types\/product"}],"wp:featuredmedia":[{"embeddable":true,"href":"https:\/\/www.livresentre2actions.fr\/fr_fr\/wp-json\/wp\/v2\/media\/19492"}],"wp:attachment":[{"href":"https:\/\/www.livresentre2actions.fr\/fr_fr\/wp-json\/wp\/v2\/media?parent=19491"}],"wp:term":[{"taxonomy":"product_brand","embeddable":true,"href":"https:\/\/www.livresentre2actions.fr\/fr_fr\/wp-json\/wp\/v2\/product_brand?post=19491"},{"taxonomy":"product_cat","embeddable":true,"href":"https:\/\/www.livresentre2actions.fr\/fr_fr\/wp-json\/wp\/v2\/product_cat?post=19491"},{"taxonomy":"product_tag","embeddable":true,"href":"https:\/\/www.livresentre2actions.fr\/fr_fr\/wp-json\/wp\/v2\/product_tag?post=19491"}],"curies":[{"name":"wp","href":"https:\/\/api.w.org\/{rel}","templated":true}]}}