{"id":19479,"date":"2026-03-21T15:51:06","date_gmt":"2026-03-21T14:51:06","guid":{"rendered":"https:\/\/www.livresentre2actions.fr\/?post_type=product&#038;p=19479"},"modified":"2026-03-21T15:51:32","modified_gmt":"2026-03-21T14:51:32","slug":"histoire-de-labbaye-de-saint-victor-de-marseille","status":"publish","type":"product","link":"https:\/\/www.livresentre2actions.fr\/fr_fr\/produit\/histoire-de-labbaye-de-saint-victor-de-marseille\/","title":{"rendered":"Histoire de l&rsquo;Abbaye de Saint-Victor de Marseille"},"content":{"rendered":"<p>Histoire de l&rsquo;Abbaye de Saint-Victor de Marseille &#8211;<\/p>\n<p>Provence Historique. Recueil des Actes du congr\u00e8s sur l&rsquo;histoire de l&rsquo;Abbaye de Saint-Victor de Marseille. 29-30 Janvier 1966 Tome XVI Fascicule 65 &#8211;<\/p>\n<p>Broch\u00e9 sous jaquette, 254 x 167, 562p. Propre, int\u00e8gre, bien ferme. tr\u00e8s bel exemplaire. En partie non coup\u00e9.<\/p>\n","protected":false},"excerpt":{"rendered":"<p>Histoire de l&rsquo;Abbaye de Saint-Victor de Marseille &#8211; Provence Historique. Recueil des Actes du congr\u00e8s sur l&rsquo;histoire de l&rsquo;Abbaye de Saint-Victor de Marseille. 29-30 Janvier 1966 Tome XVI Fascicule 65 &#8211; Broch\u00e9 sous jaquette, 254 x 167, 562p. Propre, int\u00e8gre, bien ferme. tr\u00e8s bel exemplaire. En partie non coup\u00e9.<\/p>\n","protected":false},"featured_media":19480,"template":"","meta":{"_eb_attr":""},"product_brand":[],"product_cat":[37,73,97,68],"product_tag":[86],"class_list":{"0":"post-19479","1":"product","2":"type-product","3":"status-publish","4":"has-post-thumbnail","6":"product_cat-a-partir-du-xxeme-siecle","7":"product_cat-histoires-et-recits-de-voyage","8":"product_cat-regionalia-divers","9":"product_cat-religion-spiritualite","10":"product_tag-illustre","11":"sales-flash-overlay","12":"woocommerce-text-align-center","13":"woocommerce-image-align-center","14":"wc-has-gallery","16":"first","17":"instock","18":"taxable","19":"shipping-taxable","20":"purchasable","21":"product-type-simple"},"aioseo_notices":[],"_links":{"self":[{"href":"https:\/\/www.livresentre2actions.fr\/fr_fr\/wp-json\/wp\/v2\/product\/19479","targetHints":{"allow":["GET"]}}],"collection":[{"href":"https:\/\/www.livresentre2actions.fr\/fr_fr\/wp-json\/wp\/v2\/product"}],"about":[{"href":"https:\/\/www.livresentre2actions.fr\/fr_fr\/wp-json\/wp\/v2\/types\/product"}],"wp:featuredmedia":[{"embeddable":true,"href":"https:\/\/www.livresentre2actions.fr\/fr_fr\/wp-json\/wp\/v2\/media\/19480"}],"wp:attachment":[{"href":"https:\/\/www.livresentre2actions.fr\/fr_fr\/wp-json\/wp\/v2\/media?parent=19479"}],"wp:term":[{"taxonomy":"product_brand","embeddable":true,"href":"https:\/\/www.livresentre2actions.fr\/fr_fr\/wp-json\/wp\/v2\/product_brand?post=19479"},{"taxonomy":"product_cat","embeddable":true,"href":"https:\/\/www.livresentre2actions.fr\/fr_fr\/wp-json\/wp\/v2\/product_cat?post=19479"},{"taxonomy":"product_tag","embeddable":true,"href":"https:\/\/www.livresentre2actions.fr\/fr_fr\/wp-json\/wp\/v2\/product_tag?post=19479"}],"curies":[{"name":"wp","href":"https:\/\/api.w.org\/{rel}","templated":true}]}}