{"id":19471,"date":"2026-03-21T15:30:39","date_gmt":"2026-03-21T14:30:39","guid":{"rendered":"https:\/\/www.livresentre2actions.fr\/?post_type=product&#038;p=19471"},"modified":"2026-03-21T15:31:11","modified_gmt":"2026-03-21T14:31:11","slug":"hebbel-sa-vie-et-ses-oeuvres-de-1813-a-1845","status":"publish","type":"product","link":"https:\/\/www.livresentre2actions.fr\/fr_fr\/produit\/hebbel-sa-vie-et-ses-oeuvres-de-1813-a-1845\/","title":{"rendered":"Hebbel, sa vie et ses \u0153uvres de 1813 \u00e0 1845"},"content":{"rendered":"<p>Andr\u00e9 Tibal &#8211; Librairie Hachette &amp; Cie &#8211;<\/p>\n<p>Broch\u00e9, 230 x 143, 713p.. 1911. \u00c9dition originale. Exemplaire insol\u00e9 avec un petit manque en pied de dos, et micro manques en t\u00eate de dos. Bon exemplaire bien ferme.<\/p>\n","protected":false},"excerpt":{"rendered":"<p>Andr\u00e9 Tibal &#8211; Librairie Hachette &amp; Cie &#8211; Broch\u00e9, 230 x 143, 713p.. 1911. \u00c9dition originale. Exemplaire insol\u00e9 avec un petit manque en pied de dos, et micro manques en t\u00eate de dos. Bon exemplaire bien ferme.<\/p>\n","protected":false},"featured_media":19472,"template":"","meta":{"_eb_attr":""},"product_brand":[],"product_cat":[37,76],"product_tag":[],"class_list":{"0":"post-19471","1":"product","2":"type-product","3":"status-publish","4":"has-post-thumbnail","6":"product_cat-a-partir-du-xxeme-siecle","7":"product_cat-poesie-theatre-prose","8":"sales-flash-overlay","9":"woocommerce-text-align-center","10":"woocommerce-image-align-center","11":"wc-has-gallery","13":"first","14":"instock","15":"taxable","16":"shipping-taxable","17":"purchasable","18":"product-type-simple"},"aioseo_notices":[],"_links":{"self":[{"href":"https:\/\/www.livresentre2actions.fr\/fr_fr\/wp-json\/wp\/v2\/product\/19471","targetHints":{"allow":["GET"]}}],"collection":[{"href":"https:\/\/www.livresentre2actions.fr\/fr_fr\/wp-json\/wp\/v2\/product"}],"about":[{"href":"https:\/\/www.livresentre2actions.fr\/fr_fr\/wp-json\/wp\/v2\/types\/product"}],"wp:featuredmedia":[{"embeddable":true,"href":"https:\/\/www.livresentre2actions.fr\/fr_fr\/wp-json\/wp\/v2\/media\/19472"}],"wp:attachment":[{"href":"https:\/\/www.livresentre2actions.fr\/fr_fr\/wp-json\/wp\/v2\/media?parent=19471"}],"wp:term":[{"taxonomy":"product_brand","embeddable":true,"href":"https:\/\/www.livresentre2actions.fr\/fr_fr\/wp-json\/wp\/v2\/product_brand?post=19471"},{"taxonomy":"product_cat","embeddable":true,"href":"https:\/\/www.livresentre2actions.fr\/fr_fr\/wp-json\/wp\/v2\/product_cat?post=19471"},{"taxonomy":"product_tag","embeddable":true,"href":"https:\/\/www.livresentre2actions.fr\/fr_fr\/wp-json\/wp\/v2\/product_tag?post=19471"}],"curies":[{"name":"wp","href":"https:\/\/api.w.org\/{rel}","templated":true}]}}