{"id":19449,"date":"2026-03-18T17:42:27","date_gmt":"2026-03-18T16:42:27","guid":{"rendered":"https:\/\/www.livresentre2actions.fr\/?post_type=product&#038;p=19449"},"modified":"2026-03-18T17:42:27","modified_gmt":"2026-03-18T16:42:27","slug":"du-plus-heureux-gouvernement-m-linguet-simon-nicolas-henry","status":"publish","type":"product","link":"https:\/\/www.livresentre2actions.fr\/fr_fr\/produit\/du-plus-heureux-gouvernement-m-linguet-simon-nicolas-henry\/","title":{"rendered":"Du plus heureux gouvernement,  M. Linguet [Simon-Nicolas-Henry]"},"content":{"rendered":"<p>Du plus heureux gouvernement ou Parall\u00e8le des constitutions politiques de l\u2019Asie avec celles de l\u2019Europe. Servant d\u2019introduction \u00e0 la Th\u00e9orie des Loix civiles, 2 tomes en un volume, complet.<\/p>\n<p>\u00c0 Londres &#8211; Plein veau marbr\u00e9, dos \u00e0 cinq nerfs orn\u00e9\u00a0d\u2019une pi\u00e8ce de titre et d\u2019une tomaison en maroquin lie de vin, tranches petits caillout\u00e9es, 173 x 102, 143 et 256p. Avec table des chapitres pour les deux tomes. 1774. Edition originale. [Tome premier des \u0152uvres en faux-titre, XII en tomaison]. Int\u00e9rieur frais, propre. Reliure propre avec restauration propre en pied de dos et de plat sup\u00e9rieur. Epidermure marqu\u00e9e en t\u00eate de plat inf\u00e9rieur. Coiffe frott\u00e9e. Bon exemplaire bien ferme.<\/p>\n<p>Egalement en stock dans une reliure de m\u00eame format et \u00e0 peu pr\u00e8s identique\u00a0: Th\u00e9orie des Loix civiles, complet en 3 vols. Simon-Nicolas-Henri Linguet ( 1736 &#8211; et guillotin\u00e9 le 27 juin 1794 \u00e0 Paris) est un homme de lettres, journaliste, th\u00e9oricien de la politique, sociologue, historien, \u00e9conomiste, dramaturge, consultant ind\u00e9pendant aupr\u00e8s des gouvernements europ\u00e9ens, avocat radi\u00e9 du barreau et propri\u00e9taire terrien. Il s&rsquo;opposa aux philosophes, aux jans\u00e9nistes, et surtout au lib\u00e9ralisme \u00e9conomique, il en d\u00e9non\u00e7a avec les cons\u00e9quences pour les classes laborieuses.<\/p>\n","protected":false},"excerpt":{"rendered":"<p>Du plus heureux gouvernement ou Parall\u00e8le des constitutions politiques de l\u2019Asie avec celles de l\u2019Europe. Servant d\u2019introduction \u00e0 la Th\u00e9orie des Loix civiles, 2 tomes en un volume, complet. \u00c0 Londres &#8211; Plein veau marbr\u00e9, dos \u00e0 cinq nerfs orn\u00e9\u00a0d\u2019une pi\u00e8ce de titre et d\u2019une tomaison en maroquin lie de vin, tranches petits caillout\u00e9es, 173 &#8230; <a title=\"Du plus heureux gouvernement,  M. Linguet [Simon-Nicolas-Henry]\" class=\"read-more\" href=\"https:\/\/www.livresentre2actions.fr\/fr_fr\/produit\/du-plus-heureux-gouvernement-m-linguet-simon-nicolas-henry\/\" aria-label=\"En savoir plus sur Du plus heureux gouvernement,  M. Linguet [Simon-Nicolas-Henry]\">Lire plus<\/a><\/p>\n","protected":false},"featured_media":19450,"template":"","meta":{"_eb_attr":""},"product_brand":[],"product_cat":[36,77,71],"product_tag":[],"class_list":{"0":"post-19449","1":"product","2":"type-product","3":"status-publish","4":"has-post-thumbnail","6":"product_cat-entre-le-xviiieme-et-le-xixeme-siecle","7":"product_cat-droit","8":"product_cat-illustres-modernes-editions-originales-signees-numerotees","9":"sales-flash-overlay","10":"woocommerce-text-align-center","11":"woocommerce-image-align-center","12":"wc-has-gallery","14":"first","15":"instock","16":"taxable","17":"shipping-taxable","18":"purchasable","19":"product-type-simple"},"aioseo_notices":[],"_links":{"self":[{"href":"https:\/\/www.livresentre2actions.fr\/fr_fr\/wp-json\/wp\/v2\/product\/19449","targetHints":{"allow":["GET"]}}],"collection":[{"href":"https:\/\/www.livresentre2actions.fr\/fr_fr\/wp-json\/wp\/v2\/product"}],"about":[{"href":"https:\/\/www.livresentre2actions.fr\/fr_fr\/wp-json\/wp\/v2\/types\/product"}],"wp:featuredmedia":[{"embeddable":true,"href":"https:\/\/www.livresentre2actions.fr\/fr_fr\/wp-json\/wp\/v2\/media\/19450"}],"wp:attachment":[{"href":"https:\/\/www.livresentre2actions.fr\/fr_fr\/wp-json\/wp\/v2\/media?parent=19449"}],"wp:term":[{"taxonomy":"product_brand","embeddable":true,"href":"https:\/\/www.livresentre2actions.fr\/fr_fr\/wp-json\/wp\/v2\/product_brand?post=19449"},{"taxonomy":"product_cat","embeddable":true,"href":"https:\/\/www.livresentre2actions.fr\/fr_fr\/wp-json\/wp\/v2\/product_cat?post=19449"},{"taxonomy":"product_tag","embeddable":true,"href":"https:\/\/www.livresentre2actions.fr\/fr_fr\/wp-json\/wp\/v2\/product_tag?post=19449"}],"curies":[{"name":"wp","href":"https:\/\/api.w.org\/{rel}","templated":true}]}}