{"id":19417,"date":"2026-03-18T17:35:47","date_gmt":"2026-03-18T16:35:47","guid":{"rendered":"https:\/\/www.livresentre2actions.fr\/?post_type=product&#038;p=19417"},"modified":"2026-03-18T17:35:50","modified_gmt":"2026-03-18T16:35:50","slug":"theorie-des-loix-civiles-trois-tomes-complet-m-linguet","status":"publish","type":"product","link":"https:\/\/www.livresentre2actions.fr\/fr_fr\/produit\/theorie-des-loix-civiles-trois-tomes-complet-m-linguet\/","title":{"rendered":"Th\u00e9orie des Loix civiles, trois tomes, complet &#8211; M. Linguet"},"content":{"rendered":"<p>M. Linguet [Simon-Nicolas-Henry] &#8211; \u00c0 Londres &#8211;<\/p>\n<p>Plein veau marbr\u00e9, dos \u00e0 cinq nerfs orn\u00e9\u00a0d\u2019une pi\u00e8ce de titre et d\u2019une tomaison en maroquin lie de vin, tranches petits caillout\u00e9es, 173 x 102, 275p. (hors table), 302p. (hors table), et 320p. (avec table). 1774. Mention de Nouvelle \u00e9dition revue, corrig\u00e9e &amp; augment\u00e9e. Initialement paru \u00e0 Paris en 1767.<\/p>\n<p>Except\u00e9 une garde tach\u00e9e au tome second, int\u00e9rieur frais pour les trois volumes. Epidermures, frottements, griffes ou taches sombres \u00e0 la reliure pour les trois volumes. Frottements aux coiffes, et coiffe aras\u00e9e au T2.<\/p>\n<p>\u00c9galement en stock dans une reliure de m\u00eame format et \u00e0 peu pr\u00e8s identique : Du plus heureux gouvernement ou Parall\u00e8le des constitutions politiques de l\u2019Asie avec celles de l\u2019Europe.<\/p>\n<p>Tr\u00e8s peu courants, ces deux ouvrages sont consid\u00e9r\u00e9s comme parmi les travaux majeurs de l\u2019auteur. Simon-Nicolas-Henri Linguet ( 1736 &#8211; et guillotin\u00e9 le 27 juin 1794 \u00e0 Paris) est un homme de lettres, journaliste, th\u00e9oricien de la politique, sociologue, historien, \u00e9conomiste, dramaturge, consultant ind\u00e9pendant aupr\u00e8s des gouvernements europ\u00e9ens, avocat radi\u00e9 du barreau et propri\u00e9taire terrien. Il s&rsquo;opposa aux philosophes, aux jans\u00e9nistes, et surtout au lib\u00e9ralisme \u00e9conomique, il en d\u00e9non\u00e7a avec les cons\u00e9quences pour les classes laborieuses.<\/p>\n","protected":false},"excerpt":{"rendered":"<p>M. Linguet [Simon-Nicolas-Henry] &#8211; \u00c0 Londres &#8211; Plein veau marbr\u00e9, dos \u00e0 cinq nerfs orn\u00e9\u00a0d\u2019une pi\u00e8ce de titre et d\u2019une tomaison en maroquin lie de vin, tranches petits caillout\u00e9es, 173 x 102, 275p. (hors table), 302p. (hors table), et 320p. (avec table). 1774. Mention de Nouvelle \u00e9dition revue, corrig\u00e9e &amp; augment\u00e9e. Initialement paru \u00e0 Paris &#8230; <a title=\"Th\u00e9orie des Loix civiles, trois tomes, complet &#8211; M. Linguet\" class=\"read-more\" href=\"https:\/\/www.livresentre2actions.fr\/fr_fr\/produit\/theorie-des-loix-civiles-trois-tomes-complet-m-linguet\/\" aria-label=\"En savoir plus sur Th\u00e9orie des Loix civiles, trois tomes, complet &#8211; M. Linguet\">Lire plus<\/a><\/p>\n","protected":false},"featured_media":19418,"template":"","meta":{"_eb_attr":""},"product_brand":[],"product_cat":[36,77],"product_tag":[],"class_list":{"0":"post-19417","1":"product","2":"type-product","3":"status-publish","4":"has-post-thumbnail","6":"product_cat-entre-le-xviiieme-et-le-xixeme-siecle","7":"product_cat-droit","8":"sales-flash-overlay","9":"woocommerce-text-align-center","10":"woocommerce-image-align-center","11":"wc-has-gallery","13":"first","14":"instock","15":"taxable","16":"shipping-taxable","17":"purchasable","18":"product-type-simple"},"aioseo_notices":[],"_links":{"self":[{"href":"https:\/\/www.livresentre2actions.fr\/fr_fr\/wp-json\/wp\/v2\/product\/19417","targetHints":{"allow":["GET"]}}],"collection":[{"href":"https:\/\/www.livresentre2actions.fr\/fr_fr\/wp-json\/wp\/v2\/product"}],"about":[{"href":"https:\/\/www.livresentre2actions.fr\/fr_fr\/wp-json\/wp\/v2\/types\/product"}],"wp:featuredmedia":[{"embeddable":true,"href":"https:\/\/www.livresentre2actions.fr\/fr_fr\/wp-json\/wp\/v2\/media\/19418"}],"wp:attachment":[{"href":"https:\/\/www.livresentre2actions.fr\/fr_fr\/wp-json\/wp\/v2\/media?parent=19417"}],"wp:term":[{"taxonomy":"product_brand","embeddable":true,"href":"https:\/\/www.livresentre2actions.fr\/fr_fr\/wp-json\/wp\/v2\/product_brand?post=19417"},{"taxonomy":"product_cat","embeddable":true,"href":"https:\/\/www.livresentre2actions.fr\/fr_fr\/wp-json\/wp\/v2\/product_cat?post=19417"},{"taxonomy":"product_tag","embeddable":true,"href":"https:\/\/www.livresentre2actions.fr\/fr_fr\/wp-json\/wp\/v2\/product_tag?post=19417"}],"curies":[{"name":"wp","href":"https:\/\/api.w.org\/{rel}","templated":true}]}}