{"id":19410,"date":"2026-03-18T17:24:31","date_gmt":"2026-03-18T16:24:31","guid":{"rendered":"https:\/\/www.livresentre2actions.fr\/?post_type=product&#038;p=19410"},"modified":"2026-03-18T17:24:31","modified_gmt":"2026-03-18T16:24:31","slug":"discours-prononces-dans-la-seance-publique-tenue-par-lacademie-francaise-pour-la-reception-de-m-edmond-rostand","status":"publish","type":"product","link":"https:\/\/www.livresentre2actions.fr\/fr_fr\/produit\/discours-prononces-dans-la-seance-publique-tenue-par-lacademie-francaise-pour-la-reception-de-m-edmond-rostand\/","title":{"rendered":"Discours prononc\u00e9s dans la s\u00e9ance publique tenue par l&rsquo;acad\u00e9mie fran\u00e7aise pour la r\u00e9ception de M. Edmond Rostand"},"content":{"rendered":"<p>Rostand \/Vicomte de Vog\u00fc\u00e9 &#8211; Firmin-Didot<\/p>\n<p>Broch\u00e9, 255 x 238, 59p. 1892. Int\u00e9rieur tr\u00e8s bon, non coup\u00e9. Discours de Rostand, 34p. Suivi de R\u00e9ponse de M. le Vicomte de Vog\u00fc\u00e9, 22p. Int\u00e9rieur propre, non coup\u00e9. Couvertures insol\u00e9s, mais propres et int\u00e8gres. Bel exemplaire.<\/p>\n<p>&nbsp;<\/p>\n","protected":false},"excerpt":{"rendered":"<p>Rostand \/Vicomte de Vog\u00fc\u00e9 &#8211; Firmin-Didot Broch\u00e9, 255 x 238, 59p. 1892. Int\u00e9rieur tr\u00e8s bon, non coup\u00e9. Discours de Rostand, 34p. Suivi de R\u00e9ponse de M. le Vicomte de Vog\u00fc\u00e9, 22p. Int\u00e9rieur propre, non coup\u00e9. Couvertures insol\u00e9s, mais propres et int\u00e8gres. Bel exemplaire. &nbsp;<\/p>\n","protected":false},"featured_media":19411,"template":"","meta":{"_eb_attr":""},"product_brand":[],"product_cat":[36,76],"product_tag":[],"class_list":{"0":"post-19410","1":"product","2":"type-product","3":"status-publish","4":"has-post-thumbnail","6":"product_cat-entre-le-xviiieme-et-le-xixeme-siecle","7":"product_cat-poesie-theatre-prose","8":"sales-flash-overlay","9":"woocommerce-text-align-center","10":"woocommerce-image-align-center","11":"wc-has-gallery","13":"first","14":"instock","15":"taxable","16":"shipping-taxable","17":"purchasable","18":"product-type-simple"},"aioseo_notices":[],"_links":{"self":[{"href":"https:\/\/www.livresentre2actions.fr\/fr_fr\/wp-json\/wp\/v2\/product\/19410","targetHints":{"allow":["GET"]}}],"collection":[{"href":"https:\/\/www.livresentre2actions.fr\/fr_fr\/wp-json\/wp\/v2\/product"}],"about":[{"href":"https:\/\/www.livresentre2actions.fr\/fr_fr\/wp-json\/wp\/v2\/types\/product"}],"wp:featuredmedia":[{"embeddable":true,"href":"https:\/\/www.livresentre2actions.fr\/fr_fr\/wp-json\/wp\/v2\/media\/19411"}],"wp:attachment":[{"href":"https:\/\/www.livresentre2actions.fr\/fr_fr\/wp-json\/wp\/v2\/media?parent=19410"}],"wp:term":[{"taxonomy":"product_brand","embeddable":true,"href":"https:\/\/www.livresentre2actions.fr\/fr_fr\/wp-json\/wp\/v2\/product_brand?post=19410"},{"taxonomy":"product_cat","embeddable":true,"href":"https:\/\/www.livresentre2actions.fr\/fr_fr\/wp-json\/wp\/v2\/product_cat?post=19410"},{"taxonomy":"product_tag","embeddable":true,"href":"https:\/\/www.livresentre2actions.fr\/fr_fr\/wp-json\/wp\/v2\/product_tag?post=19410"}],"curies":[{"name":"wp","href":"https:\/\/api.w.org\/{rel}","templated":true}]}}