{"id":19365,"date":"2026-03-18T14:36:57","date_gmt":"2026-03-18T13:36:57","guid":{"rendered":"https:\/\/www.livresentre2actions.fr\/?post_type=product&#038;p=19365"},"modified":"2026-03-18T15:24:58","modified_gmt":"2026-03-18T14:24:58","slug":"la-chaussure-son-histoire-ses-legendes-son-compagnonnage-et-ses-cordonniers-celebres","status":"publish","type":"product","link":"https:\/\/www.livresentre2actions.fr\/fr_fr\/produit\/la-chaussure-son-histoire-ses-legendes-son-compagnonnage-et-ses-cordonniers-celebres\/","title":{"rendered":"La chaussure, son histoire, ses l\u00e9gendes son compagnonnage et ses cordonniers c\u00e9l\u00e8bres"},"content":{"rendered":"<p>Michel Juignet (Tourangeau-va-de-bon-coeur compagnon cordonnier-bottier du devoir du tour de France\u200e.)<\/p>\n<p>Chez l\u2019auteur &#8211; Pleine toile sous rhodo\u00efd, 244 x 192, 261p. 1977. Un des 2500 exemplaires de l\u2019\u00e9dition originale. Int\u00e9rieur propre et int\u00e8gre. Pleine toile propre et int\u00e8gre\u00a0; rhodo\u00efd frott\u00e9, mais int\u00e8gre. Bon exemplaire bien ferme.<\/p>\n","protected":false},"excerpt":{"rendered":"<p>Michel Juignet (Tourangeau-va-de-bon-coeur compagnon cordonnier-bottier du devoir du tour de France\u200e.) Chez l\u2019auteur &#8211; Pleine toile sous rhodo\u00efd, 244 x 192, 261p. 1977. Un des 2500 exemplaires de l\u2019\u00e9dition originale. Int\u00e9rieur propre et int\u00e8gre. Pleine toile propre et int\u00e8gre\u00a0; rhodo\u00efd frott\u00e9, mais int\u00e8gre. Bon exemplaire bien ferme.<\/p>\n","protected":false},"featured_media":19366,"template":"","meta":{"_eb_attr":""},"product_brand":[],"product_cat":[37,69],"product_tag":[86],"class_list":{"0":"post-19365","1":"product","2":"type-product","3":"status-publish","4":"has-post-thumbnail","6":"product_cat-a-partir-du-xxeme-siecle","7":"product_cat-sciences-et-techniques","8":"product_tag-illustre","9":"sales-flash-overlay","10":"woocommerce-text-align-center","11":"woocommerce-image-align-center","12":"wc-has-gallery","14":"first","15":"instock","16":"taxable","17":"shipping-taxable","18":"purchasable","19":"product-type-simple"},"aioseo_notices":[],"_links":{"self":[{"href":"https:\/\/www.livresentre2actions.fr\/fr_fr\/wp-json\/wp\/v2\/product\/19365","targetHints":{"allow":["GET"]}}],"collection":[{"href":"https:\/\/www.livresentre2actions.fr\/fr_fr\/wp-json\/wp\/v2\/product"}],"about":[{"href":"https:\/\/www.livresentre2actions.fr\/fr_fr\/wp-json\/wp\/v2\/types\/product"}],"wp:featuredmedia":[{"embeddable":true,"href":"https:\/\/www.livresentre2actions.fr\/fr_fr\/wp-json\/wp\/v2\/media\/19366"}],"wp:attachment":[{"href":"https:\/\/www.livresentre2actions.fr\/fr_fr\/wp-json\/wp\/v2\/media?parent=19365"}],"wp:term":[{"taxonomy":"product_brand","embeddable":true,"href":"https:\/\/www.livresentre2actions.fr\/fr_fr\/wp-json\/wp\/v2\/product_brand?post=19365"},{"taxonomy":"product_cat","embeddable":true,"href":"https:\/\/www.livresentre2actions.fr\/fr_fr\/wp-json\/wp\/v2\/product_cat?post=19365"},{"taxonomy":"product_tag","embeddable":true,"href":"https:\/\/www.livresentre2actions.fr\/fr_fr\/wp-json\/wp\/v2\/product_tag?post=19365"}],"curies":[{"name":"wp","href":"https:\/\/api.w.org\/{rel}","templated":true}]}}