{"id":19354,"date":"2026-03-18T14:14:14","date_gmt":"2026-03-18T13:14:14","guid":{"rendered":"https:\/\/www.livresentre2actions.fr\/?post_type=product&#038;p=19354"},"modified":"2026-03-18T15:25:10","modified_gmt":"2026-03-18T14:25:10","slug":"histoire-dune-ferme-alfred-giron","status":"publish","type":"product","link":"https:\/\/www.livresentre2actions.fr\/fr_fr\/produit\/histoire-dune-ferme-alfred-giron\/","title":{"rendered":"Histoire d\u2019une ferme &#8211; Alfred Giron"},"content":{"rendered":"<p>Librairie Hachette &#8211; Jolie pleine percaline bleue, \u00e0 dos long orn\u00e9 du titre et de motifs floraux, 228 x 143, 190p. Hors table. 1885. 2\u00e8me \u00e9dition. Avec 19 gravure pleine page hors texte et 16 gravures dans le texte. Int\u00e9rieur propre et int\u00e8gre. Plats et dos insol\u00e9s et frott\u00e9s, avec taches en plat inf\u00e9rieur, coiffe et queue avec pliures, coins frott\u00e9s. Bon exemplaire, bien ferme.<\/p>\n","protected":false},"excerpt":{"rendered":"<p>Librairie Hachette &#8211; Jolie pleine percaline bleue, \u00e0 dos long orn\u00e9 du titre et de motifs floraux, 228 x 143, 190p. Hors table. 1885. 2\u00e8me \u00e9dition. Avec 19 gravure pleine page hors texte et 16 gravures dans le texte. Int\u00e9rieur propre et int\u00e8gre. Plats et dos insol\u00e9s et frott\u00e9s, avec taches en plat inf\u00e9rieur, coiffe &#8230; <a title=\"Histoire d\u2019une ferme &#8211; Alfred Giron\" class=\"read-more\" href=\"https:\/\/www.livresentre2actions.fr\/fr_fr\/produit\/histoire-dune-ferme-alfred-giron\/\" aria-label=\"En savoir plus sur Histoire d\u2019une ferme &#8211; Alfred Giron\">Lire plus<\/a><\/p>\n","protected":false},"featured_media":19355,"template":"","meta":{"_eb_attr":""},"product_brand":[],"product_cat":[36,71,70],"product_tag":[86],"class_list":{"0":"post-19354","1":"product","2":"type-product","3":"status-publish","4":"has-post-thumbnail","6":"product_cat-entre-le-xviiieme-et-le-xixeme-siecle","7":"product_cat-illustres-modernes-editions-originales-signees-numerotees","8":"product_cat-medecine-et-nature","9":"product_tag-illustre","10":"sales-flash-overlay","11":"woocommerce-text-align-center","12":"woocommerce-image-align-center","13":"wc-has-gallery","15":"first","16":"instock","17":"taxable","18":"shipping-taxable","19":"purchasable","20":"product-type-simple"},"aioseo_notices":[],"_links":{"self":[{"href":"https:\/\/www.livresentre2actions.fr\/fr_fr\/wp-json\/wp\/v2\/product\/19354","targetHints":{"allow":["GET"]}}],"collection":[{"href":"https:\/\/www.livresentre2actions.fr\/fr_fr\/wp-json\/wp\/v2\/product"}],"about":[{"href":"https:\/\/www.livresentre2actions.fr\/fr_fr\/wp-json\/wp\/v2\/types\/product"}],"wp:featuredmedia":[{"embeddable":true,"href":"https:\/\/www.livresentre2actions.fr\/fr_fr\/wp-json\/wp\/v2\/media\/19355"}],"wp:attachment":[{"href":"https:\/\/www.livresentre2actions.fr\/fr_fr\/wp-json\/wp\/v2\/media?parent=19354"}],"wp:term":[{"taxonomy":"product_brand","embeddable":true,"href":"https:\/\/www.livresentre2actions.fr\/fr_fr\/wp-json\/wp\/v2\/product_brand?post=19354"},{"taxonomy":"product_cat","embeddable":true,"href":"https:\/\/www.livresentre2actions.fr\/fr_fr\/wp-json\/wp\/v2\/product_cat?post=19354"},{"taxonomy":"product_tag","embeddable":true,"href":"https:\/\/www.livresentre2actions.fr\/fr_fr\/wp-json\/wp\/v2\/product_tag?post=19354"}],"curies":[{"name":"wp","href":"https:\/\/api.w.org\/{rel}","templated":true}]}}