{"id":19331,"date":"2026-03-13T17:26:07","date_gmt":"2026-03-13T16:26:07","guid":{"rendered":"https:\/\/www.livresentre2actions.fr\/?post_type=product&#038;p=19331"},"modified":"2026-03-13T17:26:09","modified_gmt":"2026-03-13T16:26:09","slug":"besnard-la-femme-a-la-lampe-procede-et-imp-george-petit","status":"publish","type":"product","link":"https:\/\/www.livresentre2actions.fr\/fr_fr\/produit\/besnard-la-femme-a-la-lampe-procede-et-imp-george-petit\/","title":{"rendered":"Besnard, La femme \u00e0 la lampe, Proc\u00e9d\u00e9 et Imp. George Petit"},"content":{"rendered":"<p>H\u00e9liogravure sur papier \u00e9pais, 315 x 224. Un peu roussie en marge mais globalement propre.<\/p>\n<p>Georges Petit fut un important galeriste et marchand d&rsquo;art fran\u00e7ais \u00e0 Paris de 1881 \u00e0 1920, date \u00e0 laquelle sa galerie est reprise par Bernheim-Jeune.<\/p>\n","protected":false},"excerpt":{"rendered":"<p>H\u00e9liogravure sur papier \u00e9pais, 315 x 224. Un peu roussie en marge mais globalement propre. Georges Petit fut un important galeriste et marchand d&rsquo;art fran\u00e7ais \u00e0 Paris de 1881 \u00e0 1920, date \u00e0 laquelle sa galerie est reprise par Bernheim-Jeune.<\/p>\n","protected":false},"featured_media":19332,"template":"","meta":{"_eb_attr":""},"product_brand":[],"product_cat":[37,75,74,229],"product_tag":[],"class_list":{"0":"post-19331","1":"product","2":"type-product","3":"status-publish","4":"has-post-thumbnail","6":"product_cat-a-partir-du-xxeme-siecle","7":"product_cat-art","8":"product_cat-collections","9":"product_cat-gravures-toute-epoque","10":"sales-flash-overlay","11":"woocommerce-text-align-center","12":"woocommerce-image-align-center","14":"first","15":"instock","16":"taxable","17":"shipping-taxable","18":"purchasable","19":"product-type-simple"},"aioseo_notices":[],"_links":{"self":[{"href":"https:\/\/www.livresentre2actions.fr\/fr_fr\/wp-json\/wp\/v2\/product\/19331","targetHints":{"allow":["GET"]}}],"collection":[{"href":"https:\/\/www.livresentre2actions.fr\/fr_fr\/wp-json\/wp\/v2\/product"}],"about":[{"href":"https:\/\/www.livresentre2actions.fr\/fr_fr\/wp-json\/wp\/v2\/types\/product"}],"wp:featuredmedia":[{"embeddable":true,"href":"https:\/\/www.livresentre2actions.fr\/fr_fr\/wp-json\/wp\/v2\/media\/19332"}],"wp:attachment":[{"href":"https:\/\/www.livresentre2actions.fr\/fr_fr\/wp-json\/wp\/v2\/media?parent=19331"}],"wp:term":[{"taxonomy":"product_brand","embeddable":true,"href":"https:\/\/www.livresentre2actions.fr\/fr_fr\/wp-json\/wp\/v2\/product_brand?post=19331"},{"taxonomy":"product_cat","embeddable":true,"href":"https:\/\/www.livresentre2actions.fr\/fr_fr\/wp-json\/wp\/v2\/product_cat?post=19331"},{"taxonomy":"product_tag","embeddable":true,"href":"https:\/\/www.livresentre2actions.fr\/fr_fr\/wp-json\/wp\/v2\/product_tag?post=19331"}],"curies":[{"name":"wp","href":"https:\/\/api.w.org\/{rel}","templated":true}]}}