{"id":19297,"date":"2026-03-13T17:11:59","date_gmt":"2026-03-13T16:11:59","guid":{"rendered":"https:\/\/www.livresentre2actions.fr\/?post_type=product&#038;p=19297"},"modified":"2026-03-13T17:12:00","modified_gmt":"2026-03-13T16:12:00","slug":"les-ebenistes-parisiens-du-xix-siecle-1795-1870-leurs-oeuvres-et-leurs-marques","status":"publish","type":"product","link":"https:\/\/www.livresentre2actions.fr\/fr_fr\/produit\/les-ebenistes-parisiens-du-xix-siecle-1795-1870-leurs-oeuvres-et-leurs-marques\/","title":{"rendered":"Les \u00e9b\u00e9nistes parisiens du XIX si\u00e8cle, 1795-1870. Leurs \u0153uvres et leurs marques."},"content":{"rendered":"<p>Ouvrage contenant plus de 4000 notices pr\u00e9sent\u00e9es dans l&rsquo;ordre alphab\u00e9tique, enrichies de reproductions d&rsquo;estampilles et de 308 reproductions de meubles.<\/p>\n<p>Librairie Grund &#8211; Pleine toile \u00e0 dos long titr\u00e9 au dos et en plat sup\u00e9rieur, 277 x 230, 324p. Avec tbles des planches, bandeaux, culs-de-lampe ; hors tble des mati\u00e8res. 1951. Frontispice. 54 planches \u00e0 pleine page. Except\u00e9 des rousseurs en plats sup\u00e9rieur, et en garde, exemplaire propre et int\u00e8gre ; on note \u00e9galement une trace de mouillure en pied de plat sup\u00e9rieur. Bon exemplaire bien ferme.<\/p>\n","protected":false},"excerpt":{"rendered":"<p>Ouvrage contenant plus de 4000 notices pr\u00e9sent\u00e9es dans l&rsquo;ordre alphab\u00e9tique, enrichies de reproductions d&rsquo;estampilles et de 308 reproductions de meubles. Librairie Grund &#8211; Pleine toile \u00e0 dos long titr\u00e9 au dos et en plat sup\u00e9rieur, 277 x 230, 324p. Avec tbles des planches, bandeaux, culs-de-lampe ; hors tble des mati\u00e8res. 1951. Frontispice. 54 planches \u00e0 &#8230; <a title=\"Les \u00e9b\u00e9nistes parisiens du XIX si\u00e8cle, 1795-1870. Leurs \u0153uvres et leurs marques.\" class=\"read-more\" href=\"https:\/\/www.livresentre2actions.fr\/fr_fr\/produit\/les-ebenistes-parisiens-du-xix-siecle-1795-1870-leurs-oeuvres-et-leurs-marques\/\" aria-label=\"En savoir plus sur Les \u00e9b\u00e9nistes parisiens du XIX si\u00e8cle, 1795-1870. Leurs \u0153uvres et leurs marques.\">Lire plus<\/a><\/p>\n","protected":false},"featured_media":19298,"template":"","meta":{"_eb_attr":""},"product_brand":[],"product_cat":[37,75,71,97,69],"product_tag":[],"class_list":{"0":"post-19297","1":"product","2":"type-product","3":"status-publish","4":"has-post-thumbnail","6":"product_cat-a-partir-du-xxeme-siecle","7":"product_cat-art","8":"product_cat-illustres-modernes-editions-originales-signees-numerotees","9":"product_cat-regionalia-divers","10":"product_cat-sciences-et-techniques","11":"sales-flash-overlay","12":"woocommerce-text-align-center","13":"woocommerce-image-align-center","14":"wc-has-gallery","16":"first","17":"instock","18":"taxable","19":"shipping-taxable","20":"purchasable","21":"product-type-simple"},"aioseo_notices":[],"_links":{"self":[{"href":"https:\/\/www.livresentre2actions.fr\/fr_fr\/wp-json\/wp\/v2\/product\/19297","targetHints":{"allow":["GET"]}}],"collection":[{"href":"https:\/\/www.livresentre2actions.fr\/fr_fr\/wp-json\/wp\/v2\/product"}],"about":[{"href":"https:\/\/www.livresentre2actions.fr\/fr_fr\/wp-json\/wp\/v2\/types\/product"}],"wp:featuredmedia":[{"embeddable":true,"href":"https:\/\/www.livresentre2actions.fr\/fr_fr\/wp-json\/wp\/v2\/media\/19298"}],"wp:attachment":[{"href":"https:\/\/www.livresentre2actions.fr\/fr_fr\/wp-json\/wp\/v2\/media?parent=19297"}],"wp:term":[{"taxonomy":"product_brand","embeddable":true,"href":"https:\/\/www.livresentre2actions.fr\/fr_fr\/wp-json\/wp\/v2\/product_brand?post=19297"},{"taxonomy":"product_cat","embeddable":true,"href":"https:\/\/www.livresentre2actions.fr\/fr_fr\/wp-json\/wp\/v2\/product_cat?post=19297"},{"taxonomy":"product_tag","embeddable":true,"href":"https:\/\/www.livresentre2actions.fr\/fr_fr\/wp-json\/wp\/v2\/product_tag?post=19297"}],"curies":[{"name":"wp","href":"https:\/\/api.w.org\/{rel}","templated":true}]}}