{"id":19262,"date":"2026-03-13T16:45:27","date_gmt":"2026-03-13T15:45:27","guid":{"rendered":"https:\/\/www.livresentre2actions.fr\/?post_type=product&#038;p=19262"},"modified":"2026-03-13T16:50:13","modified_gmt":"2026-03-13T15:50:13","slug":"memoire-sur-les-inondations-de-lardeche-m-de-mardigny-paul","status":"publish","type":"product","link":"https:\/\/www.livresentre2actions.fr\/fr_fr\/produit\/memoire-sur-les-inondations-de-lardeche-m-de-mardigny-paul\/","title":{"rendered":"M\u00e9moire sur les inondations de l\u2019Ard\u00e8che, M. de Mardigny (Paul)"},"content":{"rendered":"<p>Dalmont et Dunod \u00e9diteurs<br \/>\nBroch\u00e9, 226 x 142, 48p. 1860. Edition originale enrichie d\u2019un envoi sign\u00e9 de l\u2019auteur en t\u00eate de couverture. Avec 9 figures in fine sur deux grands planches d\u00e9pliantes int\u00e8gres (une carte et des graphiques sur les crues de l\u2019Ard\u00e8che). Exemplaire non coup\u00e9, int\u00e8gre, rousseurs marginales. Exemplaire r\u00e9form\u00e9 de la biblioth\u00e8que de a soci\u00e9t\u00e9 d\u2019arch\u00e9ologie lorraine\u00a0avec un code et un cachet au titre, un cachet en derni\u00e8re page, un code en pied de dos. Ing\u00e9nieur Ponts-et-Chauss\u00e9es, Paul de Mardigny a publi\u00e9 divers travaux sur la navigation, le r\u00e9gime des cours d\u2019eau ou l\u2019irrigation, les plus c\u00e9l\u00e8bres \u00e9tant ceux relatifs \u00e0 l\u2019Ard\u00e8che et \u00e0 la Meuse.<\/p>\n","protected":false},"excerpt":{"rendered":"<p>Dalmont et Dunod \u00e9diteurs Broch\u00e9, 226 x 142, 48p. 1860. Edition originale enrichie d\u2019un envoi sign\u00e9 de l\u2019auteur en t\u00eate de couverture. Avec 9 figures in fine sur deux grands planches d\u00e9pliantes int\u00e8gres (une carte et des graphiques sur les crues de l\u2019Ard\u00e8che). Exemplaire non coup\u00e9, int\u00e8gre, rousseurs marginales. Exemplaire r\u00e9form\u00e9 de la biblioth\u00e8que de &#8230; <a title=\"M\u00e9moire sur les inondations de l\u2019Ard\u00e8che, M. de Mardigny (Paul)\" class=\"read-more\" href=\"https:\/\/www.livresentre2actions.fr\/fr_fr\/produit\/memoire-sur-les-inondations-de-lardeche-m-de-mardigny-paul\/\" aria-label=\"En savoir plus sur M\u00e9moire sur les inondations de l\u2019Ard\u00e8che, M. de Mardigny (Paul)\">Lire plus<\/a><\/p>\n","protected":false},"featured_media":19263,"template":"","meta":{"_eb_attr":""},"product_brand":[],"product_cat":[36,71,73,97,69],"product_tag":[87],"class_list":{"0":"post-19262","1":"product","2":"type-product","3":"status-publish","4":"has-post-thumbnail","6":"product_cat-entre-le-xviiieme-et-le-xixeme-siecle","7":"product_cat-illustres-modernes-editions-originales-signees-numerotees","8":"product_cat-histoires-et-recits-de-voyage","9":"product_cat-regionalia-divers","10":"product_cat-sciences-et-techniques","11":"product_tag-signe","12":"sales-flash-overlay","13":"woocommerce-text-align-center","14":"woocommerce-image-align-center","15":"wc-has-gallery","17":"first","18":"instock","19":"taxable","20":"shipping-taxable","21":"purchasable","22":"product-type-simple"},"aioseo_notices":[],"_links":{"self":[{"href":"https:\/\/www.livresentre2actions.fr\/fr_fr\/wp-json\/wp\/v2\/product\/19262","targetHints":{"allow":["GET"]}}],"collection":[{"href":"https:\/\/www.livresentre2actions.fr\/fr_fr\/wp-json\/wp\/v2\/product"}],"about":[{"href":"https:\/\/www.livresentre2actions.fr\/fr_fr\/wp-json\/wp\/v2\/types\/product"}],"wp:featuredmedia":[{"embeddable":true,"href":"https:\/\/www.livresentre2actions.fr\/fr_fr\/wp-json\/wp\/v2\/media\/19263"}],"wp:attachment":[{"href":"https:\/\/www.livresentre2actions.fr\/fr_fr\/wp-json\/wp\/v2\/media?parent=19262"}],"wp:term":[{"taxonomy":"product_brand","embeddable":true,"href":"https:\/\/www.livresentre2actions.fr\/fr_fr\/wp-json\/wp\/v2\/product_brand?post=19262"},{"taxonomy":"product_cat","embeddable":true,"href":"https:\/\/www.livresentre2actions.fr\/fr_fr\/wp-json\/wp\/v2\/product_cat?post=19262"},{"taxonomy":"product_tag","embeddable":true,"href":"https:\/\/www.livresentre2actions.fr\/fr_fr\/wp-json\/wp\/v2\/product_tag?post=19262"}],"curies":[{"name":"wp","href":"https:\/\/api.w.org\/{rel}","templated":true}]}}