{"id":19246,"date":"2026-03-13T16:25:01","date_gmt":"2026-03-13T15:25:01","guid":{"rendered":"https:\/\/www.livresentre2actions.fr\/?post_type=product&#038;p=19246"},"modified":"2026-03-13T16:25:44","modified_gmt":"2026-03-13T15:25:44","slug":"du-natal-au-zambeze-1851-1866-recits-de-chasses-w-c-baldwin","status":"publish","type":"product","link":"https:\/\/www.livresentre2actions.fr\/fr_fr\/produit\/du-natal-au-zambeze-1851-1866-recits-de-chasses-w-c-baldwin\/","title":{"rendered":"Du Natal au Zamb\u00e8ze. 1851-1866. R\u00e9cits de Chasses &#8211; W. C. Baldwin"},"content":{"rendered":"<p>Du Natal au Zamb\u00e8ze. 1851-1866. R\u00e9cits de Chasses. Reli\u00e9 \u00e0 la suite\u00a0: Les grandes chasses, Biblioth\u00e8que des merveilles<\/p>\n<p>W. C. Baldwin \/ Victor Meunier &#8211; Librairie Hachette<\/p>\n<p>Demi-veau brun, dos long orn\u00e9 du titre, 176 x 120, 308p. avec table. 1872. Deuxi\u00e8me \u00e9dition. traduit par Mme Henriette Loreau, abr\u00e9g\u00e9s par J. Belin de Launay. Une carte in fine et 24 gravures sur bois, dont portrait de l\u2019auteur en frontispice. Complet. Reli\u00e9 avec\u00a0: Les grandes chasses, Victor Meunier, Biblioth\u00e8que des merveilles, 4\u00e8me \u00e9dition, 1877. 304p. Hors table\u00a0; avec 38 vignettes par Lan\u00e7on, Melville, etc. certaines \u00e0 pleine page. Reliure de E. Jolly, Charleville (vignette coll\u00e9e en contreplat sup\u00e9rieur). Int\u00e9rieur propre, rousseurs marginales. Reliure frott\u00e9e et pass\u00e9e, mais bon exemplaire bien ferme.<\/p>\n","protected":false},"excerpt":{"rendered":"<p>Du Natal au Zamb\u00e8ze. 1851-1866. R\u00e9cits de Chasses. Reli\u00e9 \u00e0 la suite\u00a0: Les grandes chasses, Biblioth\u00e8que des merveilles W. C. Baldwin \/ Victor Meunier &#8211; Librairie Hachette Demi-veau brun, dos long orn\u00e9 du titre, 176 x 120, 308p. avec table. 1872. Deuxi\u00e8me \u00e9dition. traduit par Mme Henriette Loreau, abr\u00e9g\u00e9s par J. Belin de Launay. Une &#8230; <a title=\"Du Natal au Zamb\u00e8ze. 1851-1866. R\u00e9cits de Chasses &#8211; W. C. Baldwin\" class=\"read-more\" href=\"https:\/\/www.livresentre2actions.fr\/fr_fr\/produit\/du-natal-au-zambeze-1851-1866-recits-de-chasses-w-c-baldwin\/\" aria-label=\"En savoir plus sur Du Natal au Zamb\u00e8ze. 1851-1866. R\u00e9cits de Chasses &#8211; W. C. Baldwin\">Lire plus<\/a><\/p>\n","protected":false},"featured_media":19247,"template":"","meta":{"_eb_attr":""},"product_brand":[],"product_cat":[36,71,73],"product_tag":[86],"class_list":{"0":"post-19246","1":"product","2":"type-product","3":"status-publish","4":"has-post-thumbnail","6":"product_cat-entre-le-xviiieme-et-le-xixeme-siecle","7":"product_cat-illustres-modernes-editions-originales-signees-numerotees","8":"product_cat-histoires-et-recits-de-voyage","9":"product_tag-illustre","10":"sales-flash-overlay","11":"woocommerce-text-align-center","12":"woocommerce-image-align-center","13":"wc-has-gallery","15":"first","16":"instock","17":"taxable","18":"shipping-taxable","19":"purchasable","20":"product-type-simple"},"aioseo_notices":[],"_links":{"self":[{"href":"https:\/\/www.livresentre2actions.fr\/fr_fr\/wp-json\/wp\/v2\/product\/19246","targetHints":{"allow":["GET"]}}],"collection":[{"href":"https:\/\/www.livresentre2actions.fr\/fr_fr\/wp-json\/wp\/v2\/product"}],"about":[{"href":"https:\/\/www.livresentre2actions.fr\/fr_fr\/wp-json\/wp\/v2\/types\/product"}],"wp:featuredmedia":[{"embeddable":true,"href":"https:\/\/www.livresentre2actions.fr\/fr_fr\/wp-json\/wp\/v2\/media\/19247"}],"wp:attachment":[{"href":"https:\/\/www.livresentre2actions.fr\/fr_fr\/wp-json\/wp\/v2\/media?parent=19246"}],"wp:term":[{"taxonomy":"product_brand","embeddable":true,"href":"https:\/\/www.livresentre2actions.fr\/fr_fr\/wp-json\/wp\/v2\/product_brand?post=19246"},{"taxonomy":"product_cat","embeddable":true,"href":"https:\/\/www.livresentre2actions.fr\/fr_fr\/wp-json\/wp\/v2\/product_cat?post=19246"},{"taxonomy":"product_tag","embeddable":true,"href":"https:\/\/www.livresentre2actions.fr\/fr_fr\/wp-json\/wp\/v2\/product_tag?post=19246"}],"curies":[{"name":"wp","href":"https:\/\/api.w.org\/{rel}","templated":true}]}}