{"id":19232,"date":"2026-03-13T15:40:22","date_gmt":"2026-03-13T14:40:22","guid":{"rendered":"https:\/\/www.livresentre2actions.fr\/?post_type=product&#038;p=19232"},"modified":"2026-03-13T15:42:24","modified_gmt":"2026-03-13T14:42:24","slug":"la-resurrection-des-villes-mortes-2-volumes-marcel-brion","status":"publish","type":"product","link":"https:\/\/www.livresentre2actions.fr\/fr_fr\/produit\/la-resurrection-des-villes-mortes-2-volumes-marcel-brion\/","title":{"rendered":"La r\u00e9surrection des villes mortes (2 volumes), Marcel Brion"},"content":{"rendered":"<p>Payot &#8211; Demi-basane tabac, dos long orn\u00e9 d\u2019une pi\u00e8ce de titre noire, reliure sign\u00e9e ou ex-libris Lucie Weil (galeriste des ann\u00e9es 30), 225 x 145. T1, 308p. Avec une carte. 1937. T2, 343p. Hors tble. 1938. Premi\u00e8re \u00e9dition pour les deux tomes. Tr\u00e8s bons exemplaires, propre, int\u00e8gre, bien ferme.<\/p>\n","protected":false},"excerpt":{"rendered":"<p>Payot &#8211; Demi-basane tabac, dos long orn\u00e9 d\u2019une pi\u00e8ce de titre noire, reliure sign\u00e9e ou ex-libris Lucie Weil (galeriste des ann\u00e9es 30), 225 x 145. T1, 308p. Avec une carte. 1937. T2, 343p. Hors tble. 1938. Premi\u00e8re \u00e9dition pour les deux tomes. Tr\u00e8s bons exemplaires, propre, int\u00e8gre, bien ferme.<\/p>\n","protected":false},"featured_media":19233,"template":"","meta":{"_eb_attr":""},"product_brand":[],"product_cat":[37,71,73],"product_tag":[94],"class_list":{"0":"post-19232","1":"product","2":"type-product","3":"status-publish","4":"has-post-thumbnail","6":"product_cat-a-partir-du-xxeme-siecle","7":"product_cat-illustres-modernes-editions-originales-signees-numerotees","8":"product_cat-histoires-et-recits-de-voyage","9":"product_tag-provenance","10":"sales-flash-overlay","11":"woocommerce-text-align-center","12":"woocommerce-image-align-center","13":"wc-has-gallery","15":"first","16":"instock","17":"taxable","18":"shipping-taxable","19":"purchasable","20":"product-type-simple"},"aioseo_notices":[],"_links":{"self":[{"href":"https:\/\/www.livresentre2actions.fr\/fr_fr\/wp-json\/wp\/v2\/product\/19232","targetHints":{"allow":["GET"]}}],"collection":[{"href":"https:\/\/www.livresentre2actions.fr\/fr_fr\/wp-json\/wp\/v2\/product"}],"about":[{"href":"https:\/\/www.livresentre2actions.fr\/fr_fr\/wp-json\/wp\/v2\/types\/product"}],"wp:featuredmedia":[{"embeddable":true,"href":"https:\/\/www.livresentre2actions.fr\/fr_fr\/wp-json\/wp\/v2\/media\/19233"}],"wp:attachment":[{"href":"https:\/\/www.livresentre2actions.fr\/fr_fr\/wp-json\/wp\/v2\/media?parent=19232"}],"wp:term":[{"taxonomy":"product_brand","embeddable":true,"href":"https:\/\/www.livresentre2actions.fr\/fr_fr\/wp-json\/wp\/v2\/product_brand?post=19232"},{"taxonomy":"product_cat","embeddable":true,"href":"https:\/\/www.livresentre2actions.fr\/fr_fr\/wp-json\/wp\/v2\/product_cat?post=19232"},{"taxonomy":"product_tag","embeddable":true,"href":"https:\/\/www.livresentre2actions.fr\/fr_fr\/wp-json\/wp\/v2\/product_tag?post=19232"}],"curies":[{"name":"wp","href":"https:\/\/api.w.org\/{rel}","templated":true}]}}