{"id":19210,"date":"2026-03-12T09:18:11","date_gmt":"2026-03-12T08:18:11","guid":{"rendered":"https:\/\/www.livresentre2actions.fr\/?post_type=product&#038;p=19210"},"modified":"2026-03-12T09:19:15","modified_gmt":"2026-03-12T08:19:15","slug":"salon-de-tapiceria-lit-sanguesa-barcelona","status":"publish","type":"product","link":"https:\/\/www.livresentre2actions.fr\/fr_fr\/produit\/salon-de-tapiceria-lit-sanguesa-barcelona\/","title":{"rendered":"Salon de Tapiceria &#8211; Lit. Sang\u00fcesa Barcelona"},"content":{"rendered":"<p>Portfolio cartonn\u00e9 \u00e0 lacets, dos toil\u00e9 muet, 230 x 366, sans date, 1930-1933 ca. Avec 30 planches num\u00e9rot\u00e9es 1 \u00e0 30, en noir et blanc repr\u00e9sentant du mobilier de salon dans diff\u00e9rents styles historiques : Renaissance espagnole, Empire, Moderne (divers dont rideaux et livings), Hepplewhite, Adam, Jacob\u00e9en, R\u00e9gence, \u00c9lisab\u00e9thain, Louis XIV, Louis XV, Louis XVI, Moderne anglais, Moderne colonial, William Mary, Sheraton, Baroque, Georgian [style anglais 1720-1840], Reine Anne, Carlos II, ainsi que des mod\u00e8les modernes et des rideaux. Premi\u00e8re planche avec rousseurs, toutes les autres sont propres, et quelques rousseurs sur la derni\u00e8re (principalement au verso).Plats cartonn\u00e9s avec rousseurs. Dos toil\u00e9 avec d\u00e9chirure en t\u00eate et pied. Bon exemplaire.<\/p>\n","protected":false},"excerpt":{"rendered":"<p>Portfolio cartonn\u00e9 \u00e0 lacets, dos toil\u00e9 muet, 230 x 366, sans date, 1930-1933 ca. Avec 30 planches num\u00e9rot\u00e9es 1 \u00e0 30, en noir et blanc repr\u00e9sentant du mobilier de salon dans diff\u00e9rents styles historiques : Renaissance espagnole, Empire, Moderne (divers dont rideaux et livings), Hepplewhite, Adam, Jacob\u00e9en, R\u00e9gence, \u00c9lisab\u00e9thain, Louis XIV, Louis XV, Louis XVI, &#8230; <a title=\"Salon de Tapiceria &#8211; Lit. Sang\u00fcesa Barcelona\" class=\"read-more\" href=\"https:\/\/www.livresentre2actions.fr\/fr_fr\/produit\/salon-de-tapiceria-lit-sanguesa-barcelona\/\" aria-label=\"En savoir plus sur Salon de Tapiceria &#8211; Lit. Sang\u00fcesa Barcelona\">Lire plus<\/a><\/p>\n","protected":false},"featured_media":19211,"template":"","meta":{"_eb_attr":""},"product_brand":[],"product_cat":[37,75,71,73,69],"product_tag":[],"class_list":{"0":"post-19210","1":"product","2":"type-product","3":"status-publish","4":"has-post-thumbnail","6":"product_cat-a-partir-du-xxeme-siecle","7":"product_cat-art","8":"product_cat-illustres-modernes-editions-originales-signees-numerotees","9":"product_cat-histoires-et-recits-de-voyage","10":"product_cat-sciences-et-techniques","11":"sales-flash-overlay","12":"woocommerce-text-align-center","13":"woocommerce-image-align-center","14":"wc-has-gallery","16":"first","17":"instock","18":"taxable","19":"shipping-taxable","20":"purchasable","21":"product-type-simple"},"aioseo_notices":[],"_links":{"self":[{"href":"https:\/\/www.livresentre2actions.fr\/fr_fr\/wp-json\/wp\/v2\/product\/19210","targetHints":{"allow":["GET"]}}],"collection":[{"href":"https:\/\/www.livresentre2actions.fr\/fr_fr\/wp-json\/wp\/v2\/product"}],"about":[{"href":"https:\/\/www.livresentre2actions.fr\/fr_fr\/wp-json\/wp\/v2\/types\/product"}],"wp:featuredmedia":[{"embeddable":true,"href":"https:\/\/www.livresentre2actions.fr\/fr_fr\/wp-json\/wp\/v2\/media\/19211"}],"wp:attachment":[{"href":"https:\/\/www.livresentre2actions.fr\/fr_fr\/wp-json\/wp\/v2\/media?parent=19210"}],"wp:term":[{"taxonomy":"product_brand","embeddable":true,"href":"https:\/\/www.livresentre2actions.fr\/fr_fr\/wp-json\/wp\/v2\/product_brand?post=19210"},{"taxonomy":"product_cat","embeddable":true,"href":"https:\/\/www.livresentre2actions.fr\/fr_fr\/wp-json\/wp\/v2\/product_cat?post=19210"},{"taxonomy":"product_tag","embeddable":true,"href":"https:\/\/www.livresentre2actions.fr\/fr_fr\/wp-json\/wp\/v2\/product_tag?post=19210"}],"curies":[{"name":"wp","href":"https:\/\/api.w.org\/{rel}","templated":true}]}}