{"id":19194,"date":"2026-03-11T15:29:34","date_gmt":"2026-03-11T14:29:34","guid":{"rendered":"https:\/\/www.livresentre2actions.fr\/?post_type=product&#038;p=19194"},"modified":"2026-03-11T15:37:15","modified_gmt":"2026-03-11T14:37:15","slug":"karnak-amon-re-la-genese-dun-temple-la-naissance-dun-dieu","status":"publish","type":"product","link":"https:\/\/www.livresentre2actions.fr\/fr_fr\/produit\/karnak-amon-re-la-genese-dun-temple-la-naissance-dun-dieu\/","title":{"rendered":"Karnak, Amon-R\u00e9 : la gen\u00e8se d&rsquo;un temple, la naissance d&rsquo;un dieu"},"content":{"rendered":"<p>Luc Garolde &#8211; Institut fran\u00e7ais d\u2019arch\u00e9ologie orientale<br \/>\nCartonnage \u00e9diteur, 282 x 206, 709p. 2018. Tr\u00e8s bon exemplaire, propre, int\u00e8gre bien ferme, avec ex-libris en faux-titre et en derni\u00e8re page. Histoire et \u00e9tude arch\u00e9ologique et th\u00e9ologique de la chapelle d&rsquo;Amenhotep Ier Thoutmosis Ier du temple de Karnak, avec traduction et commentaire de ses inscriptions.<\/p>\n","protected":false},"excerpt":{"rendered":"<p>Luc Garolde &#8211; Institut fran\u00e7ais d\u2019arch\u00e9ologie orientale Cartonnage \u00e9diteur, 282 x 206, 709p. 2018. Tr\u00e8s bon exemplaire, propre, int\u00e8gre bien ferme, avec ex-libris en faux-titre et en derni\u00e8re page. Histoire et \u00e9tude arch\u00e9ologique et th\u00e9ologique de la chapelle d&rsquo;Amenhotep Ier Thoutmosis Ier du temple de Karnak, avec traduction et commentaire de ses inscriptions.<\/p>\n","protected":false},"featured_media":19195,"template":"","meta":{"_eb_attr":""},"product_brand":[],"product_cat":[37,71,73],"product_tag":[86],"class_list":{"0":"post-19194","1":"product","2":"type-product","3":"status-publish","4":"has-post-thumbnail","6":"product_cat-a-partir-du-xxeme-siecle","7":"product_cat-illustres-modernes-editions-originales-signees-numerotees","8":"product_cat-histoires-et-recits-de-voyage","9":"product_tag-illustre","10":"sales-flash-overlay","11":"woocommerce-text-align-center","12":"woocommerce-image-align-center","13":"wc-has-gallery","15":"first","16":"instock","17":"taxable","18":"shipping-taxable","19":"purchasable","20":"product-type-simple"},"aioseo_notices":[],"_links":{"self":[{"href":"https:\/\/www.livresentre2actions.fr\/fr_fr\/wp-json\/wp\/v2\/product\/19194","targetHints":{"allow":["GET"]}}],"collection":[{"href":"https:\/\/www.livresentre2actions.fr\/fr_fr\/wp-json\/wp\/v2\/product"}],"about":[{"href":"https:\/\/www.livresentre2actions.fr\/fr_fr\/wp-json\/wp\/v2\/types\/product"}],"wp:featuredmedia":[{"embeddable":true,"href":"https:\/\/www.livresentre2actions.fr\/fr_fr\/wp-json\/wp\/v2\/media\/19195"}],"wp:attachment":[{"href":"https:\/\/www.livresentre2actions.fr\/fr_fr\/wp-json\/wp\/v2\/media?parent=19194"}],"wp:term":[{"taxonomy":"product_brand","embeddable":true,"href":"https:\/\/www.livresentre2actions.fr\/fr_fr\/wp-json\/wp\/v2\/product_brand?post=19194"},{"taxonomy":"product_cat","embeddable":true,"href":"https:\/\/www.livresentre2actions.fr\/fr_fr\/wp-json\/wp\/v2\/product_cat?post=19194"},{"taxonomy":"product_tag","embeddable":true,"href":"https:\/\/www.livresentre2actions.fr\/fr_fr\/wp-json\/wp\/v2\/product_tag?post=19194"}],"curies":[{"name":"wp","href":"https:\/\/api.w.org\/{rel}","templated":true}]}}