{"id":19178,"date":"2026-03-11T15:12:44","date_gmt":"2026-03-11T14:12:44","guid":{"rendered":"https:\/\/www.livresentre2actions.fr\/?post_type=product&#038;p=19178"},"modified":"2026-03-11T15:13:15","modified_gmt":"2026-03-11T14:13:15","slug":"unterhaltungen-fur-anfanger-in-der-zeichenkunst-x-xi-xii-et-xiii-heft","status":"publish","type":"product","link":"https:\/\/www.livresentre2actions.fr\/fr_fr\/produit\/unterhaltungen-fur-anfanger-in-der-zeichenkunst-x-xi-xii-et-xiii-heft\/","title":{"rendered":"Unterhaltungen f\u00fcr Anf\u00e4nger in der Zeichenkunst X, XI, XII et XIII. Heft"},"content":{"rendered":"<p>Dresden, Verlegts P.C. Hilscher<br \/>\nCartonnage gris muet, avec une vignette coll\u00e9e en plat sup\u00e9rieur par un d\u00e9tenteur pr\u00e9c\u00e9dent, format italien, 220 x 335, sans titre ni date. Mais probablement 1779.<\/p>\n<p>Heft X comprend deux gravures dont une sign\u00e9e Klengel, 1775 et l\u2019autre grav\u00e9 par Carl Gottfried Nestler 1779.<\/p>\n<p>Heft XI : 1 gravure sign\u00e9e Schr\u00ebger.<\/p>\n<p>Heft XII : 9 gravures dont 4 paysages (3 anim\u00e9es et 2 l\u00e9gend\u00e9es &#8211; \u00ab Das Weer hinter der Pusch=M\u00fchle, in Plauschen Grunde bey Dresden. Par Klengel\u00bb et \u00ab gegend von oberwarthe be\u00ff dresden \u00bb, par le m\u00eame. ) et 4 portraits f\u00e9minins (dont 3 titr\u00e9es La distraction ; La faible consolation ; et le dernier dessin\u00e9 par Schenau et grav\u00e9 par G. F. Swelzel, et l\u00e9gend\u00e9e par un vers de Congreve.<\/p>\n<p>Heft XIII, 3 gravures dont un paysage anim\u00e9 sign\u00e9 Klengel et dat\u00e9 1775.<\/p>\n<p>Soit au total 15 gravures. Des rousseurs en marge sinon bon \u00e9tat g\u00e9n\u00e9ral ; la premi\u00e8re avec plus fortes rousseurs et d\u00e9tach\u00e9e. Plats cartonn\u00e9s avec rousseurs, inscriptions, des manques au dos.<\/p>\n","protected":false},"excerpt":{"rendered":"<p>Dresden, Verlegts P.C. Hilscher Cartonnage gris muet, avec une vignette coll\u00e9e en plat sup\u00e9rieur par un d\u00e9tenteur pr\u00e9c\u00e9dent, format italien, 220 x 335, sans titre ni date. Mais probablement 1779. Heft X comprend deux gravures dont une sign\u00e9e Klengel, 1775 et l\u2019autre grav\u00e9 par Carl Gottfried Nestler 1779. Heft XI : 1 gravure sign\u00e9e Schr\u00ebger. &#8230; <a title=\"Unterhaltungen f\u00fcr Anf\u00e4nger in der Zeichenkunst X, XI, XII et XIII. Heft\" class=\"read-more\" href=\"https:\/\/www.livresentre2actions.fr\/fr_fr\/produit\/unterhaltungen-fur-anfanger-in-der-zeichenkunst-x-xi-xii-et-xiii-heft\/\" aria-label=\"En savoir plus sur Unterhaltungen f\u00fcr Anf\u00e4nger in der Zeichenkunst X, XI, XII et XIII. Heft\">Lire plus<\/a><\/p>\n","protected":false},"featured_media":19179,"template":"","meta":{"_eb_attr":""},"product_brand":[],"product_cat":[36,75,71],"product_tag":[],"class_list":{"0":"post-19178","1":"product","2":"type-product","3":"status-publish","4":"has-post-thumbnail","6":"product_cat-entre-le-xviiieme-et-le-xixeme-siecle","7":"product_cat-art","8":"product_cat-illustres-modernes-editions-originales-signees-numerotees","9":"sales-flash-overlay","10":"woocommerce-text-align-center","11":"woocommerce-image-align-center","12":"wc-has-gallery","14":"first","15":"instock","16":"taxable","17":"shipping-taxable","18":"purchasable","19":"product-type-simple"},"aioseo_notices":[],"_links":{"self":[{"href":"https:\/\/www.livresentre2actions.fr\/fr_fr\/wp-json\/wp\/v2\/product\/19178","targetHints":{"allow":["GET"]}}],"collection":[{"href":"https:\/\/www.livresentre2actions.fr\/fr_fr\/wp-json\/wp\/v2\/product"}],"about":[{"href":"https:\/\/www.livresentre2actions.fr\/fr_fr\/wp-json\/wp\/v2\/types\/product"}],"wp:featuredmedia":[{"embeddable":true,"href":"https:\/\/www.livresentre2actions.fr\/fr_fr\/wp-json\/wp\/v2\/media\/19179"}],"wp:attachment":[{"href":"https:\/\/www.livresentre2actions.fr\/fr_fr\/wp-json\/wp\/v2\/media?parent=19178"}],"wp:term":[{"taxonomy":"product_brand","embeddable":true,"href":"https:\/\/www.livresentre2actions.fr\/fr_fr\/wp-json\/wp\/v2\/product_brand?post=19178"},{"taxonomy":"product_cat","embeddable":true,"href":"https:\/\/www.livresentre2actions.fr\/fr_fr\/wp-json\/wp\/v2\/product_cat?post=19178"},{"taxonomy":"product_tag","embeddable":true,"href":"https:\/\/www.livresentre2actions.fr\/fr_fr\/wp-json\/wp\/v2\/product_tag?post=19178"}],"curies":[{"name":"wp","href":"https:\/\/api.w.org\/{rel}","templated":true}]}}