{"id":19066,"date":"2026-03-09T16:10:10","date_gmt":"2026-03-09T15:10:10","guid":{"rendered":"https:\/\/www.livresentre2actions.fr\/?post_type=product&#038;p=19066"},"modified":"2026-03-09T16:10:11","modified_gmt":"2026-03-09T15:10:11","slug":"societe-archeologique-de-larrondissement-davesnes-nord-tome-xxviii","status":"publish","type":"product","link":"https:\/\/www.livresentre2actions.fr\/fr_fr\/produit\/societe-archeologique-de-larrondissement-davesnes-nord-tome-xxviii\/","title":{"rendered":"Soci\u00e9t\u00e9 arch\u00e9ologique de l&rsquo;arrondissement d&rsquo;Avesnes (Nord), tome XXVIII"},"content":{"rendered":"<p>Broch\u00e9, 228 x 163, 311p. Hors table. 1983. Ex-libris au verso de la couverture\u00a0; exemplaires avec quelques soulignages. Couvertures et dos propres et int\u00e8gres. Exemplaire bien ferme.<\/p>\n","protected":false},"excerpt":{"rendered":"<p>Broch\u00e9, 228 x 163, 311p. Hors table. 1983. Ex-libris au verso de la couverture\u00a0; exemplaires avec quelques soulignages. Couvertures et dos propres et int\u00e8gres. Exemplaire bien ferme.<\/p>\n","protected":false},"featured_media":19067,"template":"","meta":{"_eb_attr":""},"product_brand":[],"product_cat":[37,81,73,99],"product_tag":[],"class_list":{"0":"post-19066","1":"product","2":"type-product","3":"status-publish","4":"has-post-thumbnail","6":"product_cat-a-partir-du-xxeme-siecle","7":"product_cat-hauts-de-france","8":"product_cat-histoires-et-recits-de-voyage","9":"product_cat-revues","10":"sales-flash-overlay","11":"woocommerce-text-align-center","12":"woocommerce-image-align-center","13":"wc-has-gallery","15":"first","16":"instock","17":"taxable","18":"shipping-taxable","19":"purchasable","20":"product-type-simple"},"aioseo_notices":[],"_links":{"self":[{"href":"https:\/\/www.livresentre2actions.fr\/fr_fr\/wp-json\/wp\/v2\/product\/19066","targetHints":{"allow":["GET"]}}],"collection":[{"href":"https:\/\/www.livresentre2actions.fr\/fr_fr\/wp-json\/wp\/v2\/product"}],"about":[{"href":"https:\/\/www.livresentre2actions.fr\/fr_fr\/wp-json\/wp\/v2\/types\/product"}],"wp:featuredmedia":[{"embeddable":true,"href":"https:\/\/www.livresentre2actions.fr\/fr_fr\/wp-json\/wp\/v2\/media\/19067"}],"wp:attachment":[{"href":"https:\/\/www.livresentre2actions.fr\/fr_fr\/wp-json\/wp\/v2\/media?parent=19066"}],"wp:term":[{"taxonomy":"product_brand","embeddable":true,"href":"https:\/\/www.livresentre2actions.fr\/fr_fr\/wp-json\/wp\/v2\/product_brand?post=19066"},{"taxonomy":"product_cat","embeddable":true,"href":"https:\/\/www.livresentre2actions.fr\/fr_fr\/wp-json\/wp\/v2\/product_cat?post=19066"},{"taxonomy":"product_tag","embeddable":true,"href":"https:\/\/www.livresentre2actions.fr\/fr_fr\/wp-json\/wp\/v2\/product_tag?post=19066"}],"curies":[{"name":"wp","href":"https:\/\/api.w.org\/{rel}","templated":true}]}}