{"id":19057,"date":"2026-03-09T16:04:39","date_gmt":"2026-03-09T15:04:39","guid":{"rendered":"https:\/\/www.livresentre2actions.fr\/?post_type=product&#038;p=19057"},"modified":"2026-03-09T16:07:23","modified_gmt":"2026-03-09T15:07:23","slug":"lalsace-delivree-1681-1916-revue-lart-et-les-artistes","status":"publish","type":"product","link":"https:\/\/www.livresentre2actions.fr\/fr_fr\/produit\/lalsace-delivree-1681-1916-revue-lart-et-les-artistes\/","title":{"rendered":"L&rsquo;Alsace d\u00e9livr\u00e9e 1681-1916. Revue L&rsquo;art et les artistes"},"content":{"rendered":"<p>Broch\u00e9, 306 x 212, 62p. 1916. Int\u00e9rieur propre avec rousseurs marginales. Nombreuses illustrations (reproductions photogr. et dessins). Provenance tamponn\u00e9e en couverture et en page de titre. Couvertures et dos l\u00e9g\u00e8rement insol\u00e9s, avec une petite d\u00e9chirure sans manque en pied de dos. Bon exemplaire bien ferme.<\/p>\n","protected":false},"excerpt":{"rendered":"<p>Broch\u00e9, 306 x 212, 62p. 1916. Int\u00e9rieur propre avec rousseurs marginales. Nombreuses illustrations (reproductions photogr. et dessins). Provenance tamponn\u00e9e en couverture et en page de titre. Couvertures et dos l\u00e9g\u00e8rement insol\u00e9s, avec une petite d\u00e9chirure sans manque en pied de dos. Bon exemplaire bien ferme.<\/p>\n","protected":false},"featured_media":19058,"template":"","meta":{"_eb_attr":""},"product_brand":[],"product_cat":[37,75,74,71,73,97,99],"product_tag":[],"class_list":{"0":"post-19057","1":"product","2":"type-product","3":"status-publish","4":"has-post-thumbnail","6":"product_cat-a-partir-du-xxeme-siecle","7":"product_cat-art","8":"product_cat-collections","9":"product_cat-illustres-modernes-editions-originales-signees-numerotees","10":"product_cat-histoires-et-recits-de-voyage","11":"product_cat-regionalia-divers","12":"product_cat-revues","13":"sales-flash-overlay","14":"woocommerce-text-align-center","15":"woocommerce-image-align-center","16":"wc-has-gallery","18":"first","19":"instock","20":"taxable","21":"shipping-taxable","22":"purchasable","23":"product-type-simple"},"aioseo_notices":[],"_links":{"self":[{"href":"https:\/\/www.livresentre2actions.fr\/fr_fr\/wp-json\/wp\/v2\/product\/19057","targetHints":{"allow":["GET"]}}],"collection":[{"href":"https:\/\/www.livresentre2actions.fr\/fr_fr\/wp-json\/wp\/v2\/product"}],"about":[{"href":"https:\/\/www.livresentre2actions.fr\/fr_fr\/wp-json\/wp\/v2\/types\/product"}],"wp:featuredmedia":[{"embeddable":true,"href":"https:\/\/www.livresentre2actions.fr\/fr_fr\/wp-json\/wp\/v2\/media\/19058"}],"wp:attachment":[{"href":"https:\/\/www.livresentre2actions.fr\/fr_fr\/wp-json\/wp\/v2\/media?parent=19057"}],"wp:term":[{"taxonomy":"product_brand","embeddable":true,"href":"https:\/\/www.livresentre2actions.fr\/fr_fr\/wp-json\/wp\/v2\/product_brand?post=19057"},{"taxonomy":"product_cat","embeddable":true,"href":"https:\/\/www.livresentre2actions.fr\/fr_fr\/wp-json\/wp\/v2\/product_cat?post=19057"},{"taxonomy":"product_tag","embeddable":true,"href":"https:\/\/www.livresentre2actions.fr\/fr_fr\/wp-json\/wp\/v2\/product_tag?post=19057"}],"curies":[{"name":"wp","href":"https:\/\/api.w.org\/{rel}","templated":true}]}}