{"id":19049,"date":"2026-03-07T17:02:32","date_gmt":"2026-03-07T16:02:32","guid":{"rendered":"https:\/\/www.livresentre2actions.fr\/?post_type=product&#038;p=19049"},"modified":"2026-03-07T17:02:33","modified_gmt":"2026-03-07T16:02:33","slug":"nounouche-fait-le-tour-du-monde-lamerique","status":"publish","type":"product","link":"https:\/\/www.livresentre2actions.fr\/fr_fr\/produit\/nounouche-fait-le-tour-du-monde-lamerique\/","title":{"rendered":"Nounouche fait le tour du monde &#8211; L&rsquo;Am\u00e9rique"},"content":{"rendered":"<p>Durst &#8211; Brioch\u00e9 cartonn\u00e9 double agrafe, 288 x 203, 32p. sans date. Int\u00e9rieur insol\u00e9 mais propre et int\u00e8gre. Couvertures insol\u00e9es et frott\u00e9s avec rousseurs l\u00e9g\u00e8res, un manque en coin de t\u00eate, et un autre petit manque en en pied de quatri\u00e8me de couverture ; couvertures qui se d\u00e9tachent.<\/p>\n","protected":false},"excerpt":{"rendered":"<p>Durst &#8211; Brioch\u00e9 cartonn\u00e9 double agrafe, 288 x 203, 32p. sans date. Int\u00e9rieur insol\u00e9 mais propre et int\u00e8gre. Couvertures insol\u00e9es et frott\u00e9s avec rousseurs l\u00e9g\u00e8res, un manque en coin de t\u00eate, et un autre petit manque en en pied de quatri\u00e8me de couverture ; couvertures qui se d\u00e9tachent.<\/p>\n","protected":false},"featured_media":19050,"template":"","meta":{"_eb_attr":""},"product_brand":[],"product_cat":[37,78,71],"product_tag":[],"class_list":{"0":"post-19049","1":"product","2":"type-product","3":"status-publish","4":"has-post-thumbnail","6":"product_cat-a-partir-du-xxeme-siecle","7":"product_cat-enfantina","8":"product_cat-illustres-modernes-editions-originales-signees-numerotees","9":"sales-flash-overlay","10":"woocommerce-text-align-center","11":"woocommerce-image-align-center","12":"wc-has-gallery","14":"first","15":"instock","16":"taxable","17":"shipping-taxable","18":"purchasable","19":"product-type-simple"},"aioseo_notices":[],"_links":{"self":[{"href":"https:\/\/www.livresentre2actions.fr\/fr_fr\/wp-json\/wp\/v2\/product\/19049","targetHints":{"allow":["GET"]}}],"collection":[{"href":"https:\/\/www.livresentre2actions.fr\/fr_fr\/wp-json\/wp\/v2\/product"}],"about":[{"href":"https:\/\/www.livresentre2actions.fr\/fr_fr\/wp-json\/wp\/v2\/types\/product"}],"wp:featuredmedia":[{"embeddable":true,"href":"https:\/\/www.livresentre2actions.fr\/fr_fr\/wp-json\/wp\/v2\/media\/19050"}],"wp:attachment":[{"href":"https:\/\/www.livresentre2actions.fr\/fr_fr\/wp-json\/wp\/v2\/media?parent=19049"}],"wp:term":[{"taxonomy":"product_brand","embeddable":true,"href":"https:\/\/www.livresentre2actions.fr\/fr_fr\/wp-json\/wp\/v2\/product_brand?post=19049"},{"taxonomy":"product_cat","embeddable":true,"href":"https:\/\/www.livresentre2actions.fr\/fr_fr\/wp-json\/wp\/v2\/product_cat?post=19049"},{"taxonomy":"product_tag","embeddable":true,"href":"https:\/\/www.livresentre2actions.fr\/fr_fr\/wp-json\/wp\/v2\/product_tag?post=19049"}],"curies":[{"name":"wp","href":"https:\/\/api.w.org\/{rel}","templated":true}]}}