{"id":19042,"date":"2026-03-07T16:58:50","date_gmt":"2026-03-07T15:58:50","guid":{"rendered":"https:\/\/www.livresentre2actions.fr\/?post_type=product&#038;p=19042"},"modified":"2026-03-07T16:58:53","modified_gmt":"2026-03-07T15:58:53","slug":"limagerie-populaire-cambresienne-rene-faille","status":"publish","type":"product","link":"https:\/\/www.livresentre2actions.fr\/fr_fr\/produit\/limagerie-populaire-cambresienne-rene-faille\/","title":{"rendered":"L\u2019imagerie populaire cambr\u00e9sienne, Ren\u00e9 Faille"},"content":{"rendered":"<p>Bulletin du Vieux papier &#8211; Broch\u00e9, 279 x 194, 83p. Avec table. 1962. Avant-propos de Jean Adhemar. Int\u00e9rieur tr\u00e8s bon, propre et int\u00e8gre. Couvertures et dos frott\u00e9s, avec \u00e9pidermure en pied de couverture et dos avec l\u00e9ger \u00e9crasement. Bien ferme.<\/p>\n","protected":false},"excerpt":{"rendered":"<p>Bulletin du Vieux papier &#8211; Broch\u00e9, 279 x 194, 83p. Avec table. 1962. Avant-propos de Jean Adhemar. Int\u00e9rieur tr\u00e8s bon, propre et int\u00e8gre. Couvertures et dos frott\u00e9s, avec \u00e9pidermure en pied de couverture et dos avec l\u00e9ger \u00e9crasement. Bien ferme.<\/p>\n","protected":false},"featured_media":19043,"template":"","meta":{"_eb_attr":""},"product_brand":[],"product_cat":[37,71,81],"product_tag":[],"class_list":{"0":"post-19042","1":"product","2":"type-product","3":"status-publish","4":"has-post-thumbnail","6":"product_cat-a-partir-du-xxeme-siecle","7":"product_cat-illustres-modernes-editions-originales-signees-numerotees","8":"product_cat-hauts-de-france","9":"sales-flash-overlay","10":"woocommerce-text-align-center","11":"woocommerce-image-align-center","12":"wc-has-gallery","14":"first","15":"instock","16":"taxable","17":"shipping-taxable","18":"purchasable","19":"product-type-simple"},"aioseo_notices":[],"_links":{"self":[{"href":"https:\/\/www.livresentre2actions.fr\/fr_fr\/wp-json\/wp\/v2\/product\/19042","targetHints":{"allow":["GET"]}}],"collection":[{"href":"https:\/\/www.livresentre2actions.fr\/fr_fr\/wp-json\/wp\/v2\/product"}],"about":[{"href":"https:\/\/www.livresentre2actions.fr\/fr_fr\/wp-json\/wp\/v2\/types\/product"}],"wp:featuredmedia":[{"embeddable":true,"href":"https:\/\/www.livresentre2actions.fr\/fr_fr\/wp-json\/wp\/v2\/media\/19043"}],"wp:attachment":[{"href":"https:\/\/www.livresentre2actions.fr\/fr_fr\/wp-json\/wp\/v2\/media?parent=19042"}],"wp:term":[{"taxonomy":"product_brand","embeddable":true,"href":"https:\/\/www.livresentre2actions.fr\/fr_fr\/wp-json\/wp\/v2\/product_brand?post=19042"},{"taxonomy":"product_cat","embeddable":true,"href":"https:\/\/www.livresentre2actions.fr\/fr_fr\/wp-json\/wp\/v2\/product_cat?post=19042"},{"taxonomy":"product_tag","embeddable":true,"href":"https:\/\/www.livresentre2actions.fr\/fr_fr\/wp-json\/wp\/v2\/product_tag?post=19042"}],"curies":[{"name":"wp","href":"https:\/\/api.w.org\/{rel}","templated":true}]}}