{"id":19032,"date":"2026-03-07T16:42:43","date_gmt":"2026-03-07T15:42:43","guid":{"rendered":"https:\/\/www.livresentre2actions.fr\/?post_type=product&#038;p=19032"},"modified":"2026-03-13T16:51:33","modified_gmt":"2026-03-13T15:51:33","slug":"linfini-turbulent-henri-michaux","status":"publish","type":"product","link":"https:\/\/www.livresentre2actions.fr\/fr_fr\/produit\/linfini-turbulent-henri-michaux\/","title":{"rendered":"L\u2019infini turbulent, Henri Michaux"},"content":{"rendered":"<p>Mercure de France &#8211; Broch\u00e9, 235 x 186, 153p.1957. Edition originale num\u00e9rot\u00e9e 531 sur v\u00e9lin blanc (1 des 1500). exemplaire enrichi en page de faux-titre d\u2019un ex-libris manuscrit et dat\u00e9 Bernard Dufour. Int\u00e9rieur propre et int\u00e8gre. Couvertures et dos insol\u00e9s avec rousseurs, petites cornes en coins, mais int\u00e8gres. Bien ferme.<\/p>\n","protected":false},"excerpt":{"rendered":"<p>Mercure de France &#8211; Broch\u00e9, 235 x 186, 153p.1957. Edition originale num\u00e9rot\u00e9e 531 sur v\u00e9lin blanc (1 des 1500). exemplaire enrichi en page de faux-titre d\u2019un ex-libris manuscrit et dat\u00e9 Bernard Dufour. Int\u00e9rieur propre et int\u00e8gre. Couvertures et dos insol\u00e9s avec rousseurs, petites cornes en coins, mais int\u00e8gres. Bien ferme.<\/p>\n","protected":false},"featured_media":0,"template":"","meta":{"_eb_attr":""},"product_brand":[],"product_cat":[37,71,81,76],"product_tag":[94],"class_list":{"0":"post-19032","1":"product","2":"type-product","3":"status-publish","5":"product_cat-a-partir-du-xxeme-siecle","6":"product_cat-illustres-modernes-editions-originales-signees-numerotees","7":"product_cat-hauts-de-france","8":"product_cat-poesie-theatre-prose","9":"product_tag-provenance","10":"sales-flash-overlay","11":"woocommerce-text-align-center","12":"woocommerce-image-align-center","14":"first","15":"outofstock","16":"taxable","17":"shipping-taxable","18":"purchasable","19":"product-type-simple"},"aioseo_notices":[],"_links":{"self":[{"href":"https:\/\/www.livresentre2actions.fr\/fr_fr\/wp-json\/wp\/v2\/product\/19032","targetHints":{"allow":["GET"]}}],"collection":[{"href":"https:\/\/www.livresentre2actions.fr\/fr_fr\/wp-json\/wp\/v2\/product"}],"about":[{"href":"https:\/\/www.livresentre2actions.fr\/fr_fr\/wp-json\/wp\/v2\/types\/product"}],"wp:attachment":[{"href":"https:\/\/www.livresentre2actions.fr\/fr_fr\/wp-json\/wp\/v2\/media?parent=19032"}],"wp:term":[{"taxonomy":"product_brand","embeddable":true,"href":"https:\/\/www.livresentre2actions.fr\/fr_fr\/wp-json\/wp\/v2\/product_brand?post=19032"},{"taxonomy":"product_cat","embeddable":true,"href":"https:\/\/www.livresentre2actions.fr\/fr_fr\/wp-json\/wp\/v2\/product_cat?post=19032"},{"taxonomy":"product_tag","embeddable":true,"href":"https:\/\/www.livresentre2actions.fr\/fr_fr\/wp-json\/wp\/v2\/product_tag?post=19032"}],"curies":[{"name":"wp","href":"https:\/\/api.w.org\/{rel}","templated":true}]}}