{"id":19006,"date":"2026-03-07T16:21:55","date_gmt":"2026-03-07T15:21:55","guid":{"rendered":"https:\/\/www.livresentre2actions.fr\/?post_type=product&#038;p=19006"},"modified":"2026-03-07T16:22:23","modified_gmt":"2026-03-07T15:22:23","slug":"histoire-de-lantique-confrerie-des-charitables-de-saint-eloi-de-bethune-fondee-en-lan-1188","status":"publish","type":"product","link":"https:\/\/www.livresentre2actions.fr\/fr_fr\/produit\/histoire-de-lantique-confrerie-des-charitables-de-saint-eloi-de-bethune-fondee-en-lan-1188\/","title":{"rendered":"Histoire de l\u2019Antique Confr\u00e9rie des Charitables de Saint-Eloi de B\u00e9thune, fond\u00e9e en l\u2019an 1188"},"content":{"rendered":"<p>Abb\u00e9 EI. Guilbert &#8211; Imp. C.Basin<\/p>\n<p>Broch\u00e9, 248 x 180, 530 pages avec table des mati\u00e8res, suivi de la table des po\u00e9sies et chansons contenues dans le 3\u00e8me chapitre (III\u00e8 partie) et de la table des gravures et illustrations. 1933. Premi\u00e8re \u00e9dition. 30 gravures noir et blanc, pr\u00e9fac\u00e9 et d\u00e9dicac\u00e9 par Monsieur Victor Daquin-Prou. Bien complet de ses illustration. Exemplaire avec rousseurs\u00a0; couvertures gris\u00e9es avec taches et petites d\u00e9chirures sans manque. Exemplaire bien ferme.<\/p>\n","protected":false},"excerpt":{"rendered":"<p>Abb\u00e9 EI. Guilbert &#8211; Imp. C.Basin Broch\u00e9, 248 x 180, 530 pages avec table des mati\u00e8res, suivi de la table des po\u00e9sies et chansons contenues dans le 3\u00e8me chapitre (III\u00e8 partie) et de la table des gravures et illustrations. 1933. Premi\u00e8re \u00e9dition. 30 gravures noir et blanc, pr\u00e9fac\u00e9 et d\u00e9dicac\u00e9 par Monsieur Victor Daquin-Prou. Bien &#8230; <a title=\"Histoire de l\u2019Antique Confr\u00e9rie des Charitables de Saint-Eloi de B\u00e9thune, fond\u00e9e en l\u2019an 1188\" class=\"read-more\" href=\"https:\/\/www.livresentre2actions.fr\/fr_fr\/produit\/histoire-de-lantique-confrerie-des-charitables-de-saint-eloi-de-bethune-fondee-en-lan-1188\/\" aria-label=\"En savoir plus sur Histoire de l\u2019Antique Confr\u00e9rie des Charitables de Saint-Eloi de B\u00e9thune, fond\u00e9e en l\u2019an 1188\">Lire plus<\/a><\/p>\n","protected":false},"featured_media":19007,"template":"","meta":{"_eb_attr":""},"product_brand":[],"product_cat":[37,71,81,73],"product_tag":[86],"class_list":{"0":"post-19006","1":"product","2":"type-product","3":"status-publish","4":"has-post-thumbnail","6":"product_cat-a-partir-du-xxeme-siecle","7":"product_cat-illustres-modernes-editions-originales-signees-numerotees","8":"product_cat-hauts-de-france","9":"product_cat-histoires-et-recits-de-voyage","10":"product_tag-illustre","11":"sales-flash-overlay","12":"woocommerce-text-align-center","13":"woocommerce-image-align-center","14":"wc-has-gallery","16":"first","17":"instock","18":"taxable","19":"shipping-taxable","20":"purchasable","21":"product-type-simple"},"aioseo_notices":[],"_links":{"self":[{"href":"https:\/\/www.livresentre2actions.fr\/fr_fr\/wp-json\/wp\/v2\/product\/19006","targetHints":{"allow":["GET"]}}],"collection":[{"href":"https:\/\/www.livresentre2actions.fr\/fr_fr\/wp-json\/wp\/v2\/product"}],"about":[{"href":"https:\/\/www.livresentre2actions.fr\/fr_fr\/wp-json\/wp\/v2\/types\/product"}],"wp:featuredmedia":[{"embeddable":true,"href":"https:\/\/www.livresentre2actions.fr\/fr_fr\/wp-json\/wp\/v2\/media\/19007"}],"wp:attachment":[{"href":"https:\/\/www.livresentre2actions.fr\/fr_fr\/wp-json\/wp\/v2\/media?parent=19006"}],"wp:term":[{"taxonomy":"product_brand","embeddable":true,"href":"https:\/\/www.livresentre2actions.fr\/fr_fr\/wp-json\/wp\/v2\/product_brand?post=19006"},{"taxonomy":"product_cat","embeddable":true,"href":"https:\/\/www.livresentre2actions.fr\/fr_fr\/wp-json\/wp\/v2\/product_cat?post=19006"},{"taxonomy":"product_tag","embeddable":true,"href":"https:\/\/www.livresentre2actions.fr\/fr_fr\/wp-json\/wp\/v2\/product_tag?post=19006"}],"curies":[{"name":"wp","href":"https:\/\/api.w.org\/{rel}","templated":true}]}}