{"id":18979,"date":"2026-03-07T15:24:16","date_gmt":"2026-03-07T14:24:16","guid":{"rendered":"https:\/\/www.livresentre2actions.fr\/?post_type=product&#038;p=18979"},"modified":"2026-03-07T15:25:41","modified_gmt":"2026-03-07T14:25:41","slug":"18979","status":"publish","type":"product","link":"https:\/\/www.livresentre2actions.fr\/fr_fr\/produit\/18979\/","title":{"rendered":"\u00a0Chardons nanc\u00e9iens, ou Prodrome d&rsquo;un catalogue des plantes de la Lorraine. 1er fascicule"},"content":{"rendered":"<p>Docteur Hussenot [Louis-Cincinnatus-S\u00e9verin-L\u00e9on\u00a0]<\/p>\n<p>Impr. de Dard (Nancy) &#8211;\u00a0 Plein maroquin vert \u00e0 la \u00ab du Seuil \u00bb, dos \u00e0 cinq nerfs joliment d\u00e9cor\u00e9 fleuronn\u00e9 aux caissons et orn\u00e9 d\u2019une pi\u00e8ce de titre, toutes tranches dor\u00e9es, signet, contreplats orn\u00e9s d\u2019une frise en encadrement, 216 x 142, 213p. Avec tble. 1835. Premi\u00e8re \u00e9dition de cette ouvrage curieux qui fit pol\u00e9mique, l\u2019auteur m\u00e9langeant philosophie, morale et botanique, sans transiger sur la qualit\u00e9 scientifique sur ce dernier point, ce qui en fait un ouvrage de valeur pour les amateurs. Et t\u00e9moignage e la vie intellectuelle et scientifique lorraine de l\u2019\u00e9poque. Un ouvrage curieux et peu courant dans une reliure bien conserv\u00e9e. Int\u00e9rieur propre, avec un ex-libris manuscrit au titre. Dos et plat insol\u00e9s, uniform\u00e9ment pour le dos, en bordures pour les plats.<\/p>\n","protected":false},"excerpt":{"rendered":"<p>Docteur Hussenot [Louis-Cincinnatus-S\u00e9verin-L\u00e9on\u00a0] Impr. de Dard (Nancy) &#8211;\u00a0 Plein maroquin vert \u00e0 la \u00ab du Seuil \u00bb, dos \u00e0 cinq nerfs joliment d\u00e9cor\u00e9 fleuronn\u00e9 aux caissons et orn\u00e9 d\u2019une pi\u00e8ce de titre, toutes tranches dor\u00e9es, signet, contreplats orn\u00e9s d\u2019une frise en encadrement, 216 x 142, 213p. Avec tble. 1835. Premi\u00e8re \u00e9dition de cette ouvrage curieux &#8230; <a title=\"\u00a0Chardons nanc\u00e9iens, ou Prodrome d&rsquo;un catalogue des plantes de la Lorraine. 1er fascicule\" class=\"read-more\" href=\"https:\/\/www.livresentre2actions.fr\/fr_fr\/produit\/18979\/\" aria-label=\"En savoir plus sur \u00a0Chardons nanc\u00e9iens, ou Prodrome d&rsquo;un catalogue des plantes de la Lorraine. 1er fascicule\">Lire plus<\/a><\/p>\n","protected":false},"featured_media":18980,"template":"","meta":{"_eb_attr":""},"product_brand":[],"product_cat":[36,71,70,97],"product_tag":[95],"class_list":{"0":"post-18979","1":"product","2":"type-product","3":"status-publish","4":"has-post-thumbnail","6":"product_cat-entre-le-xviiieme-et-le-xixeme-siecle","7":"product_cat-illustres-modernes-editions-originales-signees-numerotees","8":"product_cat-medecine-et-nature","9":"product_cat-regionalia-divers","10":"product_tag-reliure","11":"sales-flash-overlay","12":"woocommerce-text-align-center","13":"woocommerce-image-align-center","14":"wc-has-gallery","16":"first","17":"instock","18":"taxable","19":"shipping-taxable","20":"purchasable","21":"product-type-simple"},"aioseo_notices":[],"_links":{"self":[{"href":"https:\/\/www.livresentre2actions.fr\/fr_fr\/wp-json\/wp\/v2\/product\/18979","targetHints":{"allow":["GET"]}}],"collection":[{"href":"https:\/\/www.livresentre2actions.fr\/fr_fr\/wp-json\/wp\/v2\/product"}],"about":[{"href":"https:\/\/www.livresentre2actions.fr\/fr_fr\/wp-json\/wp\/v2\/types\/product"}],"wp:featuredmedia":[{"embeddable":true,"href":"https:\/\/www.livresentre2actions.fr\/fr_fr\/wp-json\/wp\/v2\/media\/18980"}],"wp:attachment":[{"href":"https:\/\/www.livresentre2actions.fr\/fr_fr\/wp-json\/wp\/v2\/media?parent=18979"}],"wp:term":[{"taxonomy":"product_brand","embeddable":true,"href":"https:\/\/www.livresentre2actions.fr\/fr_fr\/wp-json\/wp\/v2\/product_brand?post=18979"},{"taxonomy":"product_cat","embeddable":true,"href":"https:\/\/www.livresentre2actions.fr\/fr_fr\/wp-json\/wp\/v2\/product_cat?post=18979"},{"taxonomy":"product_tag","embeddable":true,"href":"https:\/\/www.livresentre2actions.fr\/fr_fr\/wp-json\/wp\/v2\/product_tag?post=18979"}],"curies":[{"name":"wp","href":"https:\/\/api.w.org\/{rel}","templated":true}]}}