{"id":18965,"date":"2026-03-07T11:27:22","date_gmt":"2026-03-07T10:27:22","guid":{"rendered":"https:\/\/www.livresentre2actions.fr\/?post_type=product&#038;p=18965"},"modified":"2026-03-07T11:28:01","modified_gmt":"2026-03-07T10:28:01","slug":"20-novembre-1917-le-triomphe-des-tanks-a-cambrai-bernard-delsert","status":"publish","type":"product","link":"https:\/\/www.livresentre2actions.fr\/fr_fr\/produit\/20-novembre-1917-le-triomphe-des-tanks-a-cambrai-bernard-delsert\/","title":{"rendered":"20 novembre 1917. Le triomphe des tanks \u00e0 Cambrai &#8211; Bernard Delsert"},"content":{"rendered":"<p>La plume du temps &#8211; Broch\u00e9, 297 x 210, 314p. Avec tble. 1999. Avec envoi sign\u00e9 de l\u2019auteur. Tr\u00e8s bon exemplaire, propre, int\u00e8gre, bien ferme.<\/p>\n","protected":false},"excerpt":{"rendered":"<p>La plume du temps &#8211; Broch\u00e9, 297 x 210, 314p. Avec tble. 1999. Avec envoi sign\u00e9 de l\u2019auteur. Tr\u00e8s bon exemplaire, propre, int\u00e8gre, bien ferme.<\/p>\n","protected":false},"featured_media":18966,"template":"","meta":{"_eb_attr":""},"product_brand":[],"product_cat":[37,71,81,73],"product_tag":[86,87],"class_list":{"0":"post-18965","1":"product","2":"type-product","3":"status-publish","4":"has-post-thumbnail","6":"product_cat-a-partir-du-xxeme-siecle","7":"product_cat-illustres-modernes-editions-originales-signees-numerotees","8":"product_cat-hauts-de-france","9":"product_cat-histoires-et-recits-de-voyage","10":"product_tag-illustre","11":"product_tag-signe","12":"sales-flash-overlay","13":"woocommerce-text-align-center","14":"woocommerce-image-align-center","15":"wc-has-gallery","17":"first","18":"instock","19":"taxable","20":"shipping-taxable","21":"purchasable","22":"product-type-simple"},"aioseo_notices":[],"_links":{"self":[{"href":"https:\/\/www.livresentre2actions.fr\/fr_fr\/wp-json\/wp\/v2\/product\/18965","targetHints":{"allow":["GET"]}}],"collection":[{"href":"https:\/\/www.livresentre2actions.fr\/fr_fr\/wp-json\/wp\/v2\/product"}],"about":[{"href":"https:\/\/www.livresentre2actions.fr\/fr_fr\/wp-json\/wp\/v2\/types\/product"}],"wp:featuredmedia":[{"embeddable":true,"href":"https:\/\/www.livresentre2actions.fr\/fr_fr\/wp-json\/wp\/v2\/media\/18966"}],"wp:attachment":[{"href":"https:\/\/www.livresentre2actions.fr\/fr_fr\/wp-json\/wp\/v2\/media?parent=18965"}],"wp:term":[{"taxonomy":"product_brand","embeddable":true,"href":"https:\/\/www.livresentre2actions.fr\/fr_fr\/wp-json\/wp\/v2\/product_brand?post=18965"},{"taxonomy":"product_cat","embeddable":true,"href":"https:\/\/www.livresentre2actions.fr\/fr_fr\/wp-json\/wp\/v2\/product_cat?post=18965"},{"taxonomy":"product_tag","embeddable":true,"href":"https:\/\/www.livresentre2actions.fr\/fr_fr\/wp-json\/wp\/v2\/product_tag?post=18965"}],"curies":[{"name":"wp","href":"https:\/\/api.w.org\/{rel}","templated":true}]}}