{"id":18949,"date":"2026-03-05T18:30:50","date_gmt":"2026-03-05T17:30:50","guid":{"rendered":"https:\/\/www.livresentre2actions.fr\/?post_type=product&#038;p=18949"},"modified":"2026-03-05T18:30:53","modified_gmt":"2026-03-05T17:30:53","slug":"agriculture-du-nord-4-documents-broches-anciens","status":"publish","type":"product","link":"https:\/\/www.livresentre2actions.fr\/fr_fr\/produit\/agriculture-du-nord-4-documents-broches-anciens\/","title":{"rendered":"Agriculture du Nord, 4 documents broch\u00e9s anciens"},"content":{"rendered":"<p>Agriculture du Nord, 4 documents broch\u00e9s. Dont Rapport sur l\u2019\u00e9pid\u00e9mie de pommes de terre, Soci\u00e9t\u00e9 de Valencienne<\/p>\n<p>Prignet \/ Viroux &#8211; 4 documents broch\u00e9s issu de reliure, 207 x 130.<\/p>\n<p>Un document\u00a0: Rapport sur l\u2019\u00e9pid\u00e9mie de pommes de terre, par M. L. Deffaux, ao\u00fbt 1843, 15p. Cachet de la soci\u00e9t\u00e9 en t\u00eate du titre.<\/p>\n<p>Un autre document\u00a0titr\u00e9 \u00c0 monsieur le pr\u00e9fet et \u00e0 messieurs les membres du conseil g\u00e9n\u00e9ral du d\u00e9partement du Nord, 12p. Texte consistant en la requ\u00eate d\u2019une plus \u00e9quitable r\u00e9partition de l\u2019allocation annuelle vers\u00e9e aux diverses soci\u00e9t\u00e9s, selon l\u2019importance de l\u2019arrondissement\u00a0; in fine nombre d\u2019hectares ensemenc\u00e9s, plant\u00e9s, produisant, prairies, etc. Avec le cachet de la soci\u00e9t\u00e9 au titre.<\/p>\n<p>Troisi\u00e8me document\u00a0: Propositions pr\u00e9sent\u00e9es au Conseil g\u00e9n\u00e9ral du d\u00e9partement du Nord par la soci\u00e9t\u00e9 d\u2019agriculture de l\u2019arrondissement d\u2019Avesnes, 1845, 26p. Suivi de 7p. Consistant en l\u2019adresse de cette m\u00eame soci\u00e9t\u00e9 au m\u00eame Conseil g\u00e9n\u00e9ral affirmant que la soci\u00e9t\u00e9 d(Avesnes se joint \u00e0 celle de Valenciennes concernant l\u2019\u00e9quitable r\u00e9partition de l\u2019allocation annuelle attribu\u00e9e aux soci\u00e9t\u00e9s des sept arrondissements. In fine\u00a0: R\u00e8glement de la Soci\u00e9t\u00e9 d\u2019horticulture de Lille adopt\u00e9 le 25\/08\/1845, 4p. Rousseurs l\u00e9g\u00e8res, mais propre.<\/p>\n<p>Quatri\u00e8me et dernier document : Soci\u00e9t\u00e9 d\u2019agriculture d\u2019Avesnes, Compte-rendu de la s\u00e9ance du 8 juillet 1844, et propositions pr\u00e9sent\u00e9es au Conseil g\u00e9n\u00e9ral du d\u00e9partement du Nord, 36p. Non coup\u00e9 (distribution des primes ; travaux ; tableau des membres r\u00e9sidents) ; in fine \u00e0 nouveau l\u2019adresse de cette m\u00eame soci\u00e9t\u00e9 au m\u00eame Conseil g\u00e9n\u00e9ral affirmant que la soci\u00e9t\u00e9 d&rsquo;Avesnes se joint \u00e0 celle de Valenciennes concernant l\u2019\u00e9quitable r\u00e9partition de l\u2019allocation annuelle attribu\u00e9e aux soci\u00e9t\u00e9s des sept arrondissements.<\/p>\n","protected":false},"excerpt":{"rendered":"<p>Agriculture du Nord, 4 documents broch\u00e9s. Dont Rapport sur l\u2019\u00e9pid\u00e9mie de pommes de terre, Soci\u00e9t\u00e9 de Valencienne Prignet \/ Viroux &#8211; 4 documents broch\u00e9s issu de reliure, 207 x 130. Un document\u00a0: Rapport sur l\u2019\u00e9pid\u00e9mie de pommes de terre, par M. L. Deffaux, ao\u00fbt 1843, 15p. Cachet de la soci\u00e9t\u00e9 en t\u00eate du titre. Un &#8230; <a title=\"Agriculture du Nord, 4 documents broch\u00e9s anciens\" class=\"read-more\" href=\"https:\/\/www.livresentre2actions.fr\/fr_fr\/produit\/agriculture-du-nord-4-documents-broches-anciens\/\" aria-label=\"En savoir plus sur Agriculture du Nord, 4 documents broch\u00e9s anciens\">Lire plus<\/a><\/p>\n","protected":false},"featured_media":18950,"template":"","meta":{"_eb_attr":""},"product_brand":[],"product_cat":[36,81,70],"product_tag":[],"class_list":{"0":"post-18949","1":"product","2":"type-product","3":"status-publish","4":"has-post-thumbnail","6":"product_cat-entre-le-xviiieme-et-le-xixeme-siecle","7":"product_cat-hauts-de-france","8":"product_cat-medecine-et-nature","9":"sales-flash-overlay","10":"woocommerce-text-align-center","11":"woocommerce-image-align-center","12":"wc-has-gallery","14":"first","15":"instock","16":"taxable","17":"shipping-taxable","18":"purchasable","19":"product-type-simple"},"aioseo_notices":[],"_links":{"self":[{"href":"https:\/\/www.livresentre2actions.fr\/fr_fr\/wp-json\/wp\/v2\/product\/18949","targetHints":{"allow":["GET"]}}],"collection":[{"href":"https:\/\/www.livresentre2actions.fr\/fr_fr\/wp-json\/wp\/v2\/product"}],"about":[{"href":"https:\/\/www.livresentre2actions.fr\/fr_fr\/wp-json\/wp\/v2\/types\/product"}],"wp:featuredmedia":[{"embeddable":true,"href":"https:\/\/www.livresentre2actions.fr\/fr_fr\/wp-json\/wp\/v2\/media\/18950"}],"wp:attachment":[{"href":"https:\/\/www.livresentre2actions.fr\/fr_fr\/wp-json\/wp\/v2\/media?parent=18949"}],"wp:term":[{"taxonomy":"product_brand","embeddable":true,"href":"https:\/\/www.livresentre2actions.fr\/fr_fr\/wp-json\/wp\/v2\/product_brand?post=18949"},{"taxonomy":"product_cat","embeddable":true,"href":"https:\/\/www.livresentre2actions.fr\/fr_fr\/wp-json\/wp\/v2\/product_cat?post=18949"},{"taxonomy":"product_tag","embeddable":true,"href":"https:\/\/www.livresentre2actions.fr\/fr_fr\/wp-json\/wp\/v2\/product_tag?post=18949"}],"curies":[{"name":"wp","href":"https:\/\/api.w.org\/{rel}","templated":true}]}}