{"id":18918,"date":"2026-03-05T16:40:43","date_gmt":"2026-03-05T15:40:43","guid":{"rendered":"https:\/\/www.livresentre2actions.fr\/?post_type=product&#038;p=18918"},"modified":"2026-03-05T16:41:02","modified_gmt":"2026-03-05T15:41:02","slug":"carte-1805-europe-divided-into-its-empires-kingdoms-states-republics-etc","status":"publish","type":"product","link":"https:\/\/www.livresentre2actions.fr\/fr_fr\/produit\/carte-1805-europe-divided-into-its-empires-kingdoms-states-republics-etc\/","title":{"rendered":"Carte 1805 &#8211; Europe divided into its empires, kingdoms, states, republics etc"},"content":{"rendered":"<p>By Thos. Kitchin, Hydrographer to the King, with many additions and improvements from the latest surveys and observations of Mr. d&rsquo;Anville. London, Published by Laurie &amp; Whittle, No. 53, Fleet Street, 12th May 1805.<\/p>\n<p>Grande carte entoil\u00e9e [linen backed], 1250 x 1050. Colori\u00e9e \u00e0 la main ; 3 pliures avec d\u00e9chirures en marge haute, sinon bon exemplaire. Grande table en marges lat\u00e9rales, drapeaux en marge basse. 2 rabats cartonn\u00e9s d&rsquo;origine marbr\u00e9\/chin\u00e9 vert de protection contre les le temps et l&rsquo;usage [ folding map ou case map, con\u00e7ue pour \u00eatre facilement transport\u00e9e dans une poche.]<\/p>\n<p>La carte d&rsquo;Europe de Laurie &amp; Whittle de 1805 refl\u00e8te les bouleversements politiques majeurs de l&rsquo;\u00e9poque napol\u00e9onienne \u2014 expansion de la France, fronti\u00e8res mouvantes de la Prusse, de l&rsquo;Allemagne, de la Pologne, de l&rsquo;Autriche-Hongrie et de l&rsquo;Italie avant son unification. Les cartes Laurie &amp; Whittle \u00e9taient typiquement vendues entoil\u00e9es<\/p>\n<p>Dimensions cartes repli\u00e9e : 210 x 135.<\/p>\n","protected":false},"excerpt":{"rendered":"<p>By Thos. Kitchin, Hydrographer to the King, with many additions and improvements from the latest surveys and observations of Mr. d&rsquo;Anville. London, Published by Laurie &amp; Whittle, No. 53, Fleet Street, 12th May 1805. Grande carte entoil\u00e9e [linen backed], 1250 x 1050. Colori\u00e9e \u00e0 la main ; 3 pliures avec d\u00e9chirures en marge haute, sinon &#8230; <a title=\"Carte 1805 &#8211; Europe divided into its empires, kingdoms, states, republics etc\" class=\"read-more\" href=\"https:\/\/www.livresentre2actions.fr\/fr_fr\/produit\/carte-1805-europe-divided-into-its-empires-kingdoms-states-republics-etc\/\" aria-label=\"En savoir plus sur Carte 1805 &#8211; Europe divided into its empires, kingdoms, states, republics etc\">Lire plus<\/a><\/p>\n","protected":false},"featured_media":18919,"template":"","meta":{"_eb_attr":""},"product_brand":[],"product_cat":[36,102,71,73],"product_tag":[],"class_list":{"0":"post-18918","1":"product","2":"type-product","3":"status-publish","4":"has-post-thumbnail","6":"product_cat-entre-le-xviiieme-et-le-xixeme-siecle","7":"product_cat-cartes-plans-guides-atlas","8":"product_cat-illustres-modernes-editions-originales-signees-numerotees","9":"product_cat-histoires-et-recits-de-voyage","10":"sales-flash-overlay","11":"woocommerce-text-align-center","12":"woocommerce-image-align-center","13":"wc-has-gallery","15":"first","16":"instock","17":"taxable","18":"shipping-taxable","19":"purchasable","20":"product-type-simple"},"aioseo_notices":[],"_links":{"self":[{"href":"https:\/\/www.livresentre2actions.fr\/fr_fr\/wp-json\/wp\/v2\/product\/18918","targetHints":{"allow":["GET"]}}],"collection":[{"href":"https:\/\/www.livresentre2actions.fr\/fr_fr\/wp-json\/wp\/v2\/product"}],"about":[{"href":"https:\/\/www.livresentre2actions.fr\/fr_fr\/wp-json\/wp\/v2\/types\/product"}],"wp:featuredmedia":[{"embeddable":true,"href":"https:\/\/www.livresentre2actions.fr\/fr_fr\/wp-json\/wp\/v2\/media\/18919"}],"wp:attachment":[{"href":"https:\/\/www.livresentre2actions.fr\/fr_fr\/wp-json\/wp\/v2\/media?parent=18918"}],"wp:term":[{"taxonomy":"product_brand","embeddable":true,"href":"https:\/\/www.livresentre2actions.fr\/fr_fr\/wp-json\/wp\/v2\/product_brand?post=18918"},{"taxonomy":"product_cat","embeddable":true,"href":"https:\/\/www.livresentre2actions.fr\/fr_fr\/wp-json\/wp\/v2\/product_cat?post=18918"},{"taxonomy":"product_tag","embeddable":true,"href":"https:\/\/www.livresentre2actions.fr\/fr_fr\/wp-json\/wp\/v2\/product_tag?post=18918"}],"curies":[{"name":"wp","href":"https:\/\/api.w.org\/{rel}","templated":true}]}}