{"id":18845,"date":"2026-03-04T15:29:56","date_gmt":"2026-03-04T14:29:56","guid":{"rendered":"https:\/\/www.livresentre2actions.fr\/?post_type=product&#038;p=18845"},"modified":"2026-03-04T15:30:55","modified_gmt":"2026-03-04T14:30:55","slug":"recueil-des-opera-des-balets-des-plus-belles-pieces-en-musique-tome-i-seul","status":"publish","type":"product","link":"https:\/\/www.livresentre2actions.fr\/fr_fr\/produit\/recueil-des-opera-des-balets-des-plus-belles-pieces-en-musique-tome-i-seul\/","title":{"rendered":"Recueil des op\u00e9ra, des balets, &#038; des plus belles pi\u00e8ces en musique, Tome I seul"},"content":{"rendered":"<p>Recueil des op\u00e9ra, des balets, &amp; des plus belles pi\u00e8ces en musique, qui ont \u00e9t\u00e9 repr\u00e9sent\u00e9es depuis dix ou douze ans jusques \u00e0 pr\u00e9sent devant Sa Majest\u00e9 Tres-Chr\u00e9\u0301tienne, suivant la copie de Paris. Tome I seul<\/p>\n<p>Jean-Baptiste Lully, Philippe Quinault &#8211; Amsterdam, Chez Abraham Wolfgang<\/p>\n<p>Plein veau, dois \u00e0 cinq nerfs, orn\u00e9 aux caissons, tomaison, pi\u00e8ce de titre manquante, tranches jasp\u00e9es rouges, 157 x 85, 403p. 1699. 7 pi\u00e8ces de J.-B. Lully contenues dans ce volume : Les F\u00eates de l\u2019Amour et de Bacchus ; Psych\u00e9 ; Cadmus et Hermione\u00a0; Alceste ou le triomphe d\u2019Alcide\u00a0: Th\u00e9s\u00e9e\u00a0; Atys ; Isis. Pr\u00e9c\u00e9d\u00e9 d\u2019une pi\u00e8ce\u00a0de Lully non r\u00e9pertori\u00e9e dans le sommaire : La grotte de Versailles [premi\u00e8re collaboration entre le librettiste Quinault et le compositeur]. Comprend : Avertissement, 6p. Puis le texte. Int\u00e9rieur globalement propre. Un ex-libris manuscrit en garde.\u00a0Frottements et \u00e9pidermures \u00e0 la reliure. Epidermures en coiffe et queue, un manque en caisson de t\u00eate, et mors inf\u00e9rieur ouvert en pied bri\u00e8vement. Bon exemplaire d\u2019une \u00e9diteur peu courante.<\/p>\n","protected":false},"excerpt":{"rendered":"<p>Recueil des op\u00e9ra, des balets, &amp; des plus belles pi\u00e8ces en musique, qui ont \u00e9t\u00e9 repr\u00e9sent\u00e9es depuis dix ou douze ans jusques \u00e0 pr\u00e9sent devant Sa Majest\u00e9 Tres-Chr\u00e9\u0301tienne, suivant la copie de Paris. Tome I seul Jean-Baptiste Lully, Philippe Quinault &#8211; Amsterdam, Chez Abraham Wolfgang Plein veau, dois \u00e0 cinq nerfs, orn\u00e9 aux caissons, tomaison, &#8230; <a title=\"Recueil des op\u00e9ra, des balets, &#038; des plus belles pi\u00e8ces en musique, Tome I seul\" class=\"read-more\" href=\"https:\/\/www.livresentre2actions.fr\/fr_fr\/produit\/recueil-des-opera-des-balets-des-plus-belles-pieces-en-musique-tome-i-seul\/\" aria-label=\"En savoir plus sur Recueil des op\u00e9ra, des balets, &#038; des plus belles pi\u00e8ces en musique, Tome I seul\">Lire plus<\/a><\/p>\n","protected":false},"featured_media":18846,"template":"","meta":{"_eb_attr":""},"product_brand":[],"product_cat":[35,36,75,71,76],"product_tag":[],"class_list":{"0":"post-18845","1":"product","2":"type-product","3":"status-publish","4":"has-post-thumbnail","6":"product_cat-jusquau-xviiemesiecle","7":"product_cat-entre-le-xviiieme-et-le-xixeme-siecle","8":"product_cat-art","9":"product_cat-illustres-modernes-editions-originales-signees-numerotees","10":"product_cat-poesie-theatre-prose","11":"sales-flash-overlay","12":"woocommerce-text-align-center","13":"woocommerce-image-align-center","14":"wc-has-gallery","16":"first","17":"instock","18":"taxable","19":"shipping-taxable","20":"purchasable","21":"product-type-simple"},"aioseo_notices":[],"_links":{"self":[{"href":"https:\/\/www.livresentre2actions.fr\/fr_fr\/wp-json\/wp\/v2\/product\/18845","targetHints":{"allow":["GET"]}}],"collection":[{"href":"https:\/\/www.livresentre2actions.fr\/fr_fr\/wp-json\/wp\/v2\/product"}],"about":[{"href":"https:\/\/www.livresentre2actions.fr\/fr_fr\/wp-json\/wp\/v2\/types\/product"}],"wp:featuredmedia":[{"embeddable":true,"href":"https:\/\/www.livresentre2actions.fr\/fr_fr\/wp-json\/wp\/v2\/media\/18846"}],"wp:attachment":[{"href":"https:\/\/www.livresentre2actions.fr\/fr_fr\/wp-json\/wp\/v2\/media?parent=18845"}],"wp:term":[{"taxonomy":"product_brand","embeddable":true,"href":"https:\/\/www.livresentre2actions.fr\/fr_fr\/wp-json\/wp\/v2\/product_brand?post=18845"},{"taxonomy":"product_cat","embeddable":true,"href":"https:\/\/www.livresentre2actions.fr\/fr_fr\/wp-json\/wp\/v2\/product_cat?post=18845"},{"taxonomy":"product_tag","embeddable":true,"href":"https:\/\/www.livresentre2actions.fr\/fr_fr\/wp-json\/wp\/v2\/product_tag?post=18845"}],"curies":[{"name":"wp","href":"https:\/\/api.w.org\/{rel}","templated":true}]}}