{"id":18838,"date":"2026-03-03T18:26:52","date_gmt":"2026-03-03T17:26:52","guid":{"rendered":"https:\/\/www.livresentre2actions.fr\/?post_type=product&#038;p=18838"},"modified":"2026-03-03T18:27:34","modified_gmt":"2026-03-03T17:27:34","slug":"le-centaure-la-bacchante-maurice-de-guerin","status":"publish","type":"product","link":"https:\/\/www.livresentre2actions.fr\/fr_fr\/produit\/le-centaure-la-bacchante-maurice-de-guerin\/","title":{"rendered":"Le centaure. La Bacchante &#8211; Maurice de Gu\u00e9rin"},"content":{"rendered":"<p>Librairie Payot &amp; Cie &#8211; Livre miniature, pleine toile fleurie \u00e9diteur, plat sup\u00e9rieur avec vignette titre, toutes tranches dor\u00e9es, 96 x 70, 92p. Hors table. In fine la collection Biblioth\u00e8que Miniature de l\u2019\u00e9diteur. Sans date. (ca 1925). 2 illustrations en frontispice (collection et titre). Tr\u00e8s bon exemplaire, propre et int\u00e8gre, toile un peu pass\u00e9e.<\/p>\n","protected":false},"excerpt":{"rendered":"<p>Librairie Payot &amp; Cie &#8211; Livre miniature, pleine toile fleurie \u00e9diteur, plat sup\u00e9rieur avec vignette titre, toutes tranches dor\u00e9es, 96 x 70, 92p. Hors table. In fine la collection Biblioth\u00e8que Miniature de l\u2019\u00e9diteur. Sans date. (ca 1925). 2 illustrations en frontispice (collection et titre). Tr\u00e8s bon exemplaire, propre et int\u00e8gre, toile un peu pass\u00e9e.<\/p>\n","protected":false},"featured_media":18839,"template":"","meta":{"_eb_attr":""},"product_brand":[],"product_cat":[37,74,100,76],"product_tag":[],"class_list":{"0":"post-18838","1":"product","2":"type-product","3":"status-publish","4":"has-post-thumbnail","6":"product_cat-a-partir-du-xxeme-siecle","7":"product_cat-collections","8":"product_cat-miniatures-minuscules","9":"product_cat-poesie-theatre-prose","10":"sales-flash-overlay","11":"woocommerce-text-align-center","12":"woocommerce-image-align-center","13":"wc-has-gallery","15":"first","16":"instock","17":"taxable","18":"shipping-taxable","19":"purchasable","20":"product-type-simple"},"aioseo_notices":[],"_links":{"self":[{"href":"https:\/\/www.livresentre2actions.fr\/fr_fr\/wp-json\/wp\/v2\/product\/18838","targetHints":{"allow":["GET"]}}],"collection":[{"href":"https:\/\/www.livresentre2actions.fr\/fr_fr\/wp-json\/wp\/v2\/product"}],"about":[{"href":"https:\/\/www.livresentre2actions.fr\/fr_fr\/wp-json\/wp\/v2\/types\/product"}],"wp:featuredmedia":[{"embeddable":true,"href":"https:\/\/www.livresentre2actions.fr\/fr_fr\/wp-json\/wp\/v2\/media\/18839"}],"wp:attachment":[{"href":"https:\/\/www.livresentre2actions.fr\/fr_fr\/wp-json\/wp\/v2\/media?parent=18838"}],"wp:term":[{"taxonomy":"product_brand","embeddable":true,"href":"https:\/\/www.livresentre2actions.fr\/fr_fr\/wp-json\/wp\/v2\/product_brand?post=18838"},{"taxonomy":"product_cat","embeddable":true,"href":"https:\/\/www.livresentre2actions.fr\/fr_fr\/wp-json\/wp\/v2\/product_cat?post=18838"},{"taxonomy":"product_tag","embeddable":true,"href":"https:\/\/www.livresentre2actions.fr\/fr_fr\/wp-json\/wp\/v2\/product_tag?post=18838"}],"curies":[{"name":"wp","href":"https:\/\/api.w.org\/{rel}","templated":true}]}}