{"id":18820,"date":"2026-03-03T18:10:57","date_gmt":"2026-03-03T17:10:57","guid":{"rendered":"https:\/\/www.livresentre2actions.fr\/?post_type=product&#038;p=18820"},"modified":"2026-03-03T18:30:16","modified_gmt":"2026-03-03T17:30:16","slug":"petits-vers-satiriques-et-burlesques-scarron","status":"publish","type":"product","link":"https:\/\/www.livresentre2actions.fr\/fr_fr\/produit\/petits-vers-satiriques-et-burlesques-scarron\/","title":{"rendered":"Petits vers satiriques et burlesques &#8211; Scarron\u00a0"},"content":{"rendered":"<p>Nelson \u00e9diteurs &#8211; Livre miniature, pleine toile fleurie \u00e9diteur, plat sup\u00e9rieur avec vignette titre, toutes tranches dor\u00e9es, 88 x 60, 115p. Sans date. (ca 1920). Introduction par Alphonse S\u00e9ch\u00e9. Int\u00e9rieur propre et int\u00e8gre. Trace de mouillure en pied et t\u00eate de plats.<\/p>\n","protected":false},"excerpt":{"rendered":"<p>Nelson \u00e9diteurs &#8211; Livre miniature, pleine toile fleurie \u00e9diteur, plat sup\u00e9rieur avec vignette titre, toutes tranches dor\u00e9es, 88 x 60, 115p. Sans date. (ca 1920). Introduction par Alphonse S\u00e9ch\u00e9. Int\u00e9rieur propre et int\u00e8gre. Trace de mouillure en pied et t\u00eate de plats.<\/p>\n","protected":false},"featured_media":18821,"template":"","meta":{"_eb_attr":""},"product_brand":[],"product_cat":[37,74,100,76],"product_tag":[],"class_list":{"0":"post-18820","1":"product","2":"type-product","3":"status-publish","4":"has-post-thumbnail","6":"product_cat-a-partir-du-xxeme-siecle","7":"product_cat-collections","8":"product_cat-miniatures-minuscules","9":"product_cat-poesie-theatre-prose","10":"sales-flash-overlay","11":"woocommerce-text-align-center","12":"woocommerce-image-align-center","13":"wc-has-gallery","15":"first","16":"instock","17":"taxable","18":"shipping-taxable","19":"purchasable","20":"product-type-simple"},"aioseo_notices":[],"_links":{"self":[{"href":"https:\/\/www.livresentre2actions.fr\/fr_fr\/wp-json\/wp\/v2\/product\/18820","targetHints":{"allow":["GET"]}}],"collection":[{"href":"https:\/\/www.livresentre2actions.fr\/fr_fr\/wp-json\/wp\/v2\/product"}],"about":[{"href":"https:\/\/www.livresentre2actions.fr\/fr_fr\/wp-json\/wp\/v2\/types\/product"}],"wp:featuredmedia":[{"embeddable":true,"href":"https:\/\/www.livresentre2actions.fr\/fr_fr\/wp-json\/wp\/v2\/media\/18821"}],"wp:attachment":[{"href":"https:\/\/www.livresentre2actions.fr\/fr_fr\/wp-json\/wp\/v2\/media?parent=18820"}],"wp:term":[{"taxonomy":"product_brand","embeddable":true,"href":"https:\/\/www.livresentre2actions.fr\/fr_fr\/wp-json\/wp\/v2\/product_brand?post=18820"},{"taxonomy":"product_cat","embeddable":true,"href":"https:\/\/www.livresentre2actions.fr\/fr_fr\/wp-json\/wp\/v2\/product_cat?post=18820"},{"taxonomy":"product_tag","embeddable":true,"href":"https:\/\/www.livresentre2actions.fr\/fr_fr\/wp-json\/wp\/v2\/product_tag?post=18820"}],"curies":[{"name":"wp","href":"https:\/\/api.w.org\/{rel}","templated":true}]}}