{"id":18812,"date":"2026-03-03T17:07:01","date_gmt":"2026-03-03T16:07:01","guid":{"rendered":"https:\/\/www.livresentre2actions.fr\/?post_type=product&#038;p=18812"},"modified":"2026-03-03T17:07:48","modified_gmt":"2026-03-03T16:07:48","slug":"le-bandeau-de-lamour-almanach-chantant-contenant-des-anecdotes","status":"publish","type":"product","link":"https:\/\/www.livresentre2actions.fr\/fr_fr\/produit\/le-bandeau-de-lamour-almanach-chantant-contenant-des-anecdotes\/","title":{"rendered":"Le bandeau de l\u2019amour. Almanach chantant contenant des anecdotes"},"content":{"rendered":"<p>\u00c0 Paris, Au Palais Royal &#8211; Sans nom d\u2019auteur &#8211;<\/p>\n<p>Livre miniature, demi-percaline gris-bleu, cartonnage couleur d\u2019attente d\u2019origine conserv\u00e9, \u00e0 dois long titr\u00e9 en t\u00eate, 100 x 61, non pagin\u00e9 [60p.], sans date [1826]. Avec un frontispice : une sc\u00e8ne anim\u00e9e rehauss\u00e9e couleur dans un encadrement noir ; texte dans le m\u00eame encadrement, avec une marge haute un peu courte. Int\u00e9rieur propre et int\u00e8gre. Charni\u00e8re int\u00e9rieure ouverte. Reliure globalement tr\u00e8s bonne, avec rousseurs prononc\u00e9es le long du mors inf\u00e9rieur.<\/p>\n","protected":false},"excerpt":{"rendered":"<p>\u00c0 Paris, Au Palais Royal &#8211; Sans nom d\u2019auteur &#8211; Livre miniature, demi-percaline gris-bleu, cartonnage couleur d\u2019attente d\u2019origine conserv\u00e9, \u00e0 dois long titr\u00e9 en t\u00eate, 100 x 61, non pagin\u00e9 [60p.], sans date [1826]. Avec un frontispice : une sc\u00e8ne anim\u00e9e rehauss\u00e9e couleur dans un encadrement noir ; texte dans le m\u00eame encadrement, avec une &#8230; <a title=\"Le bandeau de l\u2019amour. Almanach chantant contenant des anecdotes\" class=\"read-more\" href=\"https:\/\/www.livresentre2actions.fr\/fr_fr\/produit\/le-bandeau-de-lamour-almanach-chantant-contenant-des-anecdotes\/\" aria-label=\"En savoir plus sur Le bandeau de l\u2019amour. Almanach chantant contenant des anecdotes\">Lire plus<\/a><\/p>\n","protected":false},"featured_media":18813,"template":"","meta":{"_eb_attr":""},"product_brand":[],"product_cat":[36,74,84,71,100,76],"product_tag":[],"class_list":{"0":"post-18812","1":"product","2":"type-product","3":"status-publish","4":"has-post-thumbnail","6":"product_cat-entre-le-xviiieme-et-le-xixeme-siecle","7":"product_cat-collections","8":"product_cat-curiosa","9":"product_cat-illustres-modernes-editions-originales-signees-numerotees","10":"product_cat-miniatures-minuscules","11":"product_cat-poesie-theatre-prose","12":"sales-flash-overlay","13":"woocommerce-text-align-center","14":"woocommerce-image-align-center","15":"wc-has-gallery","17":"first","18":"instock","19":"taxable","20":"shipping-taxable","21":"purchasable","22":"product-type-simple"},"aioseo_notices":[],"_links":{"self":[{"href":"https:\/\/www.livresentre2actions.fr\/fr_fr\/wp-json\/wp\/v2\/product\/18812","targetHints":{"allow":["GET"]}}],"collection":[{"href":"https:\/\/www.livresentre2actions.fr\/fr_fr\/wp-json\/wp\/v2\/product"}],"about":[{"href":"https:\/\/www.livresentre2actions.fr\/fr_fr\/wp-json\/wp\/v2\/types\/product"}],"wp:featuredmedia":[{"embeddable":true,"href":"https:\/\/www.livresentre2actions.fr\/fr_fr\/wp-json\/wp\/v2\/media\/18813"}],"wp:attachment":[{"href":"https:\/\/www.livresentre2actions.fr\/fr_fr\/wp-json\/wp\/v2\/media?parent=18812"}],"wp:term":[{"taxonomy":"product_brand","embeddable":true,"href":"https:\/\/www.livresentre2actions.fr\/fr_fr\/wp-json\/wp\/v2\/product_brand?post=18812"},{"taxonomy":"product_cat","embeddable":true,"href":"https:\/\/www.livresentre2actions.fr\/fr_fr\/wp-json\/wp\/v2\/product_cat?post=18812"},{"taxonomy":"product_tag","embeddable":true,"href":"https:\/\/www.livresentre2actions.fr\/fr_fr\/wp-json\/wp\/v2\/product_tag?post=18812"}],"curies":[{"name":"wp","href":"https:\/\/api.w.org\/{rel}","templated":true}]}}