{"id":18779,"date":"2026-01-10T14:51:58","date_gmt":"2026-01-10T13:51:58","guid":{"rendered":"https:\/\/www.livresentre2actions.fr\/?post_type=product&#038;p=18779"},"modified":"2026-02-10T14:57:26","modified_gmt":"2026-02-10T13:57:26","slug":"18779","status":"publish","type":"product","link":"https:\/\/www.livresentre2actions.fr\/fr_fr\/produit\/18779\/","title":{"rendered":"Deux documents anciens\u00a0: Soci\u00e9t\u00e9 charitable de Saint-Fran\u00e7ois-R\u00e9gis de Lille"},"content":{"rendered":"<p>Deux documents anciens : Soci\u00e9t\u00e9 charitable de Saint-Fran\u00e7ois-R\u00e9gis de Lille pour le mariage civil et religieux des indigents, et pou l\u00e9gitimer les enfants naturels. Compte-rendu pour l\u2019ann\u00e9e 1844.<\/p>\n<p>Sans nom d\u2019auteur &#8211; L. Lefort &#8211;<\/p>\n<p>Brochures issues de reliure, 202 x 128. Comprend\u00a0:Compte-rendu pour l\u2019ann\u00e9e 1844. 4p. Suivi de Compte-rendu des travaux de la soci\u00e9t\u00e9 pendant l\u2019ann\u00e9e 1843, pr\u00e9sent\u00e9 dans la r\u00e9union g\u00e9n\u00e9rale du 9 avril 1844, 20p. Avec une planche d\u00e9pliante in fine\u00a0: \u00ab\u00a0Ville de Lille. Tableaux des mariages civils et religieux, et des naissances l\u00e9gitimes et ill\u00e9gitimes pendant 25 ans, de 1819 \u00e0 1843. Rousseurs mais propre.<\/p>\n","protected":false},"excerpt":{"rendered":"<p>Deux documents anciens : Soci\u00e9t\u00e9 charitable de Saint-Fran\u00e7ois-R\u00e9gis de Lille pour le mariage civil et religieux des indigents, et pou l\u00e9gitimer les enfants naturels. Compte-rendu pour l\u2019ann\u00e9e 1844. Sans nom d\u2019auteur &#8211; L. Lefort &#8211; Brochures issues de reliure, 202 x 128. Comprend\u00a0:Compte-rendu pour l\u2019ann\u00e9e 1844. 4p. Suivi de Compte-rendu des travaux de la soci\u00e9t\u00e9 &#8230; <a title=\"Deux documents anciens\u00a0: Soci\u00e9t\u00e9 charitable de Saint-Fran\u00e7ois-R\u00e9gis de Lille\" class=\"read-more\" href=\"https:\/\/www.livresentre2actions.fr\/fr_fr\/produit\/18779\/\" aria-label=\"En savoir plus sur Deux documents anciens\u00a0: Soci\u00e9t\u00e9 charitable de Saint-Fran\u00e7ois-R\u00e9gis de Lille\">Lire plus<\/a><\/p>\n","protected":false},"featured_media":18780,"template":"","meta":{"_eb_attr":""},"product_brand":[],"product_cat":[36,81,68],"product_tag":[],"class_list":{"0":"post-18779","1":"product","2":"type-product","3":"status-publish","4":"has-post-thumbnail","6":"product_cat-entre-le-xviiieme-et-le-xixeme-siecle","7":"product_cat-hauts-de-france","8":"product_cat-religion-spiritualite","9":"sales-flash-overlay","10":"woocommerce-text-align-center","11":"woocommerce-image-align-center","12":"wc-has-gallery","14":"first","15":"instock","16":"taxable","17":"shipping-taxable","18":"purchasable","19":"product-type-simple"},"aioseo_notices":[],"_links":{"self":[{"href":"https:\/\/www.livresentre2actions.fr\/fr_fr\/wp-json\/wp\/v2\/product\/18779","targetHints":{"allow":["GET"]}}],"collection":[{"href":"https:\/\/www.livresentre2actions.fr\/fr_fr\/wp-json\/wp\/v2\/product"}],"about":[{"href":"https:\/\/www.livresentre2actions.fr\/fr_fr\/wp-json\/wp\/v2\/types\/product"}],"wp:featuredmedia":[{"embeddable":true,"href":"https:\/\/www.livresentre2actions.fr\/fr_fr\/wp-json\/wp\/v2\/media\/18780"}],"wp:attachment":[{"href":"https:\/\/www.livresentre2actions.fr\/fr_fr\/wp-json\/wp\/v2\/media?parent=18779"}],"wp:term":[{"taxonomy":"product_brand","embeddable":true,"href":"https:\/\/www.livresentre2actions.fr\/fr_fr\/wp-json\/wp\/v2\/product_brand?post=18779"},{"taxonomy":"product_cat","embeddable":true,"href":"https:\/\/www.livresentre2actions.fr\/fr_fr\/wp-json\/wp\/v2\/product_cat?post=18779"},{"taxonomy":"product_tag","embeddable":true,"href":"https:\/\/www.livresentre2actions.fr\/fr_fr\/wp-json\/wp\/v2\/product_tag?post=18779"}],"curies":[{"name":"wp","href":"https:\/\/api.w.org\/{rel}","templated":true}]}}