{"id":18721,"date":"2026-01-05T14:39:12","date_gmt":"2026-01-05T13:39:12","guid":{"rendered":"https:\/\/www.livresentre2actions.fr\/?post_type=product&#038;p=18721"},"modified":"2026-02-05T14:40:01","modified_gmt":"2026-02-05T13:40:01","slug":"avant-le-dernier-cantonnement-albert-lecup","status":"publish","type":"product","link":"https:\/\/www.livresentre2actions.fr\/fr_fr\/produit\/avant-le-dernier-cantonnement-albert-lecup\/","title":{"rendered":"Avant le dernier cantonnement &#8211; Albert Lecup"},"content":{"rendered":"<p>Imprimerie centrale de l&rsquo;Artois, Arras &#8211;<\/p>\n<p>Avant le dernier cantonnement. Vive la France ! Broch\u00e9, 240 x 160, 211p. 1974. Tr\u00e8s bon exemplaire, propre, int\u00e8gre, bien ferme, et enrichi d&rsquo;un envoi sign\u00e9 et dat\u00e9 de l&rsquo;auteur<\/p>\n<p>Au cr\u00e9puscule de ma vie, 240 x 158, 104p. 1977. Propre et enrichi d&rsquo;un envoi en page de faux titre.<\/p>\n","protected":false},"excerpt":{"rendered":"<p>Imprimerie centrale de l&rsquo;Artois, Arras &#8211; Avant le dernier cantonnement. Vive la France ! Broch\u00e9, 240 x 160, 211p. 1974. Tr\u00e8s bon exemplaire, propre, int\u00e8gre, bien ferme, et enrichi d&rsquo;un envoi sign\u00e9 et dat\u00e9 de l&rsquo;auteur Au cr\u00e9puscule de ma vie, 240 x 158, 104p. 1977. Propre et enrichi d&rsquo;un envoi en page de faux &#8230; <a title=\"Avant le dernier cantonnement &#8211; Albert Lecup\" class=\"read-more\" href=\"https:\/\/www.livresentre2actions.fr\/fr_fr\/produit\/avant-le-dernier-cantonnement-albert-lecup\/\" aria-label=\"En savoir plus sur Avant le dernier cantonnement &#8211; Albert Lecup\">Lire plus<\/a><\/p>\n","protected":false},"featured_media":18722,"template":"","meta":{"_eb_attr":""},"product_brand":[],"product_cat":[37,71,81,73],"product_tag":[87],"class_list":{"0":"post-18721","1":"product","2":"type-product","3":"status-publish","4":"has-post-thumbnail","6":"product_cat-a-partir-du-xxeme-siecle","7":"product_cat-illustres-modernes-editions-originales-signees-numerotees","8":"product_cat-hauts-de-france","9":"product_cat-histoires-et-recits-de-voyage","10":"product_tag-signe","11":"sales-flash-overlay","12":"woocommerce-text-align-center","13":"woocommerce-image-align-center","14":"wc-has-gallery","16":"first","17":"instock","18":"taxable","19":"shipping-taxable","20":"purchasable","21":"product-type-simple"},"aioseo_notices":[],"_links":{"self":[{"href":"https:\/\/www.livresentre2actions.fr\/fr_fr\/wp-json\/wp\/v2\/product\/18721","targetHints":{"allow":["GET"]}}],"collection":[{"href":"https:\/\/www.livresentre2actions.fr\/fr_fr\/wp-json\/wp\/v2\/product"}],"about":[{"href":"https:\/\/www.livresentre2actions.fr\/fr_fr\/wp-json\/wp\/v2\/types\/product"}],"wp:featuredmedia":[{"embeddable":true,"href":"https:\/\/www.livresentre2actions.fr\/fr_fr\/wp-json\/wp\/v2\/media\/18722"}],"wp:attachment":[{"href":"https:\/\/www.livresentre2actions.fr\/fr_fr\/wp-json\/wp\/v2\/media?parent=18721"}],"wp:term":[{"taxonomy":"product_brand","embeddable":true,"href":"https:\/\/www.livresentre2actions.fr\/fr_fr\/wp-json\/wp\/v2\/product_brand?post=18721"},{"taxonomy":"product_cat","embeddable":true,"href":"https:\/\/www.livresentre2actions.fr\/fr_fr\/wp-json\/wp\/v2\/product_cat?post=18721"},{"taxonomy":"product_tag","embeddable":true,"href":"https:\/\/www.livresentre2actions.fr\/fr_fr\/wp-json\/wp\/v2\/product_tag?post=18721"}],"curies":[{"name":"wp","href":"https:\/\/api.w.org\/{rel}","templated":true}]}}