{"id":18707,"date":"2026-01-05T14:20:53","date_gmt":"2026-01-05T13:20:53","guid":{"rendered":"https:\/\/www.livresentre2actions.fr\/?post_type=product&#038;p=18707"},"modified":"2026-02-05T14:54:36","modified_gmt":"2026-02-05T13:54:36","slug":"guide-pratique-pour-servir-a-lexamen-des-caracteres-physiques-organoleptiques","status":"publish","type":"product","link":"https:\/\/www.livresentre2actions.fr\/fr_fr\/produit\/guide-pratique-pour-servir-a-lexamen-des-caracteres-physiques-organoleptiques\/","title":{"rendered":"Guide pratique pour servir \u00e0 l&rsquo;examen des caract\u00e8res physiques organoleptiques"},"content":{"rendered":"<p>Guide pratique pour servir \u00e0 l&rsquo;examen des caract\u00e8res physiques organoleptiques et chimiques que doivent pr\u00e9senter les pr\u00e9parations pharmaceutiques officinales inscrites au codex ainsi qu\u2019\u00e0 l\u2019essai des m\u00e9dicaments chimiques<\/p>\n<p>P.-H. Lepage et Ch. Patrouillard &#8211; P. Asselin \u00e9diteur<\/p>\n<p>Pleine percaline lie de vin, \u00e0 dos long orn\u00e9 des auteur, titre et \u00e9diteur, plat titr\u00e9 dans un encadrement noir, 195 x 135, 266p. Avec tble. 1876. Rousseurs l\u00e9g\u00e8res et marginales, except\u00e9 en tout d\u00e9but et toute fin de volume plus abondantes. Percaline un peu frott\u00e9e et gris\u00e9e, quelques petites taches, mais bonne et int\u00e8gre.\u00a0Bel exemplaire bien ferme.<\/p>\n","protected":false},"excerpt":{"rendered":"<p>Guide pratique pour servir \u00e0 l&rsquo;examen des caract\u00e8res physiques organoleptiques et chimiques que doivent pr\u00e9senter les pr\u00e9parations pharmaceutiques officinales inscrites au codex ainsi qu\u2019\u00e0 l\u2019essai des m\u00e9dicaments chimiques P.-H. Lepage et Ch. Patrouillard &#8211; P. Asselin \u00e9diteur Pleine percaline lie de vin, \u00e0 dos long orn\u00e9 des auteur, titre et \u00e9diteur, plat titr\u00e9 dans un &#8230; <a title=\"Guide pratique pour servir \u00e0 l&rsquo;examen des caract\u00e8res physiques organoleptiques\" class=\"read-more\" href=\"https:\/\/www.livresentre2actions.fr\/fr_fr\/produit\/guide-pratique-pour-servir-a-lexamen-des-caracteres-physiques-organoleptiques\/\" aria-label=\"En savoir plus sur Guide pratique pour servir \u00e0 l&rsquo;examen des caract\u00e8res physiques organoleptiques\">Lire plus<\/a><\/p>\n","protected":false},"featured_media":18708,"template":"","meta":{"_eb_attr":""},"product_brand":[],"product_cat":[36,69],"product_tag":[],"class_list":{"0":"post-18707","1":"product","2":"type-product","3":"status-publish","4":"has-post-thumbnail","6":"product_cat-entre-le-xviiieme-et-le-xixeme-siecle","7":"product_cat-sciences-et-techniques","8":"sales-flash-overlay","9":"woocommerce-text-align-center","10":"woocommerce-image-align-center","11":"wc-has-gallery","13":"first","14":"instock","15":"taxable","16":"shipping-taxable","17":"purchasable","18":"product-type-simple"},"aioseo_notices":[],"_links":{"self":[{"href":"https:\/\/www.livresentre2actions.fr\/fr_fr\/wp-json\/wp\/v2\/product\/18707","targetHints":{"allow":["GET"]}}],"collection":[{"href":"https:\/\/www.livresentre2actions.fr\/fr_fr\/wp-json\/wp\/v2\/product"}],"about":[{"href":"https:\/\/www.livresentre2actions.fr\/fr_fr\/wp-json\/wp\/v2\/types\/product"}],"wp:featuredmedia":[{"embeddable":true,"href":"https:\/\/www.livresentre2actions.fr\/fr_fr\/wp-json\/wp\/v2\/media\/18708"}],"wp:attachment":[{"href":"https:\/\/www.livresentre2actions.fr\/fr_fr\/wp-json\/wp\/v2\/media?parent=18707"}],"wp:term":[{"taxonomy":"product_brand","embeddable":true,"href":"https:\/\/www.livresentre2actions.fr\/fr_fr\/wp-json\/wp\/v2\/product_brand?post=18707"},{"taxonomy":"product_cat","embeddable":true,"href":"https:\/\/www.livresentre2actions.fr\/fr_fr\/wp-json\/wp\/v2\/product_cat?post=18707"},{"taxonomy":"product_tag","embeddable":true,"href":"https:\/\/www.livresentre2actions.fr\/fr_fr\/wp-json\/wp\/v2\/product_tag?post=18707"}],"curies":[{"name":"wp","href":"https:\/\/api.w.org\/{rel}","templated":true}]}}