{"id":18698,"date":"2026-01-05T14:03:33","date_gmt":"2026-01-05T13:03:33","guid":{"rendered":"https:\/\/www.livresentre2actions.fr\/?post_type=product&#038;p=18698"},"modified":"2026-02-05T14:06:35","modified_gmt":"2026-02-05T13:06:35","slug":"etude-sur-lart-chretien-e-cartier","status":"publish","type":"product","link":"https:\/\/www.livresentre2actions.fr\/fr_fr\/produit\/etude-sur-lart-chretien-e-cartier\/","title":{"rendered":"\u00c9tude sur l\u2019art chr\u00e9tien &#8211; E. Cartier"},"content":{"rendered":"<p>Librairie de Firmin Didot &#8211; Broch\u00e9 \u00e0 dos toil\u00e9 rouge, 292 x 203, 99p. 1875. Premi\u00e8re \u00e9dition, la plus compl\u00e8te comme le pr\u00e9cise l\u2019auteur dans bref propos liminaire. Feuillet blanc, faux-titre, titre, propos liminaire de l\u2019\u00e9tude par l\u2019auteur, suivis de la table, 8p. Puis le texte. Int\u00e9rieur propre, quelques rousseurs en marge, deux ex-libris de biblioth\u00e8que\u00a0: un en garde, et un dans le corps du volume. Quelques frottements en couverture, une \u00ab\u00a0\u00e9tiquette avec code en pied de couverture, ainsi qu\u2019une petite d\u00e9choure sans manque en bordure.<\/p>\n<p>Edition peu courante pour un texte qui avait paru comme appendice du Livre de Louis Veuillot \u00ab J\u00e9sus-Christ \u00bb, mais incompl\u00e8tement car le livre comprenait de nombreuses gravures et avait conduit l\u2019\u00e9diteur \u00e0 r\u00e9duire l\u2019\u00e9tude de E. Cartier. Il est ici donc donn\u00e9 dans son int\u00e9gralit\u00e9.<\/p>\n","protected":false},"excerpt":{"rendered":"<p>Librairie de Firmin Didot &#8211; Broch\u00e9 \u00e0 dos toil\u00e9 rouge, 292 x 203, 99p. 1875. Premi\u00e8re \u00e9dition, la plus compl\u00e8te comme le pr\u00e9cise l\u2019auteur dans bref propos liminaire. Feuillet blanc, faux-titre, titre, propos liminaire de l\u2019\u00e9tude par l\u2019auteur, suivis de la table, 8p. Puis le texte. Int\u00e9rieur propre, quelques rousseurs en marge, deux ex-libris de &#8230; <a title=\"\u00c9tude sur l\u2019art chr\u00e9tien &#8211; E. Cartier\" class=\"read-more\" href=\"https:\/\/www.livresentre2actions.fr\/fr_fr\/produit\/etude-sur-lart-chretien-e-cartier\/\" aria-label=\"En savoir plus sur \u00c9tude sur l\u2019art chr\u00e9tien &#8211; E. Cartier\">Lire plus<\/a><\/p>\n","protected":false},"featured_media":18699,"template":"","meta":{"_eb_attr":""},"product_brand":[],"product_cat":[36,75,71,68],"product_tag":[],"class_list":{"0":"post-18698","1":"product","2":"type-product","3":"status-publish","4":"has-post-thumbnail","6":"product_cat-entre-le-xviiieme-et-le-xixeme-siecle","7":"product_cat-art","8":"product_cat-illustres-modernes-editions-originales-signees-numerotees","9":"product_cat-religion-spiritualite","10":"sales-flash-overlay","11":"woocommerce-text-align-center","12":"woocommerce-image-align-center","13":"wc-has-gallery","15":"first","16":"instock","17":"taxable","18":"shipping-taxable","19":"purchasable","20":"product-type-simple"},"aioseo_notices":[],"_links":{"self":[{"href":"https:\/\/www.livresentre2actions.fr\/fr_fr\/wp-json\/wp\/v2\/product\/18698","targetHints":{"allow":["GET"]}}],"collection":[{"href":"https:\/\/www.livresentre2actions.fr\/fr_fr\/wp-json\/wp\/v2\/product"}],"about":[{"href":"https:\/\/www.livresentre2actions.fr\/fr_fr\/wp-json\/wp\/v2\/types\/product"}],"wp:featuredmedia":[{"embeddable":true,"href":"https:\/\/www.livresentre2actions.fr\/fr_fr\/wp-json\/wp\/v2\/media\/18699"}],"wp:attachment":[{"href":"https:\/\/www.livresentre2actions.fr\/fr_fr\/wp-json\/wp\/v2\/media?parent=18698"}],"wp:term":[{"taxonomy":"product_brand","embeddable":true,"href":"https:\/\/www.livresentre2actions.fr\/fr_fr\/wp-json\/wp\/v2\/product_brand?post=18698"},{"taxonomy":"product_cat","embeddable":true,"href":"https:\/\/www.livresentre2actions.fr\/fr_fr\/wp-json\/wp\/v2\/product_cat?post=18698"},{"taxonomy":"product_tag","embeddable":true,"href":"https:\/\/www.livresentre2actions.fr\/fr_fr\/wp-json\/wp\/v2\/product_tag?post=18698"}],"curies":[{"name":"wp","href":"https:\/\/api.w.org\/{rel}","templated":true}]}}