{"id":18686,"date":"2026-01-04T16:28:45","date_gmt":"2026-01-04T15:28:45","guid":{"rendered":"https:\/\/www.livresentre2actions.fr\/?post_type=product&#038;p=18686"},"modified":"2026-02-04T16:30:00","modified_gmt":"2026-02-04T15:30:00","slug":"instruction-pastorale-de-monseigneur-leveque-du-puy","status":"publish","type":"product","link":"https:\/\/www.livresentre2actions.fr\/fr_fr\/produit\/instruction-pastorale-de-monseigneur-leveque-du-puy\/","title":{"rendered":"Instruction pastorale de Monseigneur L&rsquo;\u00c9v\u00eaque du Puy"},"content":{"rendered":"<p>Instruction pastorale de Monseigneur L&rsquo;\u00c9v\u00eaque du Puy, sur la pr\u00e9tendue philosophie des incr\u00e9dules modernes<\/p>\n<p>Jean-Georges Lefranc de Pompignan &#8211; Au Puy, chez Clet. Lyon, chez J. Deville\u00a0; et Paris, chez Chaubert<br \/>\nCartonnage \u00e0 dos long muet, 268 x 205, 300p. 1763. Edition originale. Table et Privil\u00e8ge, v-viij. Except\u00e9 les page de garde, titre, table et derni\u00e8re page avec rousseurs, int\u00e9rieur tr\u00e8s frais. Page de garde, de titre et premi\u00e8re de la table fragilis\u00e9es en pied. Coins et champs frott\u00e9s et \u00e9mouss\u00e9s. Plats frott\u00e9s. Manques au dos. Exemplaire bien ferme<\/p>\n","protected":false},"excerpt":{"rendered":"<p>Instruction pastorale de Monseigneur L&rsquo;\u00c9v\u00eaque du Puy, sur la pr\u00e9tendue philosophie des incr\u00e9dules modernes Jean-Georges Lefranc de Pompignan &#8211; Au Puy, chez Clet. Lyon, chez J. Deville\u00a0; et Paris, chez Chaubert Cartonnage \u00e0 dos long muet, 268 x 205, 300p. 1763. Edition originale. Table et Privil\u00e8ge, v-viij. Except\u00e9 les page de garde, titre, table et &#8230; <a title=\"Instruction pastorale de Monseigneur L&rsquo;\u00c9v\u00eaque du Puy\" class=\"read-more\" href=\"https:\/\/www.livresentre2actions.fr\/fr_fr\/produit\/instruction-pastorale-de-monseigneur-leveque-du-puy\/\" aria-label=\"En savoir plus sur Instruction pastorale de Monseigneur L&rsquo;\u00c9v\u00eaque du Puy\">Lire plus<\/a><\/p>\n","protected":false},"featured_media":18687,"template":"","meta":{"_eb_attr":""},"product_brand":[],"product_cat":[36,71,97,68],"product_tag":[],"class_list":{"0":"post-18686","1":"product","2":"type-product","3":"status-publish","4":"has-post-thumbnail","6":"product_cat-entre-le-xviiieme-et-le-xixeme-siecle","7":"product_cat-illustres-modernes-editions-originales-signees-numerotees","8":"product_cat-regionalia-divers","9":"product_cat-religion-spiritualite","10":"sales-flash-overlay","11":"woocommerce-text-align-center","12":"woocommerce-image-align-center","13":"wc-has-gallery","15":"first","16":"instock","17":"taxable","18":"shipping-taxable","19":"purchasable","20":"product-type-simple"},"aioseo_notices":[],"_links":{"self":[{"href":"https:\/\/www.livresentre2actions.fr\/fr_fr\/wp-json\/wp\/v2\/product\/18686","targetHints":{"allow":["GET"]}}],"collection":[{"href":"https:\/\/www.livresentre2actions.fr\/fr_fr\/wp-json\/wp\/v2\/product"}],"about":[{"href":"https:\/\/www.livresentre2actions.fr\/fr_fr\/wp-json\/wp\/v2\/types\/product"}],"wp:featuredmedia":[{"embeddable":true,"href":"https:\/\/www.livresentre2actions.fr\/fr_fr\/wp-json\/wp\/v2\/media\/18687"}],"wp:attachment":[{"href":"https:\/\/www.livresentre2actions.fr\/fr_fr\/wp-json\/wp\/v2\/media?parent=18686"}],"wp:term":[{"taxonomy":"product_brand","embeddable":true,"href":"https:\/\/www.livresentre2actions.fr\/fr_fr\/wp-json\/wp\/v2\/product_brand?post=18686"},{"taxonomy":"product_cat","embeddable":true,"href":"https:\/\/www.livresentre2actions.fr\/fr_fr\/wp-json\/wp\/v2\/product_cat?post=18686"},{"taxonomy":"product_tag","embeddable":true,"href":"https:\/\/www.livresentre2actions.fr\/fr_fr\/wp-json\/wp\/v2\/product_tag?post=18686"}],"curies":[{"name":"wp","href":"https:\/\/api.w.org\/{rel}","templated":true}]}}