{"id":18663,"date":"2026-01-03T15:10:01","date_gmt":"2026-01-03T14:10:01","guid":{"rendered":"https:\/\/www.livresentre2actions.fr\/?post_type=product&#038;p=18663"},"modified":"2026-03-02T07:46:49","modified_gmt":"2026-03-02T06:46:49","slug":"18663","status":"publish","type":"product","link":"https:\/\/www.livresentre2actions.fr\/fr_fr\/produit\/18663\/","title":{"rendered":"Les aventures de Renard, Isengrin, Tibert et quelques autres"},"content":{"rendered":"<p>Henri Mancardi (Racont\u00e9es Par), Jacques Chaboureau (Ill.)<\/p>\n<p>\u00c9dition Archat &#8211; Cartonnage \u00e9diteur vert, illustr\u00e9 couleur en plat sup\u00e9rieur, titr\u00e9 au dos, 242 x 148, 103p. Paris, Lyon, 1946. Edition originale et unique. Frontispice couleur vert et noir, et 15 illustrations \u00e0 pleine page alternativement noir et vert, rouge et noir. Int\u00e9rieur propre ; des frottements aux couvertures et dos mais bons.<\/p>\n","protected":false},"excerpt":{"rendered":"<p>Henri Mancardi (Racont\u00e9es Par), Jacques Chaboureau (Ill.) \u00c9dition Archat &#8211; Cartonnage \u00e9diteur vert, illustr\u00e9 couleur en plat sup\u00e9rieur, titr\u00e9 au dos, 242 x 148, 103p. Paris, Lyon, 1946. Edition originale et unique. Frontispice couleur vert et noir, et 15 illustrations \u00e0 pleine page alternativement noir et vert, rouge et noir. Int\u00e9rieur propre ; des frottements &#8230; <a title=\"Les aventures de Renard, Isengrin, Tibert et quelques autres\" class=\"read-more\" href=\"https:\/\/www.livresentre2actions.fr\/fr_fr\/produit\/18663\/\" aria-label=\"En savoir plus sur Les aventures de Renard, Isengrin, Tibert et quelques autres\">Lire plus<\/a><\/p>\n","protected":false},"featured_media":0,"template":"","meta":{"_eb_attr":""},"product_brand":[],"product_cat":[37,78],"product_tag":[],"class_list":{"0":"post-18663","1":"product","2":"type-product","3":"status-publish","5":"product_cat-a-partir-du-xxeme-siecle","6":"product_cat-enfantina","7":"sales-flash-overlay","8":"woocommerce-text-align-center","9":"woocommerce-image-align-center","11":"first","12":"outofstock","13":"taxable","14":"shipping-taxable","15":"purchasable","16":"product-type-simple"},"aioseo_notices":[],"_links":{"self":[{"href":"https:\/\/www.livresentre2actions.fr\/fr_fr\/wp-json\/wp\/v2\/product\/18663","targetHints":{"allow":["GET"]}}],"collection":[{"href":"https:\/\/www.livresentre2actions.fr\/fr_fr\/wp-json\/wp\/v2\/product"}],"about":[{"href":"https:\/\/www.livresentre2actions.fr\/fr_fr\/wp-json\/wp\/v2\/types\/product"}],"wp:attachment":[{"href":"https:\/\/www.livresentre2actions.fr\/fr_fr\/wp-json\/wp\/v2\/media?parent=18663"}],"wp:term":[{"taxonomy":"product_brand","embeddable":true,"href":"https:\/\/www.livresentre2actions.fr\/fr_fr\/wp-json\/wp\/v2\/product_brand?post=18663"},{"taxonomy":"product_cat","embeddable":true,"href":"https:\/\/www.livresentre2actions.fr\/fr_fr\/wp-json\/wp\/v2\/product_cat?post=18663"},{"taxonomy":"product_tag","embeddable":true,"href":"https:\/\/www.livresentre2actions.fr\/fr_fr\/wp-json\/wp\/v2\/product_tag?post=18663"}],"curies":[{"name":"wp","href":"https:\/\/api.w.org\/{rel}","templated":true}]}}