{"id":18643,"date":"2026-02-03T14:26:53","date_gmt":"2026-02-03T13:26:53","guid":{"rendered":"https:\/\/www.livresentre2actions.fr\/?post_type=product&#038;p=18643"},"modified":"2026-02-03T14:28:40","modified_gmt":"2026-02-03T13:28:40","slug":"la-croisiere-noire-expedition-citroen-centre-afrique","status":"publish","type":"product","link":"https:\/\/www.livresentre2actions.fr\/fr_fr\/produit\/la-croisiere-noire-expedition-citroen-centre-afrique\/","title":{"rendered":"La croisi\u00e8re noire. Exp\u00e9dition Citro\u00ebn Centre-Afrique"},"content":{"rendered":"<p>George-Marie Haardt et Louis Audouin-Dubreuil<\/p>\n<p>Librairie Plon &#8211; Demi-chagrin chocolat, dos \u00e0 faux-nerfs orn\u00e9 des titre et auteur, plats papier marbr\u00e9, signet rouge, couverture rempli\u00e9e conserv\u00e9e reli\u00e9e en fin de volume, 280 x 255, 1927. Exemplaire non num\u00e9rot\u00e9, de l\u2019\u00e9dition luxe, un des 2000 sur alpha apr\u00e8s les 500 num\u00e9rot\u00e9s sur Madagascar. Avec 84 gravures hors texte, quatre cartes (d\u00e9pliantes dont 3 couleur in fine sur onglet) et 57 compositions d\u00e9coratives. Avanr-propos, I-VII. 261p. Hors tble. Exemplaire avec rousseurs r\u00e9guli\u00e8res, plus souvent en marge, et sur tranches. Coins et champs frott\u00e9s. Reliure en bon \u00e9tat, \u00e9pidermures en coiffe, queue, et nerfs. Bon exemplaire.<\/p>\n","protected":false},"excerpt":{"rendered":"<p>George-Marie Haardt et Louis Audouin-Dubreuil Librairie Plon &#8211; Demi-chagrin chocolat, dos \u00e0 faux-nerfs orn\u00e9 des titre et auteur, plats papier marbr\u00e9, signet rouge, couverture rempli\u00e9e conserv\u00e9e reli\u00e9e en fin de volume, 280 x 255, 1927. Exemplaire non num\u00e9rot\u00e9, de l\u2019\u00e9dition luxe, un des 2000 sur alpha apr\u00e8s les 500 num\u00e9rot\u00e9s sur Madagascar. Avec 84 gravures &#8230; <a title=\"La croisi\u00e8re noire. Exp\u00e9dition Citro\u00ebn Centre-Afrique\" class=\"read-more\" href=\"https:\/\/www.livresentre2actions.fr\/fr_fr\/produit\/la-croisiere-noire-expedition-citroen-centre-afrique\/\" aria-label=\"En savoir plus sur La croisi\u00e8re noire. Exp\u00e9dition Citro\u00ebn Centre-Afrique\">Lire plus<\/a><\/p>\n","protected":false},"featured_media":18644,"template":"","meta":{"_eb_attr":""},"product_brand":[],"product_cat":[37,71,73],"product_tag":[86],"class_list":{"0":"post-18643","1":"product","2":"type-product","3":"status-publish","4":"has-post-thumbnail","6":"product_cat-a-partir-du-xxeme-siecle","7":"product_cat-illustres-modernes-editions-originales-signees-numerotees","8":"product_cat-histoires-et-recits-de-voyage","9":"product_tag-illustre","10":"sales-flash-overlay","11":"woocommerce-text-align-center","12":"woocommerce-image-align-center","13":"wc-has-gallery","15":"first","16":"instock","17":"taxable","18":"shipping-taxable","19":"purchasable","20":"product-type-simple"},"aioseo_notices":[],"_links":{"self":[{"href":"https:\/\/www.livresentre2actions.fr\/fr_fr\/wp-json\/wp\/v2\/product\/18643","targetHints":{"allow":["GET"]}}],"collection":[{"href":"https:\/\/www.livresentre2actions.fr\/fr_fr\/wp-json\/wp\/v2\/product"}],"about":[{"href":"https:\/\/www.livresentre2actions.fr\/fr_fr\/wp-json\/wp\/v2\/types\/product"}],"wp:featuredmedia":[{"embeddable":true,"href":"https:\/\/www.livresentre2actions.fr\/fr_fr\/wp-json\/wp\/v2\/media\/18644"}],"wp:attachment":[{"href":"https:\/\/www.livresentre2actions.fr\/fr_fr\/wp-json\/wp\/v2\/media?parent=18643"}],"wp:term":[{"taxonomy":"product_brand","embeddable":true,"href":"https:\/\/www.livresentre2actions.fr\/fr_fr\/wp-json\/wp\/v2\/product_brand?post=18643"},{"taxonomy":"product_cat","embeddable":true,"href":"https:\/\/www.livresentre2actions.fr\/fr_fr\/wp-json\/wp\/v2\/product_cat?post=18643"},{"taxonomy":"product_tag","embeddable":true,"href":"https:\/\/www.livresentre2actions.fr\/fr_fr\/wp-json\/wp\/v2\/product_tag?post=18643"}],"curies":[{"name":"wp","href":"https:\/\/api.w.org\/{rel}","templated":true}]}}